{"id":12436,"date":"2025-12-16T18:33:48","date_gmt":"2025-12-16T16:33:48","guid":{"rendered":"https:\/\/ursus.ee\/toode\/amber-picobello-12l-2\/"},"modified":"2026-03-27T16:19:52","modified_gmt":"2026-03-27T14:19:52","slug":"amber-picobello-12l-2","status":"publish","type":"product","link":"https:\/\/ursus.ee\/en\/toode\/amber-picobello-12l-2\/","title":{"rendered":"\u00c4mber Picobello 12L"},"content":{"rendered":"<p>Universaalne \u00e4mber, mahutavus 12l,  m\u00f5\u00f5tmed 26x37x24,5cm. Sobib kasutamiseks nii eraldiseisvalt, kuid eriti h\u00e4sti Piccolo ja Picobello p\u00f5randapesijaga. Lihtne t\u00fchjendada t\u00e4nu kahele valamistilale. Veemahu m\u00f5\u00f5tmiseks on \u00e4mbri v\u00e4lisk\u00fcljel ka skaala. Valmistatud tugevast ja vastupidavast kvaliteetsest plastikust. \u00c4mbril on ka mugav ergonoomiline sang kandmiseks.<\/p>\n","protected":false},"excerpt":{"rendered":"<p>Universaalne \u00e4mber, mahutavus 12l, m\u00f5\u00f5tmed 26x37x24,5cm. Sobib kasutamiseks nii eraldiseisvalt, kuid eriti h\u00e4sti Piccolo ja Picobello p\u00f5randapesijaga. Lihtne t\u00fchjendada t\u00e4nu kahele valamistilale. Veemahu m\u00f5\u00f5tmiseks on \u00e4mbri v\u00e4lisk\u00fcljel ka skaala. Valmistatud tugevast ja vastupidavast kvaliteetsest plastikust. \u00c4mbril on ka mugav ergonoomiline sang kandmiseks.<\/p>\n","protected":false},"featured_media":12437,"comment_status":"closed","ping_status":"open","template":"","meta":{"_acf_changed":false},"product_brand":[472],"product_cat":[409,453],"product_tag":[],"class_list":{"0":"post-12436","1":"product","2":"type-product","3":"status-publish","4":"has-post-thumbnail","6":"product_brand-leifheit","7":"product_cat-koristustarvikud","8":"product_cat-porandapuhastus","9":"pa_kogus-1-tk","10":"pa_paritolumaa-tsehhi-vabariik","11":"pa_uhik-tk","13":"first","14":"instock","15":"purchasable","16":"product-type-simple"},"acf":[],"_links":{"self":[{"href":"https:\/\/ursus.ee\/en\/wp-json\/wp\/v2\/product\/12436","targetHints":{"allow":["GET"]}}],"collection":[{"href":"https:\/\/ursus.ee\/en\/wp-json\/wp\/v2\/product"}],"about":[{"href":"https:\/\/ursus.ee\/en\/wp-json\/wp\/v2\/types\/product"}],"replies":[{"embeddable":true,"href":"https:\/\/ursus.ee\/en\/wp-json\/wp\/v2\/comments?post=12436"}],"wp:featuredmedia":[{"embeddable":true,"href":"https:\/\/ursus.ee\/en\/wp-json\/wp\/v2\/media\/12437"}],"wp:attachment":[{"href":"https:\/\/ursus.ee\/en\/wp-json\/wp\/v2\/media?parent=12436"}],"wp:term":[{"taxonomy":"product_brand","embeddable":true,"href":"https:\/\/ursus.ee\/en\/wp-json\/wp\/v2\/product_brand?post=12436"},{"taxonomy":"product_cat","embeddable":true,"href":"https:\/\/ursus.ee\/en\/wp-json\/wp\/v2\/product_cat?post=12436"},{"taxonomy":"product_tag","embeddable":true,"href":"https:\/\/ursus.ee\/en\/wp-json\/wp\/v2\/product_tag?post=12436"}],"curies":[{"name":"wp","href":"https:\/\/api.w.org\/{rel}","templated":true}]}}