{"id":12430,"date":"2025-12-16T18:33:48","date_gmt":"2025-12-16T16:33:48","guid":{"rendered":"https:\/\/ursus.ee\/toode\/soel-combi-classic-mop-ambrile-2\/"},"modified":"2026-03-27T15:54:24","modified_gmt":"2026-03-27T13:54:24","slug":"soel-combi-classic-mop-ambrile-2","status":"publish","type":"product","link":"https:\/\/ursus.ee\/en\/toode\/soel-combi-classic-mop-ambrile-2\/","title":{"rendered":"S\u00f5el Combi Classic Mop \u00e4mbrile"},"content":{"rendered":"<p>Leifheit Combi p\u00f5randapesija \u00e4mbri praktiline \u00fcmar v\u00e4\u00e4namiss\u00f5el muudab p\u00f5randapesu mugavamaks, kuna t\u00e4nu sellele ei ole vaja mopi loputamisel kummardada ega k\u00e4si m\u00e4rjaks teha. S\u00f5el kinnitub \u00e4mbrile lihtsa vaevaga ning fikseerub oma kohale &#8220;klikiga&#8221;. Kasutamiseks aseta mopi otsik s\u00f5elale ja v\u00e4\u00e4na \u00fcleliigne p\u00f5randapesuvesi otsikust v\u00e4lja. Vajadusel korda tegevust.<\/p>\n","protected":false},"excerpt":{"rendered":"<p>Leifheit Combi p\u00f5randapesija \u00e4mbri praktiline \u00fcmar v\u00e4\u00e4namiss\u00f5el muudab p\u00f5randapesu mugavamaks, kuna t\u00e4nu sellele ei ole vaja mopi loputamisel kummardada ega k\u00e4si m\u00e4rjaks teha. S\u00f5el kinnitub \u00e4mbrile lihtsa vaevaga ning fikseerub oma kohale &#8220;klikiga&#8221;. Kasutamiseks aseta mopi otsik s\u00f5elale ja v\u00e4\u00e4na \u00fcleliigne p\u00f5randapesuvesi otsikust v\u00e4lja. Vajadusel korda tegevust.<\/p>\n","protected":false},"featured_media":12431,"comment_status":"closed","ping_status":"closed","template":"","meta":{"_acf_changed":false},"product_brand":[472],"product_cat":[409,453],"product_tag":[],"class_list":{"0":"post-12430","1":"product","2":"type-product","3":"status-publish","4":"has-post-thumbnail","6":"product_brand-leifheit","7":"product_cat-koristustarvikud","8":"product_cat-porandapuhastus","9":"pa_kogus-1-tk","10":"pa_paritolumaa-saksamaa","11":"pa_uhik-tk","13":"first","14":"instock","15":"purchasable","16":"product-type-simple"},"acf":[],"_links":{"self":[{"href":"https:\/\/ursus.ee\/en\/wp-json\/wp\/v2\/product\/12430","targetHints":{"allow":["GET"]}}],"collection":[{"href":"https:\/\/ursus.ee\/en\/wp-json\/wp\/v2\/product"}],"about":[{"href":"https:\/\/ursus.ee\/en\/wp-json\/wp\/v2\/types\/product"}],"replies":[{"embeddable":true,"href":"https:\/\/ursus.ee\/en\/wp-json\/wp\/v2\/comments?post=12430"}],"wp:featuredmedia":[{"embeddable":true,"href":"https:\/\/ursus.ee\/en\/wp-json\/wp\/v2\/media\/12431"}],"wp:attachment":[{"href":"https:\/\/ursus.ee\/en\/wp-json\/wp\/v2\/media?parent=12430"}],"wp:term":[{"taxonomy":"product_brand","embeddable":true,"href":"https:\/\/ursus.ee\/en\/wp-json\/wp\/v2\/product_brand?post=12430"},{"taxonomy":"product_cat","embeddable":true,"href":"https:\/\/ursus.ee\/en\/wp-json\/wp\/v2\/product_cat?post=12430"},{"taxonomy":"product_tag","embeddable":true,"href":"https:\/\/ursus.ee\/en\/wp-json\/wp\/v2\/product_tag?post=12430"}],"curies":[{"name":"wp","href":"https:\/\/api.w.org\/{rel}","templated":true}]}}