{"id":12424,"date":"2025-12-16T18:33:48","date_gmt":"2025-12-16T16:33:48","guid":{"rendered":"https:\/\/ursus.ee\/toode\/porandapesu-komplekt-classic-mop-2\/"},"modified":"2026-03-27T16:19:51","modified_gmt":"2026-03-27T14:19:51","slug":"porandapesu-komplekt-classic-mop-2","status":"publish","type":"product","link":"https:\/\/ursus.ee\/en\/toode\/porandapesu-komplekt-classic-mop-2\/","title":{"rendered":"P\u00f5randapesu komplekt Classic Mop"},"content":{"rendered":"<p>Klassikaline p\u00f5randapesu komplekt sisaldab mopi vart ja otsikut, \u00e4mbrit ja \u00e4mbrile kinnituvat s\u00f5ela. Mopi otsiku viskoosist ribad v\u00f5imaldavad korraga pesta suure pinna ning imavad kogu mustuse \u00fche t\u00f5mbega. Sobib kasutamiseks eriti h\u00e4sti kahhel- ja kivip\u00f5randatel ning treppidel. Viskoosribad pestavad kuni 60\u00b0C juures.<\/p>\n","protected":false},"excerpt":{"rendered":"<p>Klassikaline p\u00f5randapesu komplekt sisaldab mopi vart ja otsikut, \u00e4mbrit ja \u00e4mbrile kinnituvat s\u00f5ela. Mopi otsiku viskoosist ribad v\u00f5imaldavad korraga pesta suure pinna ning imavad kogu mustuse \u00fche t\u00f5mbega. Sobib kasutamiseks eriti h\u00e4sti kahhel- ja kivip\u00f5randatel ning treppidel. Viskoosribad pestavad kuni 60\u00b0C juures.<\/p>\n","protected":false},"featured_media":12425,"comment_status":"closed","ping_status":"open","template":"","meta":{"_acf_changed":false},"product_brand":[472],"product_cat":[409,453],"product_tag":[],"class_list":{"0":"post-12424","1":"product","2":"type-product","3":"status-publish","4":"has-post-thumbnail","6":"product_brand-leifheit","7":"product_cat-koristustarvikud","8":"product_cat-porandapuhastus","9":"pa_kogus-1-kompl","10":"pa_paritolumaa-saksamaa","11":"pa_uhik-kompl","13":"first","14":"instock","15":"purchasable","16":"product-type-simple"},"acf":[],"_links":{"self":[{"href":"https:\/\/ursus.ee\/en\/wp-json\/wp\/v2\/product\/12424","targetHints":{"allow":["GET"]}}],"collection":[{"href":"https:\/\/ursus.ee\/en\/wp-json\/wp\/v2\/product"}],"about":[{"href":"https:\/\/ursus.ee\/en\/wp-json\/wp\/v2\/types\/product"}],"replies":[{"embeddable":true,"href":"https:\/\/ursus.ee\/en\/wp-json\/wp\/v2\/comments?post=12424"}],"wp:featuredmedia":[{"embeddable":true,"href":"https:\/\/ursus.ee\/en\/wp-json\/wp\/v2\/media\/12425"}],"wp:attachment":[{"href":"https:\/\/ursus.ee\/en\/wp-json\/wp\/v2\/media?parent=12424"}],"wp:term":[{"taxonomy":"product_brand","embeddable":true,"href":"https:\/\/ursus.ee\/en\/wp-json\/wp\/v2\/product_brand?post=12424"},{"taxonomy":"product_cat","embeddable":true,"href":"https:\/\/ursus.ee\/en\/wp-json\/wp\/v2\/product_cat?post=12424"},{"taxonomy":"product_tag","embeddable":true,"href":"https:\/\/ursus.ee\/en\/wp-json\/wp\/v2\/product_tag?post=12424"}],"curies":[{"name":"wp","href":"https:\/\/api.w.org\/{rel}","templated":true}]}}