{"id":12421,"date":"2025-12-16T18:33:48","date_gmt":"2025-12-16T16:33:48","guid":{"rendered":"https:\/\/ursus.ee\/toode\/vahetusotsik-power-mop-3in1-2\/"},"modified":"2026-03-27T15:53:47","modified_gmt":"2026-03-27T13:53:47","slug":"vahetusotsik-power-mop-3in1-2","status":"publish","type":"product","link":"https:\/\/ursus.ee\/en\/toode\/vahetusotsik-power-mop-3in1-2\/","title":{"rendered":"Vahetusotsik Power Mop 3in1"},"content":{"rendered":"<p>Mopi ribad on valmistatud 100% mikrofiibrist. V\u00e4ga efektiivne raskete plekkide, mustuse eemaldamiseks p\u00f5randalt, kus \u00fclihea imavusega eriti pikad mopiribad imavad liigse vee ja mustuse kiirelt endasse. Samuti suurep\u00e4rane tolmu ja karvade kokku koguja p\u00f5randalt. Mopiribad on pestavad 60\u00b0C juures.<\/p>\n","protected":false},"excerpt":{"rendered":"<p>Mopi ribad on valmistatud 100% mikrofiibrist. V\u00e4ga efektiivne raskete plekkide, mustuse eemaldamiseks p\u00f5randalt, kus \u00fclihea imavusega eriti pikad mopiribad imavad liigse vee ja mustuse kiirelt endasse. Samuti suurep\u00e4rane tolmu ja karvade kokku koguja p\u00f5randalt. Mopiribad on pestavad 60\u00b0C juures.<\/p>\n","protected":false},"featured_media":12422,"comment_status":"closed","ping_status":"closed","template":"","meta":{"_acf_changed":false},"product_brand":[472],"product_cat":[409,453],"product_tag":[],"class_list":{"0":"post-12421","1":"product","2":"type-product","3":"status-publish","4":"has-post-thumbnail","6":"product_brand-leifheit","7":"product_cat-koristustarvikud","8":"product_cat-porandapuhastus","9":"pa_kogus-1-tk","10":"pa_paritolumaa-saksamaa","11":"pa_uhik-tk","13":"first","14":"instock","15":"purchasable","16":"product-type-simple"},"acf":[],"_links":{"self":[{"href":"https:\/\/ursus.ee\/en\/wp-json\/wp\/v2\/product\/12421","targetHints":{"allow":["GET"]}}],"collection":[{"href":"https:\/\/ursus.ee\/en\/wp-json\/wp\/v2\/product"}],"about":[{"href":"https:\/\/ursus.ee\/en\/wp-json\/wp\/v2\/types\/product"}],"replies":[{"embeddable":true,"href":"https:\/\/ursus.ee\/en\/wp-json\/wp\/v2\/comments?post=12421"}],"wp:featuredmedia":[{"embeddable":true,"href":"https:\/\/ursus.ee\/en\/wp-json\/wp\/v2\/media\/12422"}],"wp:attachment":[{"href":"https:\/\/ursus.ee\/en\/wp-json\/wp\/v2\/media?parent=12421"}],"wp:term":[{"taxonomy":"product_brand","embeddable":true,"href":"https:\/\/ursus.ee\/en\/wp-json\/wp\/v2\/product_brand?post=12421"},{"taxonomy":"product_cat","embeddable":true,"href":"https:\/\/ursus.ee\/en\/wp-json\/wp\/v2\/product_cat?post=12421"},{"taxonomy":"product_tag","embeddable":true,"href":"https:\/\/ursus.ee\/en\/wp-json\/wp\/v2\/product_tag?post=12421"}],"curies":[{"name":"wp","href":"https:\/\/api.w.org\/{rel}","templated":true}]}}