{"id":12417,"date":"2025-12-16T18:33:48","date_gmt":"2025-12-16T16:33:48","guid":{"rendered":"https:\/\/ursus.ee\/toode\/porandapesija-classic-mop-2\/"},"modified":"2026-03-27T16:19:52","modified_gmt":"2026-03-27T14:19:52","slug":"porandapesija-classic-mop-2","status":"publish","type":"product","link":"https:\/\/ursus.ee\/en\/toode\/porandapesija-classic-mop-2\/","title":{"rendered":"P\u00f5randapesija Classic Mop"},"content":{"rendered":"<p>Klassikaline p\u00f5randapesija, mille mopi otsiku v\u00e4ga hea imavusv\u00f5imega viskoosist ribad v\u00f5imaldavad korraga pesta suurt pinda, on suurep\u00e4rase man\u00f6\u00f6verdamisv\u00f5imega, mist\u00f5ttu teeb eriti efektiivselt puhtaks ka raskesti ligip\u00e4\u00e4setavad nurgad ning imavad kogu mustuse \u00fche t\u00f5mbega. Sobib kasutamiseks eriti h\u00e4sti kahhel- ja kivip\u00f5randatel ning treppidel. Vahetatava mopi otsikuga, mille viskoosribad on pestavad kuni 60\u00b0C juures.<\/p>\n","protected":false},"excerpt":{"rendered":"<p>Klassikaline p\u00f5randapesija, mille mopi otsiku v\u00e4ga hea imavusv\u00f5imega viskoosist ribad v\u00f5imaldavad korraga pesta suurt pinda, on suurep\u00e4rase man\u00f6\u00f6verdamisv\u00f5imega, mist\u00f5ttu teeb eriti efektiivselt puhtaks ka raskesti ligip\u00e4\u00e4setavad nurgad ning imavad kogu mustuse \u00fche t\u00f5mbega. Sobib kasutamiseks eriti h\u00e4sti kahhel- ja kivip\u00f5randatel ning treppidel. Vahetatava mopi otsikuga, mille viskoosribad on pestavad kuni 60\u00b0C juures.<\/p>\n","protected":false},"featured_media":12418,"comment_status":"closed","ping_status":"closed","template":"","meta":{"_acf_changed":false},"product_brand":[472],"product_cat":[409,453],"product_tag":[],"class_list":{"0":"post-12417","1":"product","2":"type-product","3":"status-publish","4":"has-post-thumbnail","6":"product_brand-leifheit","7":"product_cat-koristustarvikud","8":"product_cat-porandapuhastus","9":"pa_kogus-1-tk","10":"pa_paritolumaa-saksamaa","11":"pa_uhik-tk","13":"first","14":"instock","15":"purchasable","16":"product-type-simple"},"acf":[],"_links":{"self":[{"href":"https:\/\/ursus.ee\/en\/wp-json\/wp\/v2\/product\/12417","targetHints":{"allow":["GET"]}}],"collection":[{"href":"https:\/\/ursus.ee\/en\/wp-json\/wp\/v2\/product"}],"about":[{"href":"https:\/\/ursus.ee\/en\/wp-json\/wp\/v2\/types\/product"}],"replies":[{"embeddable":true,"href":"https:\/\/ursus.ee\/en\/wp-json\/wp\/v2\/comments?post=12417"}],"wp:featuredmedia":[{"embeddable":true,"href":"https:\/\/ursus.ee\/en\/wp-json\/wp\/v2\/media\/12418"}],"wp:attachment":[{"href":"https:\/\/ursus.ee\/en\/wp-json\/wp\/v2\/media?parent=12417"}],"wp:term":[{"taxonomy":"product_brand","embeddable":true,"href":"https:\/\/ursus.ee\/en\/wp-json\/wp\/v2\/product_brand?post=12417"},{"taxonomy":"product_cat","embeddable":true,"href":"https:\/\/ursus.ee\/en\/wp-json\/wp\/v2\/product_cat?post=12417"},{"taxonomy":"product_tag","embeddable":true,"href":"https:\/\/ursus.ee\/en\/wp-json\/wp\/v2\/product_tag?post=12417"}],"curies":[{"name":"wp","href":"https:\/\/api.w.org\/{rel}","templated":true}]}}