{"id":12412,"date":"2025-12-16T18:31:55","date_gmt":"2025-12-16T16:31:55","guid":{"rendered":"https:\/\/ursus.ee\/toode\/porandapesija-vahetuskate-classic-2\/"},"modified":"2026-03-27T16:19:52","modified_gmt":"2026-03-27T14:19:52","slug":"porandapesija-vahetuskate-classic-2","status":"publish","type":"product","link":"https:\/\/ursus.ee\/en\/toode\/porandapesija-vahetuskate-classic-2\/","title":{"rendered":"P\u00f5randapesija vahetuskate Classic"},"content":{"rendered":"<p>Spetsiaalne vahetuskate Leifheit Classic sarja p\u00f5randapesijale. Classic sari on k\u00f5ige klassikalisem valik p\u00f5randate p\u00f5hjalikuks puhastamiseks. Sobilik kasutamiseks nii puit- kui ka kivip\u00f5randatel ning muudel materjalidel. Selle otsiku mikrokiudkattel on suurep\u00e4rased mustuse ja pesuvee imavuse omadused, mis muudavad koristamise lihtsamaks ja tagavas suurep\u00e4rase puhtuse. Classic p\u00f5randapesijat on \u00e4\u00e4rmiselt lihtne kasutada ning 42 cm laiune p\u00fchkimisulatus muudab selle ideaalseks abimeheks suuremate p\u00f5randapindade puhastamisel. Vahetuskate on eemaldatav \u00fche kiire jalaliigutusega ning puudub vajadus kummardamiseks. P\u00f5randapesuotsik on masinpestav 60\u00b0C juures ning see ei kaota oma h\u00e4id pesuomadusi ka korduval pesul. Pesemisel mitte kasutada pesuloputusvahendit. Soovitame vahetuskate l\u00e4bi pesta ka enne esimest pesukorda, et anda sellele paremad imavuse- ja puhastusomadused.<\/p>\n","protected":false},"excerpt":{"rendered":"<p>Spetsiaalne vahetuskate Leifheit Classic sarja p\u00f5randapesijale. Classic sari on k\u00f5ige klassikalisem valik p\u00f5randate p\u00f5hjalikuks puhastamiseks. Sobilik kasutamiseks nii puit- kui ka kivip\u00f5randatel ning muudel materjalidel. Selle otsiku mikrokiudkattel on suurep\u00e4rased mustuse ja pesuvee imavuse omadused, mis muudavad koristamise lihtsamaks ja tagavas suurep\u00e4rase puhtuse. Classic p\u00f5randapesijat on \u00e4\u00e4rmiselt lihtne kasutada ning 42 cm laiune p\u00fchkimisulatus muudab<\/p>\n","protected":false},"featured_media":12413,"comment_status":"closed","ping_status":"open","template":"","meta":{"_acf_changed":false},"product_brand":[472],"product_cat":[409,453],"product_tag":[],"class_list":{"0":"post-12412","1":"product","2":"type-product","3":"status-publish","4":"has-post-thumbnail","6":"product_brand-leifheit","7":"product_cat-koristustarvikud","8":"product_cat-porandapuhastus","9":"pa_kogus-1-tk","10":"pa_koostis-100-poluester-mikrofiiber","11":"pa_paritolumaa-tsehhi-vabariik","12":"pa_uhik-tk","14":"first","15":"instock","16":"purchasable","17":"product-type-simple"},"acf":[],"_links":{"self":[{"href":"https:\/\/ursus.ee\/en\/wp-json\/wp\/v2\/product\/12412","targetHints":{"allow":["GET"]}}],"collection":[{"href":"https:\/\/ursus.ee\/en\/wp-json\/wp\/v2\/product"}],"about":[{"href":"https:\/\/ursus.ee\/en\/wp-json\/wp\/v2\/types\/product"}],"replies":[{"embeddable":true,"href":"https:\/\/ursus.ee\/en\/wp-json\/wp\/v2\/comments?post=12412"}],"wp:featuredmedia":[{"embeddable":true,"href":"https:\/\/ursus.ee\/en\/wp-json\/wp\/v2\/media\/12413"}],"wp:attachment":[{"href":"https:\/\/ursus.ee\/en\/wp-json\/wp\/v2\/media?parent=12412"}],"wp:term":[{"taxonomy":"product_brand","embeddable":true,"href":"https:\/\/ursus.ee\/en\/wp-json\/wp\/v2\/product_brand?post=12412"},{"taxonomy":"product_cat","embeddable":true,"href":"https:\/\/ursus.ee\/en\/wp-json\/wp\/v2\/product_cat?post=12412"},{"taxonomy":"product_tag","embeddable":true,"href":"https:\/\/ursus.ee\/en\/wp-json\/wp\/v2\/product_tag?post=12412"}],"curies":[{"name":"wp","href":"https:\/\/api.w.org\/{rel}","templated":true}]}}