{"id":12404,"date":"2025-12-16T18:31:55","date_gmt":"2025-12-16T16:31:55","guid":{"rendered":"https:\/\/ursus.ee\/toode\/porandapesija-easy-spray-2\/"},"modified":"2026-03-27T15:51:49","modified_gmt":"2026-03-27T13:51:49","slug":"porandapesija-easy-spray-2","status":"publish","type":"product","link":"https:\/\/ursus.ee\/en\/toode\/porandapesija-easy-spray-2\/","title":{"rendered":"P\u00f5randapesija Easy Spray"},"content":{"rendered":"<p>Ideaalne abiline kiireks p\u00f5randa puhastamiseks! Suurep\u00e4rane k\u00e4sitlemismugavus ilma kummardamata, \u00e4mbrisse kastmata. Lihtsalt pihusta ja puhasta! Mopil on 650ml paak, suur 42cm pikkune tald ning spetsiaalne integreeritud pihusti v\u00f5imaldab doseerida t\u00e4pselt Teie jaoks vajalikku puhastusvedeliku kogust. Sobib kasutamiseks nii vee kui k\u00f5ikide teiste p\u00f5randapesuks m\u00f5eldud puhatusvedelikega ja sobib k\u00f5ikidele p\u00f5randat\u00fc\u00fcpidele. Paindlik 360\u00b0 liikuv pesija v\u00f5imaldab h\u00f5lpsasti pesta ka \u00fcmber tooli- ja lauajalgade. Pesijaga kaasas olev ideaalselt mustust ja vett absorbeeriv mikrokiudkate on pestav 60\u00b0C juures.<\/p>\n","protected":false},"excerpt":{"rendered":"<p>Ideaalne abiline kiireks p\u00f5randa puhastamiseks! Suurep\u00e4rane k\u00e4sitlemismugavus ilma kummardamata, \u00e4mbrisse kastmata. Lihtsalt pihusta ja puhasta! Mopil on 650ml paak, suur 42cm pikkune tald ning spetsiaalne integreeritud pihusti v\u00f5imaldab doseerida t\u00e4pselt Teie jaoks vajalikku puhastusvedeliku kogust. Sobib kasutamiseks nii vee kui k\u00f5ikide teiste p\u00f5randapesuks m\u00f5eldud puhatusvedelikega ja sobib k\u00f5ikidele p\u00f5randat\u00fc\u00fcpidele. Paindlik 360\u00b0 liikuv pesija v\u00f5imaldab h\u00f5lpsasti<\/p>\n","protected":false},"featured_media":12405,"comment_status":"closed","ping_status":"closed","template":"","meta":{"_acf_changed":false},"product_brand":[472],"product_cat":[409,453],"product_tag":[],"class_list":{"0":"post-12404","1":"product","2":"type-product","3":"status-publish","4":"has-post-thumbnail","6":"product_brand-leifheit","7":"product_cat-koristustarvikud","8":"product_cat-porandapuhastus","9":"pa_kogus-1-tk","10":"pa_paritolumaa-saksamaa","11":"pa_uhik-tk","13":"first","14":"instock","15":"purchasable","16":"product-type-simple"},"acf":[],"_links":{"self":[{"href":"https:\/\/ursus.ee\/en\/wp-json\/wp\/v2\/product\/12404","targetHints":{"allow":["GET"]}}],"collection":[{"href":"https:\/\/ursus.ee\/en\/wp-json\/wp\/v2\/product"}],"about":[{"href":"https:\/\/ursus.ee\/en\/wp-json\/wp\/v2\/types\/product"}],"replies":[{"embeddable":true,"href":"https:\/\/ursus.ee\/en\/wp-json\/wp\/v2\/comments?post=12404"}],"wp:featuredmedia":[{"embeddable":true,"href":"https:\/\/ursus.ee\/en\/wp-json\/wp\/v2\/media\/12405"}],"wp:attachment":[{"href":"https:\/\/ursus.ee\/en\/wp-json\/wp\/v2\/media?parent=12404"}],"wp:term":[{"taxonomy":"product_brand","embeddable":true,"href":"https:\/\/ursus.ee\/en\/wp-json\/wp\/v2\/product_brand?post=12404"},{"taxonomy":"product_cat","embeddable":true,"href":"https:\/\/ursus.ee\/en\/wp-json\/wp\/v2\/product_cat?post=12404"},{"taxonomy":"product_tag","embeddable":true,"href":"https:\/\/ursus.ee\/en\/wp-json\/wp\/v2\/product_tag?post=12404"}],"curies":[{"name":"wp","href":"https:\/\/api.w.org\/{rel}","templated":true}]}}