{"id":12401,"date":"2025-12-16T18:31:55","date_gmt":"2025-12-16T16:31:55","guid":{"rendered":"https:\/\/ursus.ee\/toode\/porandapesija-vahetuskate-profi-xl-outdoor-2\/"},"modified":"2026-03-27T15:51:39","modified_gmt":"2026-03-27T13:51:39","slug":"porandapesija-vahetuskate-profi-xl-outdoor-2","status":"publish","type":"product","link":"https:\/\/ursus.ee\/en\/toode\/porandapesija-vahetuskate-profi-xl-outdoor-2\/","title":{"rendered":"P\u00f5randapesija vahetuskate Profi XL outdoor"},"content":{"rendered":"<p>Sobib Profi XL p\u00f5randapesijale. Spetsialist v\u00e4litingimustes: sitkete plastharjaste ribad eemaldavad isegi k\u00f5ige t\u00f5rksama mustuse. Kombineeritud mikrokiudribadega, mis eemaldavad lihtsalt lahti tulnud mustuse. Sobib kasutamiseks terrassil, r\u00f5dul, v\u00e4listrepil ja garaa\u017eis. Spetsiaalsed avaused v\u00f5imaldavad h\u00f5lpsasti kinnitada Leifheit Profi mopi pesija k\u00fclge. Laius 42 cm. Pestav 60\u00b0C juures.<\/p>\n","protected":false},"excerpt":{"rendered":"<p>Sobib Profi XL p\u00f5randapesijale. Spetsialist v\u00e4litingimustes: sitkete plastharjaste ribad eemaldavad isegi k\u00f5ige t\u00f5rksama mustuse. Kombineeritud mikrokiudribadega, mis eemaldavad lihtsalt lahti tulnud mustuse. Sobib kasutamiseks terrassil, r\u00f5dul, v\u00e4listrepil ja garaa\u017eis. Spetsiaalsed avaused v\u00f5imaldavad h\u00f5lpsasti kinnitada Leifheit Profi mopi pesija k\u00fclge. Laius 42 cm. Pestav 60\u00b0C juures.<\/p>\n","protected":false},"featured_media":12402,"comment_status":"closed","ping_status":"closed","template":"","meta":{"_acf_changed":false},"product_brand":[472],"product_cat":[409,453],"product_tag":[],"class_list":{"0":"post-12401","1":"product","2":"type-product","3":"status-publish","4":"has-post-thumbnail","6":"product_brand-leifheit","7":"product_cat-koristustarvikud","8":"product_cat-porandapuhastus","9":"pa_kogus-1-tk","10":"pa_paritolumaa-saksamaa","11":"pa_uhik-tk","13":"first","14":"instock","15":"purchasable","16":"product-type-simple"},"acf":[],"_links":{"self":[{"href":"https:\/\/ursus.ee\/en\/wp-json\/wp\/v2\/product\/12401","targetHints":{"allow":["GET"]}}],"collection":[{"href":"https:\/\/ursus.ee\/en\/wp-json\/wp\/v2\/product"}],"about":[{"href":"https:\/\/ursus.ee\/en\/wp-json\/wp\/v2\/types\/product"}],"replies":[{"embeddable":true,"href":"https:\/\/ursus.ee\/en\/wp-json\/wp\/v2\/comments?post=12401"}],"wp:featuredmedia":[{"embeddable":true,"href":"https:\/\/ursus.ee\/en\/wp-json\/wp\/v2\/media\/12402"}],"wp:attachment":[{"href":"https:\/\/ursus.ee\/en\/wp-json\/wp\/v2\/media?parent=12401"}],"wp:term":[{"taxonomy":"product_brand","embeddable":true,"href":"https:\/\/ursus.ee\/en\/wp-json\/wp\/v2\/product_brand?post=12401"},{"taxonomy":"product_cat","embeddable":true,"href":"https:\/\/ursus.ee\/en\/wp-json\/wp\/v2\/product_cat?post=12401"},{"taxonomy":"product_tag","embeddable":true,"href":"https:\/\/ursus.ee\/en\/wp-json\/wp\/v2\/product_tag?post=12401"}],"curies":[{"name":"wp","href":"https:\/\/api.w.org\/{rel}","templated":true}]}}