{"id":12395,"date":"2025-12-16T18:31:55","date_gmt":"2025-12-16T16:31:55","guid":{"rendered":"https:\/\/ursus.ee\/toode\/porandapesija-vahetuskate-profi-extra-soft-2\/"},"modified":"2026-03-27T15:52:56","modified_gmt":"2026-03-27T13:52:56","slug":"porandapesija-vahetuskate-profi-extra-soft-2","status":"publish","type":"product","link":"https:\/\/ursus.ee\/en\/toode\/porandapesija-vahetuskate-profi-extra-soft-2\/","title":{"rendered":"P\u00f5randapesija vahetuskate Profi Extra Soft"},"content":{"rendered":"<p>Katte spetsiaalsed pol\u00fcesterkiud samaaegselt hooldavad ja puhastavad p\u00f5randat. Sobib \u00f5rnadele p\u00f5randapindadele: parkett-, laminaat-, laudp\u00f5randad, jne. P\u00f5randapesija katte suurus 42 cm. Pol\u00fcesterkiud imavad minimaalselt vett ja on seega spetsiaalselt m\u00f5eldud laudp\u00f5randatele. Masinpesu 60\u00ba C juures, mitte kasutada pesuloputusvahendit.<\/p>\n","protected":false},"excerpt":{"rendered":"<p>Katte spetsiaalsed pol\u00fcesterkiud samaaegselt hooldavad ja puhastavad p\u00f5randat. Sobib \u00f5rnadele p\u00f5randapindadele: parkett-, laminaat-, laudp\u00f5randad, jne. P\u00f5randapesija katte suurus 42 cm. Pol\u00fcesterkiud imavad minimaalselt vett ja on seega spetsiaalselt m\u00f5eldud laudp\u00f5randatele. Masinpesu 60\u00ba C juures, mitte kasutada pesuloputusvahendit.<\/p>\n","protected":false},"featured_media":12396,"comment_status":"closed","ping_status":"open","template":"","meta":{"_acf_changed":false},"product_brand":[472],"product_cat":[409,453],"product_tag":[],"class_list":{"0":"post-12395","1":"product","2":"type-product","3":"status-publish","4":"has-post-thumbnail","6":"product_brand-leifheit","7":"product_cat-koristustarvikud","8":"product_cat-porandapuhastus","9":"pa_kogus-1-tk","10":"pa_paritolumaa-saksamaa","11":"pa_uhik-tk","13":"first","14":"instock","15":"purchasable","16":"product-type-simple"},"acf":[],"_links":{"self":[{"href":"https:\/\/ursus.ee\/en\/wp-json\/wp\/v2\/product\/12395","targetHints":{"allow":["GET"]}}],"collection":[{"href":"https:\/\/ursus.ee\/en\/wp-json\/wp\/v2\/product"}],"about":[{"href":"https:\/\/ursus.ee\/en\/wp-json\/wp\/v2\/types\/product"}],"replies":[{"embeddable":true,"href":"https:\/\/ursus.ee\/en\/wp-json\/wp\/v2\/comments?post=12395"}],"wp:featuredmedia":[{"embeddable":true,"href":"https:\/\/ursus.ee\/en\/wp-json\/wp\/v2\/media\/12396"}],"wp:attachment":[{"href":"https:\/\/ursus.ee\/en\/wp-json\/wp\/v2\/media?parent=12395"}],"wp:term":[{"taxonomy":"product_brand","embeddable":true,"href":"https:\/\/ursus.ee\/en\/wp-json\/wp\/v2\/product_brand?post=12395"},{"taxonomy":"product_cat","embeddable":true,"href":"https:\/\/ursus.ee\/en\/wp-json\/wp\/v2\/product_cat?post=12395"},{"taxonomy":"product_tag","embeddable":true,"href":"https:\/\/ursus.ee\/en\/wp-json\/wp\/v2\/product_tag?post=12395"}],"curies":[{"name":"wp","href":"https:\/\/api.w.org\/{rel}","templated":true}]}}