{"id":12393,"date":"2025-12-16T18:31:55","date_gmt":"2025-12-16T16:31:55","guid":{"rendered":"https:\/\/ursus.ee\/toode\/porandapesija-vahetuskate-profi-cotton-2\/"},"modified":"2026-03-27T15:52:56","modified_gmt":"2026-03-27T13:52:56","slug":"porandapesija-vahetuskate-profi-cotton-2","status":"publish","type":"product","link":"https:\/\/ursus.ee\/en\/toode\/porandapesija-vahetuskate-profi-cotton-2\/","title":{"rendered":"P\u00f5randapesija vahetuskate Profi Cotton"},"content":{"rendered":"<p>T\u00e4iusliku puhtuse ja s\u00e4ra saavutate oma kivi-ja plaatp\u00f5randatel pestes neid Leifheiti eriti tugeva puuvillase ja supra seguga vahetuskattega. Supra kiud eemaldavad mustuse ka s\u00fcgavatest pooridest ning puuvilla kiud imavad samaaegselt musta vee ja lahustunud mustuse endasse. V\u00e4ga hea imavusega. Koostis: 60% pol\u00fcester ja 40% puuvill. Masinpesu 60\u00ba C juures, mitte kasutada pesuloputusvahendit. Enne esimest kasutuskorda tuleks katet pesta, et tagada parimat tooteomadused. Sobib kasutamiseks Leifheit Profi sarja p\u00f5randapesijatel.<\/p>\n","protected":false},"excerpt":{"rendered":"<p>T\u00e4iusliku puhtuse ja s\u00e4ra saavutate oma kivi-ja plaatp\u00f5randatel pestes neid Leifheiti eriti tugeva puuvillase ja supra seguga vahetuskattega. Supra kiud eemaldavad mustuse ka s\u00fcgavatest pooridest ning puuvilla kiud imavad samaaegselt musta vee ja lahustunud mustuse endasse. V\u00e4ga hea imavusega. Koostis: 60% pol\u00fcester ja 40% puuvill. Masinpesu 60\u00ba C juures, mitte kasutada pesuloputusvahendit. Enne esimest kasutuskorda<\/p>\n","protected":false},"featured_media":12394,"comment_status":"closed","ping_status":"open","template":"","meta":{"_acf_changed":false},"product_brand":[472],"product_cat":[409,453],"product_tag":[],"class_list":{"0":"post-12393","1":"product","2":"type-product","3":"status-publish","4":"has-post-thumbnail","6":"product_brand-leifheit","7":"product_cat-koristustarvikud","8":"product_cat-porandapuhastus","9":"pa_kogus-1-tk","10":"pa_paritolumaa-saksamaa","11":"pa_uhik-tk","13":"first","14":"instock","15":"purchasable","16":"product-type-simple"},"acf":[],"_links":{"self":[{"href":"https:\/\/ursus.ee\/en\/wp-json\/wp\/v2\/product\/12393","targetHints":{"allow":["GET"]}}],"collection":[{"href":"https:\/\/ursus.ee\/en\/wp-json\/wp\/v2\/product"}],"about":[{"href":"https:\/\/ursus.ee\/en\/wp-json\/wp\/v2\/types\/product"}],"replies":[{"embeddable":true,"href":"https:\/\/ursus.ee\/en\/wp-json\/wp\/v2\/comments?post=12393"}],"wp:featuredmedia":[{"embeddable":true,"href":"https:\/\/ursus.ee\/en\/wp-json\/wp\/v2\/media\/12394"}],"wp:attachment":[{"href":"https:\/\/ursus.ee\/en\/wp-json\/wp\/v2\/media?parent=12393"}],"wp:term":[{"taxonomy":"product_brand","embeddable":true,"href":"https:\/\/ursus.ee\/en\/wp-json\/wp\/v2\/product_brand?post=12393"},{"taxonomy":"product_cat","embeddable":true,"href":"https:\/\/ursus.ee\/en\/wp-json\/wp\/v2\/product_cat?post=12393"},{"taxonomy":"product_tag","embeddable":true,"href":"https:\/\/ursus.ee\/en\/wp-json\/wp\/v2\/product_tag?post=12393"}],"curies":[{"name":"wp","href":"https:\/\/api.w.org\/{rel}","templated":true}]}}