{"id":12390,"date":"2025-12-16T18:31:55","date_gmt":"2025-12-16T16:31:55","guid":{"rendered":"https:\/\/ursus.ee\/toode\/porandapesija-vahetuskate-profi-microduo-42cm-2\/"},"modified":"2026-03-27T15:52:56","modified_gmt":"2026-03-27T13:52:56","slug":"porandapesija-vahetuskate-profi-microduo-42cm-2","status":"publish","type":"product","link":"https:\/\/ursus.ee\/en\/toode\/porandapesija-vahetuskate-profi-microduo-42cm-2\/","title":{"rendered":"P\u00f5randapesija vahetuskate Profi MicroDuo 42cm"},"content":{"rendered":"<p>Leifheit Profi Micro Duo p\u00f5randapesija vahetuskate on valmistatud spetsiaalsetest kahe erineva tugevusastmega kiududest, mis tagavad eriti suurep\u00e4rase puhtuse. Micro Duo kate on disainitud selliselt, et katte kiud asetsevad kahel eri tasandil, mist\u00f5ttu ulatuvad need ka erinevate pindade vahedesse ning puhastavad mustuse kerge vaevaga. Mikrofiiberkiud imavad mustuse ja pesuvee kiirelt ja efektiivselt. Profi Micro Duo vahetuskate on masinpestav 60\u00b0C juures ning selle head puhastusomadused ei muutu ka korduval pesemisel. Enne esimest kasutuskorda soovitame katet pesta, et tagada paremad tooteomadused. Mitte kasutada pesuloputusvahendit. Micro Duo mikrofiiberkiududest p\u00f5randapesija on sobilik kasutamiseks nii kivip\u00f5randatel kui ka puit- ja laminaatp\u00f5randatel. T\u00e4nu oma 42 cm katte laiusele on Profi p\u00f5randapesija sobilik ka suurte p\u00f5randapindade puhastamiseks, s\u00e4\u00e4stes sellega sinu energiat ja aega. P\u00f5randapesija katte saad eemaldada Profi p\u00f5randapesija k\u00e4epidemelt \u00fche lihtsa jalavajutusega ilma kummardamata (k\u00e4epide ei kuulu komplekti).<\/p>\n","protected":false},"excerpt":{"rendered":"<p>Leifheit Profi Micro Duo p\u00f5randapesija vahetuskate on valmistatud spetsiaalsetest kahe erineva tugevusastmega kiududest, mis tagavad eriti suurep\u00e4rase puhtuse. Micro Duo kate on disainitud selliselt, et katte kiud asetsevad kahel eri tasandil, mist\u00f5ttu ulatuvad need ka erinevate pindade vahedesse ning puhastavad mustuse kerge vaevaga. Mikrofiiberkiud imavad mustuse ja pesuvee kiirelt ja efektiivselt. Profi Micro Duo vahetuskate<\/p>\n","protected":false},"featured_media":12391,"comment_status":"closed","ping_status":"open","template":"","meta":{"_acf_changed":false},"product_brand":[472],"product_cat":[409,453],"product_tag":[],"class_list":{"0":"post-12390","1":"product","2":"type-product","3":"status-publish","4":"has-post-thumbnail","6":"product_brand-leifheit","7":"product_cat-koristustarvikud","8":"product_cat-porandapuhastus","9":"pa_kogus-1-tk","10":"pa_paritolumaa-saksamaa","11":"pa_uhik-tk","13":"first","14":"instock","15":"purchasable","16":"product-type-simple"},"acf":[],"_links":{"self":[{"href":"https:\/\/ursus.ee\/en\/wp-json\/wp\/v2\/product\/12390","targetHints":{"allow":["GET"]}}],"collection":[{"href":"https:\/\/ursus.ee\/en\/wp-json\/wp\/v2\/product"}],"about":[{"href":"https:\/\/ursus.ee\/en\/wp-json\/wp\/v2\/types\/product"}],"replies":[{"embeddable":true,"href":"https:\/\/ursus.ee\/en\/wp-json\/wp\/v2\/comments?post=12390"}],"wp:featuredmedia":[{"embeddable":true,"href":"https:\/\/ursus.ee\/en\/wp-json\/wp\/v2\/media\/12391"}],"wp:attachment":[{"href":"https:\/\/ursus.ee\/en\/wp-json\/wp\/v2\/media?parent=12390"}],"wp:term":[{"taxonomy":"product_brand","embeddable":true,"href":"https:\/\/ursus.ee\/en\/wp-json\/wp\/v2\/product_brand?post=12390"},{"taxonomy":"product_cat","embeddable":true,"href":"https:\/\/ursus.ee\/en\/wp-json\/wp\/v2\/product_cat?post=12390"},{"taxonomy":"product_tag","embeddable":true,"href":"https:\/\/ursus.ee\/en\/wp-json\/wp\/v2\/product_tag?post=12390"}],"curies":[{"name":"wp","href":"https:\/\/api.w.org\/{rel}","templated":true}]}}