{"id":12382,"date":"2025-12-16T18:31:55","date_gmt":"2025-12-16T16:31:55","guid":{"rendered":"https:\/\/ursus.ee\/toode\/porandapesija-profi-xl-karbis-2\/"},"modified":"2026-03-27T15:52:56","modified_gmt":"2026-03-27T13:52:56","slug":"porandapesija-profi-xl-karbis-2","status":"publish","type":"product","link":"https:\/\/ursus.ee\/en\/toode\/porandapesija-profi-xl-karbis-2\/","title":{"rendered":"P\u00f5randapesija Profi XL, karbis"},"content":{"rendered":"<p>Perfektne mustuse kokkukogumise v\u00f5ime t\u00e4nu 2-kiulisele s\u00fcsteemile. Samas on t\u00f5eliselt intensiivse puhastamise v\u00f5imekusega. Sobib kasutamiseks k\u00f5ikidele p\u00f5randat\u00fc\u00fcpidele. 3-osaline 146cm pikkune k\u00f5rgkvaliteetne vars, millel on riputusava ja mittelibisev ots. Pesija otsiku laius on 42 cm ja p\u00f6\u00f6rlemisraadius 360\u00ba . Mugav kasutada- ainult jalavajutusega saab katet eemaldada. Roostevabast terasest raamistik on vastupidav ja t\u00f6\u00f6kindel. Sobib kasutamiseks press\u00e4mbritele Profi Compact, Profi XL (mobile). Masinpesu 40\u00ba C juures, mitte kasutada pesuloputusvahendit. Enne esimest kasutuskorda tuleks vahetuskatet pesta, et tagada suurep\u00e4rased tooteomadused.<\/p>\n","protected":false},"excerpt":{"rendered":"<p>Perfektne mustuse kokkukogumise v\u00f5ime t\u00e4nu 2-kiulisele s\u00fcsteemile. Samas on t\u00f5eliselt intensiivse puhastamise v\u00f5imekusega. Sobib kasutamiseks k\u00f5ikidele p\u00f5randat\u00fc\u00fcpidele. 3-osaline 146cm pikkune k\u00f5rgkvaliteetne vars, millel on riputusava ja mittelibisev ots. Pesija otsiku laius on 42 cm ja p\u00f6\u00f6rlemisraadius 360\u00ba . Mugav kasutada- ainult jalavajutusega saab katet eemaldada. Roostevabast terasest raamistik on vastupidav ja t\u00f6\u00f6kindel. Sobib kasutamiseks press\u00e4mbritele<\/p>\n","protected":false},"featured_media":12383,"comment_status":"closed","ping_status":"open","template":"","meta":{"_acf_changed":false},"product_brand":[472],"product_cat":[409,453],"product_tag":[],"class_list":{"0":"post-12382","1":"product","2":"type-product","3":"status-publish","4":"has-post-thumbnail","6":"product_brand-leifheit","7":"product_cat-koristustarvikud","8":"product_cat-porandapuhastus","9":"pa_kogus-1-tk","10":"pa_paritolumaa-saksamaa","11":"pa_uhik-tk","13":"first","14":"instock","15":"purchasable","16":"product-type-simple"},"acf":[],"_links":{"self":[{"href":"https:\/\/ursus.ee\/en\/wp-json\/wp\/v2\/product\/12382","targetHints":{"allow":["GET"]}}],"collection":[{"href":"https:\/\/ursus.ee\/en\/wp-json\/wp\/v2\/product"}],"about":[{"href":"https:\/\/ursus.ee\/en\/wp-json\/wp\/v2\/types\/product"}],"replies":[{"embeddable":true,"href":"https:\/\/ursus.ee\/en\/wp-json\/wp\/v2\/comments?post=12382"}],"wp:featuredmedia":[{"embeddable":true,"href":"https:\/\/ursus.ee\/en\/wp-json\/wp\/v2\/media\/12383"}],"wp:attachment":[{"href":"https:\/\/ursus.ee\/en\/wp-json\/wp\/v2\/media?parent=12382"}],"wp:term":[{"taxonomy":"product_brand","embeddable":true,"href":"https:\/\/ursus.ee\/en\/wp-json\/wp\/v2\/product_brand?post=12382"},{"taxonomy":"product_cat","embeddable":true,"href":"https:\/\/ursus.ee\/en\/wp-json\/wp\/v2\/product_cat?post=12382"},{"taxonomy":"product_tag","embeddable":true,"href":"https:\/\/ursus.ee\/en\/wp-json\/wp\/v2\/product_tag?post=12382"}],"curies":[{"name":"wp","href":"https:\/\/api.w.org\/{rel}","templated":true}]}}