{"id":12379,"date":"2025-12-16T18:31:55","date_gmt":"2025-12-16T16:31:55","guid":{"rendered":"https:\/\/ursus.ee\/toode\/porandapesija-profi-2\/"},"modified":"2026-03-27T15:52:56","modified_gmt":"2026-03-27T13:52:56","slug":"porandapesija-profi-2","status":"publish","type":"product","link":"https:\/\/ursus.ee\/en\/toode\/porandapesija-profi-2\/","title":{"rendered":"P\u00f5randapesija Profi"},"content":{"rendered":"<p>Profi p\u00f5randapesija koos spetsiaalse Micro Duo 2-faasilise mikrofiiberkattega eemaldab p\u00f5randatelt ka k\u00f5ige jonnakama mustuse mugavalt ja lihtsalt. Micro Duo kate on valmistatud selliselt, et katte spetsiaalsed kiud ulatuvad ka erinevate pindade vahedesse ning puhastavad mustuse kerge vaevaga. P\u00f5randapesija katte saad eemaldada \u00fche lihtsa jalavajutusega ilma kummardamata. T\u00e4nu oma 42 cm katte laiusele on Profi p\u00f5randapesija sobilik ka suurte p\u00f5randapindade puhastamiseks, s\u00e4\u00e4stes sellega sinu energiat ja aega. T\u00e4nu 360\u00b0 kraadi p\u00f6\u00f6rlemisraadiusele on Profi p\u00f5randapesijaga lihtne puhastada ka m\u00f6\u00f6blialust pinda (diivanid ja tugitoolid, kapid, voodid jne) ja liikuda erinevate esemete \u00fcmber (n\u00e4iteks lauajalad, toolid jne.). P\u00f5randapesijal on k\u00f5rgkvaliteetne ja vastupidav alumiiniumvars, millel on riputusava praktiliseks hoiustamiseks. Leifheit Profi sarjast leiate ka Profi press\u00e4mbri, mis v\u00f5imaldab p\u00f5randapesija katet pesta ilma kummardamata ja k\u00e4si m\u00e4rjaks tegemata (ei kuulu komplekti). Kasutamiseks aseta niisutatud p\u00f5randapesija kate uuesti varrele ja j\u00e4tka pesemist. Lisaks p\u00f5randapesija komplektis olevale kattele on v\u00f5imalik juurde soetada ja vahetuskatteid erinevate p\u00f5randapindade jaoks (Micro Duo, Extra Soft, narmaskate, Static Plus). K\u00f5iki vahetuskatteid v\u00f5ib pesta pesumasinas vastavalt tootjapoolsetele juhistele<\/p>\n","protected":false},"excerpt":{"rendered":"<p>Profi p\u00f5randapesija koos spetsiaalse Micro Duo 2-faasilise mikrofiiberkattega eemaldab p\u00f5randatelt ka k\u00f5ige jonnakama mustuse mugavalt ja lihtsalt. Micro Duo kate on valmistatud selliselt, et katte spetsiaalsed kiud ulatuvad ka erinevate pindade vahedesse ning puhastavad mustuse kerge vaevaga. P\u00f5randapesija katte saad eemaldada \u00fche lihtsa jalavajutusega ilma kummardamata. T\u00e4nu oma 42 cm katte laiusele on Profi p\u00f5randapesija<\/p>\n","protected":false},"featured_media":12380,"comment_status":"closed","ping_status":"closed","template":"","meta":{"_acf_changed":false},"product_brand":[472],"product_cat":[409,453],"product_tag":[],"class_list":{"0":"post-12379","1":"product","2":"type-product","3":"status-publish","4":"has-post-thumbnail","6":"product_brand-leifheit","7":"product_cat-koristustarvikud","8":"product_cat-porandapuhastus","9":"pa_kogus-1-tk","10":"pa_paritolumaa-saksamaa","11":"pa_uhik-tk","13":"first","14":"instock","15":"purchasable","16":"product-type-simple"},"acf":[],"_links":{"self":[{"href":"https:\/\/ursus.ee\/en\/wp-json\/wp\/v2\/product\/12379","targetHints":{"allow":["GET"]}}],"collection":[{"href":"https:\/\/ursus.ee\/en\/wp-json\/wp\/v2\/product"}],"about":[{"href":"https:\/\/ursus.ee\/en\/wp-json\/wp\/v2\/types\/product"}],"replies":[{"embeddable":true,"href":"https:\/\/ursus.ee\/en\/wp-json\/wp\/v2\/comments?post=12379"}],"wp:featuredmedia":[{"embeddable":true,"href":"https:\/\/ursus.ee\/en\/wp-json\/wp\/v2\/media\/12380"}],"wp:attachment":[{"href":"https:\/\/ursus.ee\/en\/wp-json\/wp\/v2\/media?parent=12379"}],"wp:term":[{"taxonomy":"product_brand","embeddable":true,"href":"https:\/\/ursus.ee\/en\/wp-json\/wp\/v2\/product_brand?post=12379"},{"taxonomy":"product_cat","embeddable":true,"href":"https:\/\/ursus.ee\/en\/wp-json\/wp\/v2\/product_cat?post=12379"},{"taxonomy":"product_tag","embeddable":true,"href":"https:\/\/ursus.ee\/en\/wp-json\/wp\/v2\/product_tag?post=12379"}],"curies":[{"name":"wp","href":"https:\/\/api.w.org\/{rel}","templated":true}]}}