{"id":12376,"date":"2025-12-16T18:31:55","date_gmt":"2025-12-16T16:31:55","guid":{"rendered":"https:\/\/ursus.ee\/toode\/pressamber-profi-evo-ratastega-8l-2\/"},"modified":"2026-03-27T16:19:52","modified_gmt":"2026-03-27T14:19:52","slug":"pressamber-profi-evo-ratastega-8l-2","status":"publish","type":"product","link":"https:\/\/ursus.ee\/en\/toode\/pressamber-profi-evo-ratastega-8l-2\/","title":{"rendered":"Press\u00e4mber Profi EVO ratastega 8L"},"content":{"rendered":"<p>Sobib kasutamiseks koos Leifheit Profi p\u00f5randapesijaga. Profi p\u00f5randapesija ja v\u00e4\u00e4namiss\u00fcsteemiga \u00e4mbri kasutamine muudab p\u00f5randapesemise lihtsamaks ning aitab v\u00e4ltida kokkupuudet pesuveega. \u00c4mbril on integreeritud rattad, mis teeb pesemise eriti mugavaks. \u00c4mbril on mugav k\u00e4epide ning eemaldatav v\u00e4\u00e4namiss\u00fcsteem, mis teeb \u00e4mbri t\u00e4itmise ja t\u00fchjendamise lihtsaks. \u00c4mber mahutab 8 liitrit vett<\/p>\n","protected":false},"excerpt":{"rendered":"<p>Sobib kasutamiseks koos Leifheit Profi p\u00f5randapesijaga. Profi p\u00f5randapesija ja v\u00e4\u00e4namiss\u00fcsteemiga \u00e4mbri kasutamine muudab p\u00f5randapesemise lihtsamaks ning aitab v\u00e4ltida kokkupuudet pesuveega. \u00c4mbril on integreeritud rattad, mis teeb pesemise eriti mugavaks. \u00c4mbril on mugav k\u00e4epide ning eemaldatav v\u00e4\u00e4namiss\u00fcsteem, mis teeb \u00e4mbri t\u00e4itmise ja t\u00fchjendamise lihtsaks. \u00c4mber mahutab 8 liitrit vett<\/p>\n","protected":false},"featured_media":12377,"comment_status":"closed","ping_status":"closed","template":"","meta":{"_acf_changed":false},"product_brand":[472],"product_cat":[409,453],"product_tag":[],"class_list":{"0":"post-12376","1":"product","2":"type-product","3":"status-publish","4":"has-post-thumbnail","6":"product_brand-leifheit","7":"product_cat-koristustarvikud","8":"product_cat-porandapuhastus","9":"pa_kogus-1-tk","10":"pa_paritolumaa-saksamaa","11":"pa_uhik-tk","13":"first","14":"instock","15":"purchasable","16":"product-type-simple"},"acf":[],"_links":{"self":[{"href":"https:\/\/ursus.ee\/en\/wp-json\/wp\/v2\/product\/12376","targetHints":{"allow":["GET"]}}],"collection":[{"href":"https:\/\/ursus.ee\/en\/wp-json\/wp\/v2\/product"}],"about":[{"href":"https:\/\/ursus.ee\/en\/wp-json\/wp\/v2\/types\/product"}],"replies":[{"embeddable":true,"href":"https:\/\/ursus.ee\/en\/wp-json\/wp\/v2\/comments?post=12376"}],"wp:featuredmedia":[{"embeddable":true,"href":"https:\/\/ursus.ee\/en\/wp-json\/wp\/v2\/media\/12377"}],"wp:attachment":[{"href":"https:\/\/ursus.ee\/en\/wp-json\/wp\/v2\/media?parent=12376"}],"wp:term":[{"taxonomy":"product_brand","embeddable":true,"href":"https:\/\/ursus.ee\/en\/wp-json\/wp\/v2\/product_brand?post=12376"},{"taxonomy":"product_cat","embeddable":true,"href":"https:\/\/ursus.ee\/en\/wp-json\/wp\/v2\/product_cat?post=12376"},{"taxonomy":"product_tag","embeddable":true,"href":"https:\/\/ursus.ee\/en\/wp-json\/wp\/v2\/product_tag?post=12376"}],"curies":[{"name":"wp","href":"https:\/\/api.w.org\/{rel}","templated":true}]}}