{"id":12369,"date":"2025-12-16T18:31:55","date_gmt":"2025-12-16T16:31:55","guid":{"rendered":"https:\/\/ursus.ee\/toode\/porandapuhastusvahend-kivile-ja-keraamilisele-plaadile-power-cleaner-2\/"},"modified":"2026-03-27T15:49:40","modified_gmt":"2026-03-27T13:49:40","slug":"porandapuhastusvahend-kivile-ja-keraamilisele-plaadile-power-cleaner-2","status":"publish","type":"product","link":"https:\/\/ursus.ee\/en\/toode\/porandapuhastusvahend-kivile-ja-keraamilisele-plaadile-power-cleaner-2\/","title":{"rendered":"P\u00f5randapuhastusvahend kivile ja keraamilisele plaadile Power Cleaner"},"content":{"rendered":"<p>Isegi vanemad kivi- ja plaatp\u00f5randad saavad t\u00e4nu vahendile puhtaks ja s\u00e4ravaks. Sobib kasutamiseks ka v\u00e4literritooriumil. Puhastusvahend eemaldab mustuse, plekid ja rasva kergelt ning kontsentraadi poleeriv toime j\u00e4tab p\u00f5randale peale pesu v\u00e4rske v\u00e4limuse. Pudelikork on lapsekindla kaitsega. Kontsentraadist piisab kuni 25 pesu l\u00e4biviimiseks. Kasutamine: 40ml kontsentraadist saate valmistada 5 l pesuvett.<\/p>\n","protected":false},"excerpt":{"rendered":"<p>Isegi vanemad kivi- ja plaatp\u00f5randad saavad t\u00e4nu vahendile puhtaks ja s\u00e4ravaks. Sobib kasutamiseks ka v\u00e4literritooriumil. Puhastusvahend eemaldab mustuse, plekid ja rasva kergelt ning kontsentraadi poleeriv toime j\u00e4tab p\u00f5randale peale pesu v\u00e4rske v\u00e4limuse. Pudelikork on lapsekindla kaitsega. Kontsentraadist piisab kuni 25 pesu l\u00e4biviimiseks. Kasutamine: 40ml kontsentraadist saate valmistada 5 l pesuvett.<\/p>\n","protected":false},"featured_media":12370,"comment_status":"closed","ping_status":"open","template":"","meta":{"_acf_changed":false},"product_brand":[472],"product_cat":[409,453],"product_tag":[],"class_list":{"0":"post-12369","1":"product","2":"type-product","3":"status-publish","4":"has-post-thumbnail","6":"product_brand-leifheit","7":"product_cat-koristustarvikud","8":"product_cat-porandapuhastus","9":"pa_kogus-1-l","10":"pa_paritolumaa-saksamaa","11":"pa_uhik-l","13":"first","14":"instock","15":"purchasable","16":"product-type-simple"},"acf":[],"_links":{"self":[{"href":"https:\/\/ursus.ee\/en\/wp-json\/wp\/v2\/product\/12369","targetHints":{"allow":["GET"]}}],"collection":[{"href":"https:\/\/ursus.ee\/en\/wp-json\/wp\/v2\/product"}],"about":[{"href":"https:\/\/ursus.ee\/en\/wp-json\/wp\/v2\/types\/product"}],"replies":[{"embeddable":true,"href":"https:\/\/ursus.ee\/en\/wp-json\/wp\/v2\/comments?post=12369"}],"wp:featuredmedia":[{"embeddable":true,"href":"https:\/\/ursus.ee\/en\/wp-json\/wp\/v2\/media\/12370"}],"wp:attachment":[{"href":"https:\/\/ursus.ee\/en\/wp-json\/wp\/v2\/media?parent=12369"}],"wp:term":[{"taxonomy":"product_brand","embeddable":true,"href":"https:\/\/ursus.ee\/en\/wp-json\/wp\/v2\/product_brand?post=12369"},{"taxonomy":"product_cat","embeddable":true,"href":"https:\/\/ursus.ee\/en\/wp-json\/wp\/v2\/product_cat?post=12369"},{"taxonomy":"product_tag","embeddable":true,"href":"https:\/\/ursus.ee\/en\/wp-json\/wp\/v2\/product_tag?post=12369"}],"curies":[{"name":"wp","href":"https:\/\/api.w.org\/{rel}","templated":true}]}}