{"id":12367,"date":"2025-12-16T18:31:55","date_gmt":"2025-12-16T16:31:55","guid":{"rendered":"https:\/\/ursus.ee\/toode\/parketi-ja-laminaadipuhastusvedelik-2\/"},"modified":"2026-03-27T15:49:40","modified_gmt":"2026-03-27T13:49:40","slug":"parketi-ja-laminaadipuhastusvedelik-2","status":"publish","type":"product","link":"https:\/\/ursus.ee\/en\/toode\/parketi-ja-laminaadipuhastusvedelik-2\/","title":{"rendered":"Parketi- ja laminaadipuhastusvedelik"},"content":{"rendered":"<p>Puhastusvahend sobib h\u00e4sti nii puit -kui laminaatpindadele, puhastab m\u00f5lemad pinnad efektiivselt. T\u00e4nu spetsiaalsele ainete kombinatsioonile, puhastab see p\u00f5randad j\u00e4tmata maha triipe. Pudelikork on lapsekindla kaitsega. Kontsentraadist piisab kuni 25 pesu l\u00e4biviimiseks.<\/p>\n","protected":false},"excerpt":{"rendered":"<p>Puhastusvahend sobib h\u00e4sti nii puit -kui laminaatpindadele, puhastab m\u00f5lemad pinnad efektiivselt. T\u00e4nu spetsiaalsele ainete kombinatsioonile, puhastab see p\u00f5randad j\u00e4tmata maha triipe. Pudelikork on lapsekindla kaitsega. Kontsentraadist piisab kuni 25 pesu l\u00e4biviimiseks.<\/p>\n","protected":false},"featured_media":12368,"comment_status":"closed","ping_status":"open","template":"","meta":{"_acf_changed":false},"product_brand":[472],"product_cat":[409,453],"product_tag":[],"class_list":{"0":"post-12367","1":"product","2":"type-product","3":"status-publish","4":"has-post-thumbnail","6":"product_brand-leifheit","7":"product_cat-koristustarvikud","8":"product_cat-porandapuhastus","9":"pa_kogus-1-l","10":"pa_paritolumaa-saksamaa","11":"pa_uhik-l","13":"first","14":"instock","15":"purchasable","16":"product-type-simple"},"acf":[],"_links":{"self":[{"href":"https:\/\/ursus.ee\/en\/wp-json\/wp\/v2\/product\/12367","targetHints":{"allow":["GET"]}}],"collection":[{"href":"https:\/\/ursus.ee\/en\/wp-json\/wp\/v2\/product"}],"about":[{"href":"https:\/\/ursus.ee\/en\/wp-json\/wp\/v2\/types\/product"}],"replies":[{"embeddable":true,"href":"https:\/\/ursus.ee\/en\/wp-json\/wp\/v2\/comments?post=12367"}],"wp:featuredmedia":[{"embeddable":true,"href":"https:\/\/ursus.ee\/en\/wp-json\/wp\/v2\/media\/12368"}],"wp:attachment":[{"href":"https:\/\/ursus.ee\/en\/wp-json\/wp\/v2\/media?parent=12367"}],"wp:term":[{"taxonomy":"product_brand","embeddable":true,"href":"https:\/\/ursus.ee\/en\/wp-json\/wp\/v2\/product_brand?post=12367"},{"taxonomy":"product_cat","embeddable":true,"href":"https:\/\/ursus.ee\/en\/wp-json\/wp\/v2\/product_cat?post=12367"},{"taxonomy":"product_tag","embeddable":true,"href":"https:\/\/ursus.ee\/en\/wp-json\/wp\/v2\/product_tag?post=12367"}],"curies":[{"name":"wp","href":"https:\/\/api.w.org\/{rel}","templated":true}]}}