{"id":12365,"date":"2025-12-16T18:31:55","date_gmt":"2025-12-16T16:31:55","guid":{"rendered":"https:\/\/ursus.ee\/toode\/universaalne-porandapuhastusvahend-leifheit-1l-2\/"},"modified":"2026-03-27T15:49:40","modified_gmt":"2026-03-27T13:49:40","slug":"universaalne-porandapuhastusvahend-leifheit-1l-2","status":"publish","type":"product","link":"https:\/\/ursus.ee\/en\/toode\/universaalne-porandapuhastusvahend-leifheit-1l-2\/","title":{"rendered":"Universaalne p\u00f5randapuhastusvahend Leifheit 1L"},"content":{"rendered":"<p>Sobib k\u00f5ikide p\u00f5randat\u00fc\u00fcpide p\u00f5hjalikuks puhastamiseks. Universaalne v\u00e4hese vahuga puhastusvahend eemaldab v\u00f5imsalt mustuse ja plekid plaaditud, plast-, puit- ja kivip\u00f5randatelt, sh ka loodusliku kiviga kaetud p\u00f5randalt. Puhastusvahend sobib eriti h\u00e4sti ka Leifheit Regulus Aqua PowerVac juhtmeta tolmuimejaga koos kasutamiseks. Parima puhastustulemuse saavutamiseks t\u00e4itke m\u00f5\u00f5tekork universaalse puhastusvahendiga poolenisti ja lisage veega t\u00e4idetud vee paaki. Mopiga pesemiseks kasutage 5l vee kohta 6 korgit\u00e4it puhastusvahendit. Pudelil on lastekindel kaitsekork.<\/p>\n","protected":false},"excerpt":{"rendered":"<p>Sobib k\u00f5ikide p\u00f5randat\u00fc\u00fcpide p\u00f5hjalikuks puhastamiseks. Universaalne v\u00e4hese vahuga puhastusvahend eemaldab v\u00f5imsalt mustuse ja plekid plaaditud, plast-, puit- ja kivip\u00f5randatelt, sh ka loodusliku kiviga kaetud p\u00f5randalt. Puhastusvahend sobib eriti h\u00e4sti ka Leifheit Regulus Aqua PowerVac juhtmeta tolmuimejaga koos kasutamiseks. Parima puhastustulemuse saavutamiseks t\u00e4itke m\u00f5\u00f5tekork universaalse puhastusvahendiga poolenisti ja lisage veega t\u00e4idetud vee paaki. Mopiga pesemiseks kasutage<\/p>\n","protected":false},"featured_media":12366,"comment_status":"closed","ping_status":"open","template":"","meta":{"_acf_changed":false},"product_brand":[472],"product_cat":[409,453],"product_tag":[],"class_list":{"0":"post-12365","1":"product","2":"type-product","3":"status-publish","4":"has-post-thumbnail","6":"product_brand-leifheit","7":"product_cat-koristustarvikud","8":"product_cat-porandapuhastus","9":"pa_kogus-1-l","10":"pa_paritolumaa-saksamaa","11":"pa_uhik-l","13":"first","14":"instock","15":"purchasable","16":"product-type-simple"},"acf":[],"_links":{"self":[{"href":"https:\/\/ursus.ee\/en\/wp-json\/wp\/v2\/product\/12365","targetHints":{"allow":["GET"]}}],"collection":[{"href":"https:\/\/ursus.ee\/en\/wp-json\/wp\/v2\/product"}],"about":[{"href":"https:\/\/ursus.ee\/en\/wp-json\/wp\/v2\/types\/product"}],"replies":[{"embeddable":true,"href":"https:\/\/ursus.ee\/en\/wp-json\/wp\/v2\/comments?post=12365"}],"wp:featuredmedia":[{"embeddable":true,"href":"https:\/\/ursus.ee\/en\/wp-json\/wp\/v2\/media\/12366"}],"wp:attachment":[{"href":"https:\/\/ursus.ee\/en\/wp-json\/wp\/v2\/media?parent=12365"}],"wp:term":[{"taxonomy":"product_brand","embeddable":true,"href":"https:\/\/ursus.ee\/en\/wp-json\/wp\/v2\/product_brand?post=12365"},{"taxonomy":"product_cat","embeddable":true,"href":"https:\/\/ursus.ee\/en\/wp-json\/wp\/v2\/product_cat?post=12365"},{"taxonomy":"product_tag","embeddable":true,"href":"https:\/\/ursus.ee\/en\/wp-json\/wp\/v2\/product_tag?post=12365"}],"curies":[{"name":"wp","href":"https:\/\/api.w.org\/{rel}","templated":true}]}}