{"id":12361,"date":"2025-12-16T18:28:24","date_gmt":"2025-12-16T16:28:24","guid":{"rendered":"https:\/\/ursus.ee\/toode\/aknapuhastuskontsentraat-2\/"},"modified":"2026-03-27T15:49:39","modified_gmt":"2026-03-27T13:49:39","slug":"aknapuhastuskontsentraat-2","status":"publish","type":"product","link":"https:\/\/ursus.ee\/en\/toode\/aknapuhastuskontsentraat-2\/","title":{"rendered":"Aknapuhastuskontsentraat"},"content":{"rendered":"<p>Eriti t\u00f5hus vahend sobib erinevate klaaspindade intensiivseks puhastamiseks. Eemaldab mustuse ja tolmu efektiivselt ning j\u00e4tab pinnad s\u00e4ravaks ilma triipudeta. T\u00e4nu spetsiaalsele koostisele j\u00e4tab maha spetsiaalse kaitsekihi, mist\u00f5ttu ei ladestu mustus ega tolm nii kiiresti pindadele ning samuti saab s\u00f5rme- ja muid j\u00e4lgi pindadelt p\u00fchkida oluliselt lihtsamalt. Pudeli kork on suletud kindlalt lapselukuga. 1l aknapesukontsentraadist saab keskmiselt umbes 40 pesukorda.<\/p>\n","protected":false},"excerpt":{"rendered":"<p>Eriti t\u00f5hus vahend sobib erinevate klaaspindade intensiivseks puhastamiseks. Eemaldab mustuse ja tolmu efektiivselt ning j\u00e4tab pinnad s\u00e4ravaks ilma triipudeta. T\u00e4nu spetsiaalsele koostisele j\u00e4tab maha spetsiaalse kaitsekihi, mist\u00f5ttu ei ladestu mustus ega tolm nii kiiresti pindadele ning samuti saab s\u00f5rme- ja muid j\u00e4lgi pindadelt p\u00fchkida oluliselt lihtsamalt. Pudeli kork on suletud kindlalt lapselukuga. 1l aknapesukontsentraadist saab<\/p>\n","protected":false},"featured_media":12362,"comment_status":"closed","ping_status":"open","template":"","meta":{"_acf_changed":false},"product_brand":[472],"product_cat":[409,520],"product_tag":[],"class_list":{"0":"post-12361","1":"product","2":"type-product","3":"status-publish","4":"has-post-thumbnail","6":"product_brand-leifheit","7":"product_cat-koristustarvikud","8":"product_cat-akna-ja-klaasipuhastus","9":"pa_kogus-1-l","10":"pa_paritolumaa-saksamaa","11":"pa_uhik-l","13":"first","14":"instock","15":"purchasable","16":"product-type-simple"},"acf":[],"_links":{"self":[{"href":"https:\/\/ursus.ee\/en\/wp-json\/wp\/v2\/product\/12361","targetHints":{"allow":["GET"]}}],"collection":[{"href":"https:\/\/ursus.ee\/en\/wp-json\/wp\/v2\/product"}],"about":[{"href":"https:\/\/ursus.ee\/en\/wp-json\/wp\/v2\/types\/product"}],"replies":[{"embeddable":true,"href":"https:\/\/ursus.ee\/en\/wp-json\/wp\/v2\/comments?post=12361"}],"wp:featuredmedia":[{"embeddable":true,"href":"https:\/\/ursus.ee\/en\/wp-json\/wp\/v2\/media\/12362"}],"wp:attachment":[{"href":"https:\/\/ursus.ee\/en\/wp-json\/wp\/v2\/media?parent=12361"}],"wp:term":[{"taxonomy":"product_brand","embeddable":true,"href":"https:\/\/ursus.ee\/en\/wp-json\/wp\/v2\/product_brand?post=12361"},{"taxonomy":"product_cat","embeddable":true,"href":"https:\/\/ursus.ee\/en\/wp-json\/wp\/v2\/product_cat?post=12361"},{"taxonomy":"product_tag","embeddable":true,"href":"https:\/\/ursus.ee\/en\/wp-json\/wp\/v2\/product_tag?post=12361"}],"curies":[{"name":"wp","href":"https:\/\/api.w.org\/{rel}","templated":true}]}}