{"id":12358,"date":"2025-12-16T18:28:24","date_gmt":"2025-12-16T16:28:24","guid":{"rendered":"https:\/\/ursus.ee\/toode\/kasiharja-komplekt-classic-2\/"},"modified":"2026-03-27T15:49:39","modified_gmt":"2026-03-27T13:49:39","slug":"kasiharja-komplekt-classic-2","status":"publish","type":"product","link":"https:\/\/ursus.ee\/en\/toode\/kasiharja-komplekt-classic-2\/","title":{"rendered":"K\u00e4siharja komplekt Classic"},"content":{"rendered":"<p>V\u00e4ga kvaliteetne k\u00e4siharja komplekt. K\u00fchvlil on spetsiaalsed sakilised servad, mis aitavad lihtsalt ja kergelt tolmust harja k\u00fcljes vabaneda. Kahestatud harjaste otstega hari v\u00f5imaldab tolmu lihtsamalt \u00fche t\u00f5mbega kokku p\u00fchkida, kuna harja otsad on tihedamad ja ei lase tolmul vahelt l\u00e4bi minna. K\u00fchvlil on spetsiaalne eriti pikk kummist \u00e4\u00e4r, mist\u00f5ttu on kokkupuude p\u00f5randaga tugevam ja p\u00fchitav mustus ei p\u00e4\u00e4se p\u00fchkides k\u00fchvli alt lendlema.<\/p>\n","protected":false},"excerpt":{"rendered":"<p>V\u00e4ga kvaliteetne k\u00e4siharja komplekt. K\u00fchvlil on spetsiaalsed sakilised servad, mis aitavad lihtsalt ja kergelt tolmust harja k\u00fcljes vabaneda. Kahestatud harjaste otstega hari v\u00f5imaldab tolmu lihtsamalt \u00fche t\u00f5mbega kokku p\u00fchkida, kuna harja otsad on tihedamad ja ei lase tolmul vahelt l\u00e4bi minna. K\u00fchvlil on spetsiaalne eriti pikk kummist \u00e4\u00e4r, mist\u00f5ttu on kokkupuude p\u00f5randaga tugevam ja p\u00fchitav<\/p>\n","protected":false},"featured_media":12359,"comment_status":"closed","ping_status":"open","template":"","meta":{"_acf_changed":false},"product_brand":[472],"product_cat":[409,453],"product_tag":[],"class_list":{"0":"post-12358","1":"product","2":"type-product","3":"status-publish","4":"has-post-thumbnail","6":"product_brand-leifheit","7":"product_cat-koristustarvikud","8":"product_cat-porandapuhastus","9":"pa_kogus-1-tk","10":"pa_paritolumaa-saksamaa","11":"pa_uhik-tk","13":"first","14":"instock","15":"purchasable","16":"product-type-simple"},"acf":[],"_links":{"self":[{"href":"https:\/\/ursus.ee\/en\/wp-json\/wp\/v2\/product\/12358","targetHints":{"allow":["GET"]}}],"collection":[{"href":"https:\/\/ursus.ee\/en\/wp-json\/wp\/v2\/product"}],"about":[{"href":"https:\/\/ursus.ee\/en\/wp-json\/wp\/v2\/types\/product"}],"replies":[{"embeddable":true,"href":"https:\/\/ursus.ee\/en\/wp-json\/wp\/v2\/comments?post=12358"}],"wp:featuredmedia":[{"embeddable":true,"href":"https:\/\/ursus.ee\/en\/wp-json\/wp\/v2\/media\/12359"}],"wp:attachment":[{"href":"https:\/\/ursus.ee\/en\/wp-json\/wp\/v2\/media?parent=12358"}],"wp:term":[{"taxonomy":"product_brand","embeddable":true,"href":"https:\/\/ursus.ee\/en\/wp-json\/wp\/v2\/product_brand?post=12358"},{"taxonomy":"product_cat","embeddable":true,"href":"https:\/\/ursus.ee\/en\/wp-json\/wp\/v2\/product_cat?post=12358"},{"taxonomy":"product_tag","embeddable":true,"href":"https:\/\/ursus.ee\/en\/wp-json\/wp\/v2\/product_tag?post=12358"}],"curies":[{"name":"wp","href":"https:\/\/api.w.org\/{rel}","templated":true}]}}