{"id":12355,"date":"2025-12-16T18:28:24","date_gmt":"2025-12-16T16:28:24","guid":{"rendered":"https:\/\/ursus.ee\/toode\/kasihari-kuhvel-komplekt-2\/"},"modified":"2026-03-27T15:49:39","modified_gmt":"2026-03-27T13:49:39","slug":"kasihari-kuhvel-komplekt-2","status":"publish","type":"product","link":"https:\/\/ursus.ee\/en\/toode\/kasihari-kuhvel-komplekt-2\/","title":{"rendered":"K\u00e4sihari + k\u00fchvel komplekt"},"content":{"rendered":"<p>K\u00e4siharja ja k\u00fchvli komplekt. K\u00fchvel on kaetud tolmukambriga, et takistada tolmuebemete lendlemist. K\u00fchvel ja hari on koos lukustatavad ja praktilise riputusaasaga. K\u00fchvli m\u00f5\u00f5dud 26,5x31x9cm.<\/p>\n","protected":false},"excerpt":{"rendered":"<p>K\u00e4siharja ja k\u00fchvli komplekt. K\u00fchvel on kaetud tolmukambriga, et takistada tolmuebemete lendlemist. K\u00fchvel ja hari on koos lukustatavad ja praktilise riputusaasaga. K\u00fchvli m\u00f5\u00f5dud 26,5x31x9cm.<\/p>\n","protected":false},"featured_media":12356,"comment_status":"closed","ping_status":"open","template":"","meta":{"_acf_changed":false},"product_brand":[472],"product_cat":[409,453],"product_tag":[],"class_list":{"0":"post-12355","1":"product","2":"type-product","3":"status-publish","4":"has-post-thumbnail","6":"product_brand-leifheit","7":"product_cat-koristustarvikud","8":"product_cat-porandapuhastus","9":"pa_kogus-1-tk","10":"pa_paritolumaa-saksamaa","11":"pa_uhik-tk","13":"first","14":"instock","15":"purchasable","16":"product-type-simple"},"acf":[],"_links":{"self":[{"href":"https:\/\/ursus.ee\/en\/wp-json\/wp\/v2\/product\/12355","targetHints":{"allow":["GET"]}}],"collection":[{"href":"https:\/\/ursus.ee\/en\/wp-json\/wp\/v2\/product"}],"about":[{"href":"https:\/\/ursus.ee\/en\/wp-json\/wp\/v2\/types\/product"}],"replies":[{"embeddable":true,"href":"https:\/\/ursus.ee\/en\/wp-json\/wp\/v2\/comments?post=12355"}],"wp:featuredmedia":[{"embeddable":true,"href":"https:\/\/ursus.ee\/en\/wp-json\/wp\/v2\/media\/12356"}],"wp:attachment":[{"href":"https:\/\/ursus.ee\/en\/wp-json\/wp\/v2\/media?parent=12355"}],"wp:term":[{"taxonomy":"product_brand","embeddable":true,"href":"https:\/\/ursus.ee\/en\/wp-json\/wp\/v2\/product_brand?post=12355"},{"taxonomy":"product_cat","embeddable":true,"href":"https:\/\/ursus.ee\/en\/wp-json\/wp\/v2\/product_cat?post=12355"},{"taxonomy":"product_tag","embeddable":true,"href":"https:\/\/ursus.ee\/en\/wp-json\/wp\/v2\/product_tag?post=12355"}],"curies":[{"name":"wp","href":"https:\/\/api.w.org\/{rel}","templated":true}]}}