{"id":12352,"date":"2025-12-16T18:28:24","date_gmt":"2025-12-16T16:28:24","guid":{"rendered":"https:\/\/ursus.ee\/toode\/harja-komplekt-varrega-hari-kuhvel-2\/"},"modified":"2026-03-27T15:49:39","modified_gmt":"2026-03-27T13:49:39","slug":"harja-komplekt-varrega-hari-kuhvel-2","status":"publish","type":"product","link":"https:\/\/ursus.ee\/en\/toode\/harja-komplekt-varrega-hari-kuhvel-2\/","title":{"rendered":"Harja komplekt varrega (hari+ k\u00fchvel)"},"content":{"rendered":"<p>Harja disain sobitub ideaalselt p\u00fchkimisnurgaga. V\u00f5imaldab p\u00fchkida ilma kummardamata. K\u00fchvel on varustatud eriti pika kummiribaga. K\u00fchvlil on sakilised servad, mille vastu on harja kerge puhtaks p\u00fchkida. Kahestatud harjaste otstega hari v\u00f5imaldab tolmu lihtsamalt \u00fche t\u00f5mbega kokku p\u00fchkida, mis v\u00e4hendab peene tolmu lendlemist.<\/p>\n","protected":false},"excerpt":{"rendered":"<p>Harja disain sobitub ideaalselt p\u00fchkimisnurgaga. V\u00f5imaldab p\u00fchkida ilma kummardamata. K\u00fchvel on varustatud eriti pika kummiribaga. K\u00fchvlil on sakilised servad, mille vastu on harja kerge puhtaks p\u00fchkida. Kahestatud harjaste otstega hari v\u00f5imaldab tolmu lihtsamalt \u00fche t\u00f5mbega kokku p\u00fchkida, mis v\u00e4hendab peene tolmu lendlemist.<\/p>\n","protected":false},"featured_media":12353,"comment_status":"closed","ping_status":"closed","template":"","meta":{"_acf_changed":false},"product_brand":[472],"product_cat":[409,453],"product_tag":[],"class_list":{"0":"post-12352","1":"product","2":"type-product","3":"status-publish","4":"has-post-thumbnail","6":"product_brand-leifheit","7":"product_cat-koristustarvikud","8":"product_cat-porandapuhastus","9":"pa_kogus-1-tk","10":"pa_paritolumaa-saksamaa","11":"pa_uhik-tk","13":"first","14":"instock","15":"purchasable","16":"product-type-simple"},"acf":[],"_links":{"self":[{"href":"https:\/\/ursus.ee\/en\/wp-json\/wp\/v2\/product\/12352","targetHints":{"allow":["GET"]}}],"collection":[{"href":"https:\/\/ursus.ee\/en\/wp-json\/wp\/v2\/product"}],"about":[{"href":"https:\/\/ursus.ee\/en\/wp-json\/wp\/v2\/types\/product"}],"replies":[{"embeddable":true,"href":"https:\/\/ursus.ee\/en\/wp-json\/wp\/v2\/comments?post=12352"}],"wp:featuredmedia":[{"embeddable":true,"href":"https:\/\/ursus.ee\/en\/wp-json\/wp\/v2\/media\/12353"}],"wp:attachment":[{"href":"https:\/\/ursus.ee\/en\/wp-json\/wp\/v2\/media?parent=12352"}],"wp:term":[{"taxonomy":"product_brand","embeddable":true,"href":"https:\/\/ursus.ee\/en\/wp-json\/wp\/v2\/product_brand?post=12352"},{"taxonomy":"product_cat","embeddable":true,"href":"https:\/\/ursus.ee\/en\/wp-json\/wp\/v2\/product_cat?post=12352"},{"taxonomy":"product_tag","embeddable":true,"href":"https:\/\/ursus.ee\/en\/wp-json\/wp\/v2\/product_tag?post=12352"}],"curies":[{"name":"wp","href":"https:\/\/api.w.org\/{rel}","templated":true}]}}