{"id":12334,"date":"2025-12-16T18:28:24","date_gmt":"2025-12-16T16:28:24","guid":{"rendered":"https:\/\/ursus.ee\/toode\/klaasipuhastuskaabits-cabino-2\/"},"modified":"2026-03-27T15:49:39","modified_gmt":"2026-03-27T13:49:39","slug":"klaasipuhastuskaabits-cabino-2","status":"publish","type":"product","link":"https:\/\/ursus.ee\/en\/toode\/klaasipuhastuskaabits-cabino-2\/","title":{"rendered":"Klaasipuhastuskaabits Cabino"},"content":{"rendered":"<p>P\u00fchkimislaius 24cm, praktilise riputusaasaga. Sobib ideaalselt puhastama nii dushi-, klaasi (ka auto) kui ka akr\u00fc\u00fclipindasid. Leifheit on tuntumaid kaubam\u00e4rke Saksamaal, mida iseloomustab k\u00f5rge kvaliteet ja usaldusv\u00e4\u00e4rsus.<\/p>\n","protected":false},"excerpt":{"rendered":"<p>P\u00fchkimislaius 24cm, praktilise riputusaasaga. Sobib ideaalselt puhastama nii dushi-, klaasi (ka auto) kui ka akr\u00fc\u00fclipindasid. Leifheit on tuntumaid kaubam\u00e4rke Saksamaal, mida iseloomustab k\u00f5rge kvaliteet ja usaldusv\u00e4\u00e4rsus.<\/p>\n","protected":false},"featured_media":12335,"comment_status":"closed","ping_status":"open","template":"","meta":{"_acf_changed":false},"product_brand":[472],"product_cat":[409,520],"product_tag":[],"class_list":{"0":"post-12334","1":"product","2":"type-product","3":"status-publish","4":"has-post-thumbnail","6":"product_brand-leifheit","7":"product_cat-koristustarvikud","8":"product_cat-akna-ja-klaasipuhastus","9":"pa_kogus-1-tk","10":"pa_paritolumaa-saksamaa","11":"pa_uhik-tk","13":"first","14":"instock","15":"purchasable","16":"product-type-simple"},"acf":[],"_links":{"self":[{"href":"https:\/\/ursus.ee\/en\/wp-json\/wp\/v2\/product\/12334","targetHints":{"allow":["GET"]}}],"collection":[{"href":"https:\/\/ursus.ee\/en\/wp-json\/wp\/v2\/product"}],"about":[{"href":"https:\/\/ursus.ee\/en\/wp-json\/wp\/v2\/types\/product"}],"replies":[{"embeddable":true,"href":"https:\/\/ursus.ee\/en\/wp-json\/wp\/v2\/comments?post=12334"}],"wp:featuredmedia":[{"embeddable":true,"href":"https:\/\/ursus.ee\/en\/wp-json\/wp\/v2\/media\/12335"}],"wp:attachment":[{"href":"https:\/\/ursus.ee\/en\/wp-json\/wp\/v2\/media?parent=12334"}],"wp:term":[{"taxonomy":"product_brand","embeddable":true,"href":"https:\/\/ursus.ee\/en\/wp-json\/wp\/v2\/product_brand?post=12334"},{"taxonomy":"product_cat","embeddable":true,"href":"https:\/\/ursus.ee\/en\/wp-json\/wp\/v2\/product_cat?post=12334"},{"taxonomy":"product_tag","embeddable":true,"href":"https:\/\/ursus.ee\/en\/wp-json\/wp\/v2\/product_tag?post=12334"}],"curies":[{"name":"wp","href":"https:\/\/api.w.org\/{rel}","templated":true}]}}