{"id":12326,"date":"2025-12-16T18:28:24","date_gmt":"2025-12-16T16:28:24","guid":{"rendered":"https:\/\/ursus.ee\/toode\/aknapesija-otsik-3in1-33cm-2\/"},"modified":"2026-03-27T15:49:39","modified_gmt":"2026-03-27T13:49:39","slug":"aknapesija-otsik-3in1-33cm-2","status":"publish","type":"product","link":"https:\/\/ursus.ee\/en\/toode\/aknapesija-otsik-3in1-33cm-2\/","title":{"rendered":"Aknapesija otsik 3in1 33cm"},"content":{"rendered":"<p>Sobib akende, peeglite, kahhelkivide, jt. klaaspindade puhastamiseks. Vahetuskatte mikrokiud puhastavad kergesti v\u00e4ga m\u00e4\u00e4rdunud pinnad. Vahetuskatte disain v\u00f5imaldab puhastada samaaegselt nii akna, kui aknaraami. Vahetuskate on takjakinnitusega, seega kergesti eemaldatav pesemiseks, masinpesu 40\u00b0C. Aknapesija kummiriba kuivatab t\u00f6\u00f6pinna \u00fchtlaselt ja laitmatult kuivaks.<\/p>\n","protected":false},"excerpt":{"rendered":"<p>Sobib akende, peeglite, kahhelkivide, jt. klaaspindade puhastamiseks. Vahetuskatte mikrokiud puhastavad kergesti v\u00e4ga m\u00e4\u00e4rdunud pinnad. Vahetuskatte disain v\u00f5imaldab puhastada samaaegselt nii akna, kui aknaraami. Vahetuskate on takjakinnitusega, seega kergesti eemaldatav pesemiseks, masinpesu 40\u00b0C. Aknapesija kummiriba kuivatab t\u00f6\u00f6pinna \u00fchtlaselt ja laitmatult kuivaks.<\/p>\n","protected":false},"featured_media":12327,"comment_status":"closed","ping_status":"open","template":"","meta":{"_acf_changed":false},"product_brand":[472],"product_cat":[409,520],"product_tag":[],"class_list":{"0":"post-12326","1":"product","2":"type-product","3":"status-publish","4":"has-post-thumbnail","6":"product_brand-leifheit","7":"product_cat-koristustarvikud","8":"product_cat-akna-ja-klaasipuhastus","9":"pa_kogus-1-tk","10":"pa_paritolumaa-saksamaa","11":"pa_uhik-tk","13":"first","14":"instock","15":"purchasable","16":"product-type-simple"},"acf":[],"_links":{"self":[{"href":"https:\/\/ursus.ee\/en\/wp-json\/wp\/v2\/product\/12326","targetHints":{"allow":["GET"]}}],"collection":[{"href":"https:\/\/ursus.ee\/en\/wp-json\/wp\/v2\/product"}],"about":[{"href":"https:\/\/ursus.ee\/en\/wp-json\/wp\/v2\/types\/product"}],"replies":[{"embeddable":true,"href":"https:\/\/ursus.ee\/en\/wp-json\/wp\/v2\/comments?post=12326"}],"wp:featuredmedia":[{"embeddable":true,"href":"https:\/\/ursus.ee\/en\/wp-json\/wp\/v2\/media\/12327"}],"wp:attachment":[{"href":"https:\/\/ursus.ee\/en\/wp-json\/wp\/v2\/media?parent=12326"}],"wp:term":[{"taxonomy":"product_brand","embeddable":true,"href":"https:\/\/ursus.ee\/en\/wp-json\/wp\/v2\/product_brand?post=12326"},{"taxonomy":"product_cat","embeddable":true,"href":"https:\/\/ursus.ee\/en\/wp-json\/wp\/v2\/product_cat?post=12326"},{"taxonomy":"product_tag","embeddable":true,"href":"https:\/\/ursus.ee\/en\/wp-json\/wp\/v2\/product_tag?post=12326"}],"curies":[{"name":"wp","href":"https:\/\/api.w.org\/{rel}","templated":true}]}}