{"id":12316,"date":"2025-12-16T18:28:24","date_gmt":"2025-12-16T16:28:24","guid":{"rendered":"https:\/\/ursus.ee\/toode\/aknapesija-3in1-teleskoopvarrega-110-220cm-2\/"},"modified":"2026-03-30T09:59:35","modified_gmt":"2026-03-30T06:59:35","slug":"aknapesija-3in1-teleskoopvarrega-110-220cm-2","status":"publish","type":"product","link":"https:\/\/ursus.ee\/en\/toode\/aknapesija-3in1-teleskoopvarrega-110-220cm-2\/","title":{"rendered":"Aknapesija 3in1 teleskoopvarrega 110-220cm"},"content":{"rendered":"<p>3in1 funktsiooniga teleskoopvarrega aknapesija on mugav puhastamaks samaaegselt nii aknaklaasi kui ka aknaraami ja selle nurkasid ning seej\u00e4rel pesija teisel pool asuva kummikaabitsaga pestud pinnad kuivatada. Lukustatav teleskoopvars ja liigendpea v\u00f5imaldavad puhastada ka k\u00f5rgemaid ja raskemini ligip\u00e4\u00e4setavaid kohti lihtsa vaevaga. Liigendpea liigub kahest kohast, mist\u00f5ttu on v\u00f5imalik selle nurka sobitada k\u00f5ikv\u00f5imalikesse asenditesse. Pesemisotsiku kate on valmistatud kvaliteetsest ja vastupidavast mikrofiiberkiust. Pesuotsiku laius 32 cm. Sobilik ka muude siledate v\u00f5i klaaspindade puhastamiseks \u2013 peeglid, keraamilised plaadid, du\u0161ikabiin, k\u00f6\u00f6gi t\u00f6\u00f6pinna tagune sein jne. Oskuslikul kasutamisel ei j\u00e4ta aknapesija puhastatavale pinnale triipe ega ebemeid ning ei tilgu \u00fcmbritsevatele pindadele. Teleskoopvars on pikendatav kuni 190 cm pikkuseks.<\/p>\n","protected":false},"excerpt":{"rendered":"<p>3in1 funktsiooniga teleskoopvarrega aknapesija on mugav puhastamaks samaaegselt nii aknaklaasi kui ka aknaraami ja selle nurkasid ning seej\u00e4rel pesija teisel pool asuva kummikaabitsaga pestud pinnad kuivatada. Lukustatav teleskoopvars ja liigendpea v\u00f5imaldavad puhastada ka k\u00f5rgemaid ja raskemini ligip\u00e4\u00e4setavaid kohti lihtsa vaevaga. Liigendpea liigub kahest kohast, mist\u00f5ttu on v\u00f5imalik selle nurka sobitada k\u00f5ikv\u00f5imalikesse asenditesse. Pesemisotsiku kate on<\/p>\n","protected":false},"featured_media":12317,"comment_status":"closed","ping_status":"closed","template":"","meta":{"_acf_changed":false},"product_brand":[472],"product_cat":[409,520],"product_tag":[],"class_list":{"0":"post-12316","1":"product","2":"type-product","3":"status-publish","4":"has-post-thumbnail","6":"product_brand-leifheit","7":"product_cat-koristustarvikud","8":"product_cat-akna-ja-klaasipuhastus","9":"pa_kogus-1-tk","10":"pa_paritolumaa-saksamaa","11":"pa_uhik-tk","13":"first","14":"instock","15":"purchasable","16":"product-type-simple"},"acf":[],"_links":{"self":[{"href":"https:\/\/ursus.ee\/en\/wp-json\/wp\/v2\/product\/12316","targetHints":{"allow":["GET"]}}],"collection":[{"href":"https:\/\/ursus.ee\/en\/wp-json\/wp\/v2\/product"}],"about":[{"href":"https:\/\/ursus.ee\/en\/wp-json\/wp\/v2\/types\/product"}],"replies":[{"embeddable":true,"href":"https:\/\/ursus.ee\/en\/wp-json\/wp\/v2\/comments?post=12316"}],"wp:featuredmedia":[{"embeddable":true,"href":"https:\/\/ursus.ee\/en\/wp-json\/wp\/v2\/media\/12317"}],"wp:attachment":[{"href":"https:\/\/ursus.ee\/en\/wp-json\/wp\/v2\/media?parent=12316"}],"wp:term":[{"taxonomy":"product_brand","embeddable":true,"href":"https:\/\/ursus.ee\/en\/wp-json\/wp\/v2\/product_brand?post=12316"},{"taxonomy":"product_cat","embeddable":true,"href":"https:\/\/ursus.ee\/en\/wp-json\/wp\/v2\/product_cat?post=12316"},{"taxonomy":"product_tag","embeddable":true,"href":"https:\/\/ursus.ee\/en\/wp-json\/wp\/v2\/product_tag?post=12316"}],"curies":[{"name":"wp","href":"https:\/\/api.w.org\/{rel}","templated":true}]}}