{"id":12310,"date":"2025-12-16T18:28:24","date_gmt":"2025-12-16T16:28:24","guid":{"rendered":"https:\/\/ursus.ee\/toode\/aknakaabits-xl-teleskoopvarrega-40cm-2\/"},"modified":"2026-03-27T15:49:39","modified_gmt":"2026-03-27T13:49:39","slug":"aknakaabits-xl-teleskoopvarrega-40cm-2","status":"publish","type":"product","link":"https:\/\/ursus.ee\/en\/toode\/aknakaabits-xl-teleskoopvarrega-40cm-2\/","title":{"rendered":"Aknakaabits XL teleskoopvarrega 40cm"},"content":{"rendered":"<p>Leifheit XL aknapesukaabitsaga j\u00e4\u00e4vad puhastatud klaaspinnad triibu- ja ebemevabad. Selle t\u00f6\u00f6vahendi abil puhastad klaaspindu nagu t\u00f5eline professionaalne aknapesija. Aknakaabitsa kummiriba eemaldab pindadelt \u00fcleliigse puhastusvahendi ja pesuvee ning kuivatab pinnad kiire, sujuva ja lihtsa liigutuse abil. Kaabitsa liigendpea on reguleeritav, mist\u00f5ttu on v\u00f5imalik selle nurka sobitada vastavalt enda vajadusele. Kaabitsa p\u00fchkimislaius 40 cm. T\u00e4nu suurele p\u00fchkimisulatusele ja teleskoopvarrele on see sobilik ka suurtele ja raskesti ligip\u00e4\u00e4setavatele klaaspindadele nagu n\u00e4iteks r\u00f5du- v\u00f5i terrassiaknad. XL aknapuhastuskaabits \u00fchildub ka Leifheit Click System kinnituss\u00fcsteemi omava varrega, mist\u00f5ttu on seda v\u00f5imalik kinnitada ka pikendatavale teleskoopvarrele. Teleskoopvarre pikkus kuni 200 cm.<\/p>\n","protected":false},"excerpt":{"rendered":"<p>Leifheit XL aknapesukaabitsaga j\u00e4\u00e4vad puhastatud klaaspinnad triibu- ja ebemevabad. Selle t\u00f6\u00f6vahendi abil puhastad klaaspindu nagu t\u00f5eline professionaalne aknapesija. Aknakaabitsa kummiriba eemaldab pindadelt \u00fcleliigse puhastusvahendi ja pesuvee ning kuivatab pinnad kiire, sujuva ja lihtsa liigutuse abil. Kaabitsa liigendpea on reguleeritav, mist\u00f5ttu on v\u00f5imalik selle nurka sobitada vastavalt enda vajadusele. Kaabitsa p\u00fchkimislaius 40 cm. T\u00e4nu suurele p\u00fchkimisulatusele<\/p>\n","protected":false},"featured_media":12311,"comment_status":"closed","ping_status":"closed","template":"","meta":{"_acf_changed":false},"product_brand":[472],"product_cat":[409,520],"product_tag":[],"class_list":{"0":"post-12310","1":"product","2":"type-product","3":"status-publish","4":"has-post-thumbnail","6":"product_brand-leifheit","7":"product_cat-koristustarvikud","8":"product_cat-akna-ja-klaasipuhastus","9":"pa_kogus-1-tk","10":"pa_paritolumaa-saksamaa","11":"pa_uhik-tk","13":"first","14":"instock","15":"purchasable","16":"product-type-simple"},"acf":[],"_links":{"self":[{"href":"https:\/\/ursus.ee\/en\/wp-json\/wp\/v2\/product\/12310","targetHints":{"allow":["GET"]}}],"collection":[{"href":"https:\/\/ursus.ee\/en\/wp-json\/wp\/v2\/product"}],"about":[{"href":"https:\/\/ursus.ee\/en\/wp-json\/wp\/v2\/types\/product"}],"replies":[{"embeddable":true,"href":"https:\/\/ursus.ee\/en\/wp-json\/wp\/v2\/comments?post=12310"}],"wp:featuredmedia":[{"embeddable":true,"href":"https:\/\/ursus.ee\/en\/wp-json\/wp\/v2\/media\/12311"}],"wp:attachment":[{"href":"https:\/\/ursus.ee\/en\/wp-json\/wp\/v2\/media?parent=12310"}],"wp:term":[{"taxonomy":"product_brand","embeddable":true,"href":"https:\/\/ursus.ee\/en\/wp-json\/wp\/v2\/product_brand?post=12310"},{"taxonomy":"product_cat","embeddable":true,"href":"https:\/\/ursus.ee\/en\/wp-json\/wp\/v2\/product_cat?post=12310"},{"taxonomy":"product_tag","embeddable":true,"href":"https:\/\/ursus.ee\/en\/wp-json\/wp\/v2\/product_tag?post=12310"}],"curies":[{"name":"wp","href":"https:\/\/api.w.org\/{rel}","templated":true}]}}