{"id":12305,"date":"2025-12-16T18:25:23","date_gmt":"2025-12-16T16:25:23","guid":{"rendered":"https:\/\/ursus.ee\/toode\/aknakaabits-m-28cm-2\/"},"modified":"2026-03-27T15:49:39","modified_gmt":"2026-03-27T13:49:39","slug":"aknakaabits-m-28cm-2","status":"publish","type":"product","link":"https:\/\/ursus.ee\/en\/toode\/aknakaabits-m-28cm-2\/","title":{"rendered":"Aknakaabits M 28cm"},"content":{"rendered":"<p>Leifheit aknakaabitsaga on k\u00f5ik aknaklaasid kristallselged ilma triipudeta.  Selle t\u00f6\u00f6vahendi abil puhastad klaaspindu nagu t\u00f5eline professionaalne aknapesija. Aknakaabitsa kummiriba eemaldab pindadelt \u00fcleliigse puhastusvahendi ja pesuvee ning kuivatab pinnad kiire, sujuva ja lihtsa liigutuse abil. Kaabitsa liigendpea on reguleeritav, mist\u00f5ttu on v\u00f5imalik selle nurka sobitada vastavalt enda vajadusele. Kaabitsa p\u00fchkimislaius 28 cm. \u00dchildub Leifheit click-s\u00fcsteemi vartega &#8211; nii on ka k\u00f5rged klaasid v\u00f5imalik puhtaks teha (ei kuulu komplekti, soeta eraldi juurde).<\/p>\n","protected":false},"excerpt":{"rendered":"<p>Leifheit aknakaabitsaga on k\u00f5ik aknaklaasid kristallselged ilma triipudeta. Selle t\u00f6\u00f6vahendi abil puhastad klaaspindu nagu t\u00f5eline professionaalne aknapesija. Aknakaabitsa kummiriba eemaldab pindadelt \u00fcleliigse puhastusvahendi ja pesuvee ning kuivatab pinnad kiire, sujuva ja lihtsa liigutuse abil. Kaabitsa liigendpea on reguleeritav, mist\u00f5ttu on v\u00f5imalik selle nurka sobitada vastavalt enda vajadusele. Kaabitsa p\u00fchkimislaius 28 cm. \u00dchildub Leifheit click-s\u00fcsteemi vartega<\/p>\n","protected":false},"featured_media":12306,"comment_status":"closed","ping_status":"open","template":"","meta":{"_acf_changed":false},"product_brand":[472],"product_cat":[409,520],"product_tag":[],"class_list":{"0":"post-12305","1":"product","2":"type-product","3":"status-publish","4":"has-post-thumbnail","6":"product_brand-leifheit","7":"product_cat-koristustarvikud","8":"product_cat-akna-ja-klaasipuhastus","9":"pa_kogus-1-tk","10":"pa_paritolumaa-saksamaa","11":"pa_uhik-tk","13":"first","14":"instock","15":"purchasable","16":"product-type-simple"},"acf":[],"_links":{"self":[{"href":"https:\/\/ursus.ee\/en\/wp-json\/wp\/v2\/product\/12305","targetHints":{"allow":["GET"]}}],"collection":[{"href":"https:\/\/ursus.ee\/en\/wp-json\/wp\/v2\/product"}],"about":[{"href":"https:\/\/ursus.ee\/en\/wp-json\/wp\/v2\/types\/product"}],"replies":[{"embeddable":true,"href":"https:\/\/ursus.ee\/en\/wp-json\/wp\/v2\/comments?post=12305"}],"wp:featuredmedia":[{"embeddable":true,"href":"https:\/\/ursus.ee\/en\/wp-json\/wp\/v2\/media\/12306"}],"wp:attachment":[{"href":"https:\/\/ursus.ee\/en\/wp-json\/wp\/v2\/media?parent=12305"}],"wp:term":[{"taxonomy":"product_brand","embeddable":true,"href":"https:\/\/ursus.ee\/en\/wp-json\/wp\/v2\/product_brand?post=12305"},{"taxonomy":"product_cat","embeddable":true,"href":"https:\/\/ursus.ee\/en\/wp-json\/wp\/v2\/product_cat?post=12305"},{"taxonomy":"product_tag","embeddable":true,"href":"https:\/\/ursus.ee\/en\/wp-json\/wp\/v2\/product_tag?post=12305"}],"curies":[{"name":"wp","href":"https:\/\/api.w.org\/{rel}","templated":true}]}}