{"id":12302,"date":"2025-12-16T18:25:23","date_gmt":"2025-12-16T16:25:23","guid":{"rendered":"https:\/\/ursus.ee\/toode\/pesukarussell-linomatic-500-deluxe-kattega-2\/"},"modified":"2026-03-27T15:47:15","modified_gmt":"2026-03-27T13:47:15","slug":"pesukarussell-linomatic-500-deluxe-kattega-2","status":"publish","type":"product","link":"https:\/\/ursus.ee\/en\/toode\/pesukarussell-linomatic-500-deluxe-kattega-2\/","title":{"rendered":"Pesukarussell Linomatic 500 Deluxe kattega"},"content":{"rendered":"<p>V\u00e4litingimustes kasutatav pesukuivatuskarussell on suure kuivatuspinnaga (kuni 50 m) ja mahutab kuni viis pesumasinat\u00e4it pesu. Karussell on valmistatud UV\u2014ja ilmastikukindlast k\u00f5rge kvaliteediga plastikust ja alumiiniumist. Toodet on mugav ja lihtne avada ning pingutusn\u00f6\u00f6r t\u00f5mbub automaatselt sisse. Samuti on mugav kuivataja sulgeda silmade k\u00f5rgusel paikneva nupule vajutusega. Sulgemisel automaatselt sisse keritavad pesun\u00f6\u00f6rid p\u00fcsivad puhtad ja ei m\u00e4\u00e4ri pesu. 8 konksu riidepuude jaoks. Valmistatud Saksamaal. Kaasas tasuta universaalne kaitsekott ja maase betoneerimiseks jalase pesa. Lisatarvikuna on v\u00f5imalik soetada ka maasse kinnituvat fiksaatorit, mida on lihtne paigaldada ja nii annab karusselli asukohta kodu\u00f5ues soovi korral alati muuta.<\/p>\n","protected":false},"excerpt":{"rendered":"<p>V\u00e4litingimustes kasutatav pesukuivatuskarussell on suure kuivatuspinnaga (kuni 50 m) ja mahutab kuni viis pesumasinat\u00e4it pesu. Karussell on valmistatud UV\u2014ja ilmastikukindlast k\u00f5rge kvaliteediga plastikust ja alumiiniumist. Toodet on mugav ja lihtne avada ning pingutusn\u00f6\u00f6r t\u00f5mbub automaatselt sisse. Samuti on mugav kuivataja sulgeda silmade k\u00f5rgusel paikneva nupule vajutusega. Sulgemisel automaatselt sisse keritavad pesun\u00f6\u00f6rid p\u00fcsivad puhtad ja ei<\/p>\n","protected":false},"featured_media":12303,"comment_status":"closed","ping_status":"closed","template":"","meta":{"_acf_changed":false},"product_brand":[472],"product_cat":[162,475],"product_tag":[],"class_list":{"0":"post-12302","1":"product","2":"type-product","3":"status-publish","4":"has-post-thumbnail","6":"product_brand-leifheit","7":"product_cat-pesuhooldus","8":"product_cat-pesukarusellid","9":"pa_kogus-1-tk","10":"pa_paritolumaa-saksamaa","11":"pa_uhik-tk","13":"first","14":"instock","15":"purchasable","16":"product-type-simple"},"acf":[],"_links":{"self":[{"href":"https:\/\/ursus.ee\/en\/wp-json\/wp\/v2\/product\/12302","targetHints":{"allow":["GET"]}}],"collection":[{"href":"https:\/\/ursus.ee\/en\/wp-json\/wp\/v2\/product"}],"about":[{"href":"https:\/\/ursus.ee\/en\/wp-json\/wp\/v2\/types\/product"}],"replies":[{"embeddable":true,"href":"https:\/\/ursus.ee\/en\/wp-json\/wp\/v2\/comments?post=12302"}],"wp:featuredmedia":[{"embeddable":true,"href":"https:\/\/ursus.ee\/en\/wp-json\/wp\/v2\/media\/12303"}],"wp:attachment":[{"href":"https:\/\/ursus.ee\/en\/wp-json\/wp\/v2\/media?parent=12302"}],"wp:term":[{"taxonomy":"product_brand","embeddable":true,"href":"https:\/\/ursus.ee\/en\/wp-json\/wp\/v2\/product_brand?post=12302"},{"taxonomy":"product_cat","embeddable":true,"href":"https:\/\/ursus.ee\/en\/wp-json\/wp\/v2\/product_cat?post=12302"},{"taxonomy":"product_tag","embeddable":true,"href":"https:\/\/ursus.ee\/en\/wp-json\/wp\/v2\/product_tag?post=12302"}],"curies":[{"name":"wp","href":"https:\/\/api.w.org\/{rel}","templated":true}]}}