{"id":12299,"date":"2025-12-16T18:25:23","date_gmt":"2025-12-16T16:25:23","guid":{"rendered":"https:\/\/ursus.ee\/toode\/pesukarussell-linomatic-400-easy-2\/"},"modified":"2026-03-27T15:47:15","modified_gmt":"2026-03-27T13:47:15","slug":"pesukarussell-linomatic-400-easy-2","status":"publish","type":"product","link":"https:\/\/ursus.ee\/en\/toode\/pesukarussell-linomatic-400-easy-2\/","title":{"rendered":"Pesukarussell Linomatic 400 Easy"},"content":{"rendered":"<p>Linomatic 400 pesukuivatuskarussell on v\u00e4lja t\u00f6\u00f6tatud spetsiaalselt v\u00e4litingimustes pesu kuivatamiseks. \u00d5ues pesu kuivatamine on energiat\u00f5hus ja riietele j\u00e4\u00e4b meeldiv v\u00e4rske l\u00f5hn. Pesukarussell on kasutamisel mugav ning turvaline. Selle pesun\u00f6\u00f6rid liiguvad kuivataja avamisel ja sulgemisel automaatselt korpuse sisse, mis kaitseb n\u00f6\u00f6re m\u00e4\u00e4rdumise ja ilmastikukahjustuste eest. Puhtad pesun\u00f6\u00f6rid, puhas pesu!<br \/>\nLeifheit Linomatic 400 pesukarussell avaneb ja sulgub kerge liigutusega t\u00e4nu Easy-Lift s\u00fcsteemile. Kuivataja avamiseks t\u00f5mmake spetsiaalsest avamisn\u00f6\u00f6rist ning kuivataja tiivakesed avanevad kerge vaevaga. Sulgemiseks vajutage silmade k\u00f5rgusel paiknevat nuppu ning pesukarusselli tiivad sulguvad sujuvalt ja pesun\u00f6\u00f6rid keritakse automaatselt sisse. Avaneb ja sulgub kerge vaevaga, ilma kummardamata ja j\u00f5udu kasutamata. Avatud olekus asetseb avamisel kasutatud n\u00f6\u00f6r turvalises k\u00f5rguses, kus puudub v\u00f5imalus sellele peale astuda, k\u00f5ndimisel takerduda ning n\u00e4iteks muruniidukiga \u00fcle s\u00f5ita.<br \/>\nKuivatuspinda kokku 40 meetrit, seega mahub pesukarussellile samaaegselt kuivama pea 4 masinat\u00e4it pesu. K\u00f5ige pikema liini pikkus 1,86 meetrit. Mugav ka suurem\u00f5\u00f5tmeliste esemete kuivatamiseks nagu voodipesud, laudlinad, tekid jne. Pesukuivatuskarusselli tiibade otstes spetsiaalsed avaused riidepuudele, millele saab riputada \u00f5rna ja kortsuvaba kuivatust vajavad esemed (triiks\u00e4rgid, pluusid).<br \/>\nK\u00f5ik pesukuivatuskarusselli materjalid on UV- ja ilmastikukindlad. Pesukuivatuskarusselli on lihtne paigaldada &#8211; komplekti kuulub spetsiaalne alus kuivataja fikseerimiseks ja turvaliseks kinnitamiseks. Alus on soovituslik valada betooni. Pesukarussell on aluselt eemaldatav. Valmistatud Saksamaal.<\/p>\n","protected":false},"excerpt":{"rendered":"<p>Linomatic 400 pesukuivatuskarussell on v\u00e4lja t\u00f6\u00f6tatud spetsiaalselt v\u00e4litingimustes pesu kuivatamiseks. \u00d5ues pesu kuivatamine on energiat\u00f5hus ja riietele j\u00e4\u00e4b meeldiv v\u00e4rske l\u00f5hn. Pesukarussell on kasutamisel mugav ning turvaline. Selle pesun\u00f6\u00f6rid liiguvad kuivataja avamisel ja sulgemisel automaatselt korpuse sisse, mis kaitseb n\u00f6\u00f6re m\u00e4\u00e4rdumise ja ilmastikukahjustuste eest. Puhtad pesun\u00f6\u00f6rid, puhas pesu! Leifheit Linomatic 400 pesukarussell avaneb ja sulgub<\/p>\n","protected":false},"featured_media":12300,"comment_status":"closed","ping_status":"closed","template":"","meta":{"_acf_changed":false},"product_brand":[472],"product_cat":[162,475],"product_tag":[],"class_list":{"0":"post-12299","1":"product","2":"type-product","3":"status-publish","4":"has-post-thumbnail","6":"product_brand-leifheit","7":"product_cat-pesuhooldus","8":"product_cat-pesukarusellid","9":"pa_kogus-1-tk","10":"pa_paritolumaa-saksamaa","11":"pa_uhik-tk","13":"first","14":"instock","15":"purchasable","16":"product-type-simple"},"acf":[],"_links":{"self":[{"href":"https:\/\/ursus.ee\/en\/wp-json\/wp\/v2\/product\/12299","targetHints":{"allow":["GET"]}}],"collection":[{"href":"https:\/\/ursus.ee\/en\/wp-json\/wp\/v2\/product"}],"about":[{"href":"https:\/\/ursus.ee\/en\/wp-json\/wp\/v2\/types\/product"}],"replies":[{"embeddable":true,"href":"https:\/\/ursus.ee\/en\/wp-json\/wp\/v2\/comments?post=12299"}],"wp:featuredmedia":[{"embeddable":true,"href":"https:\/\/ursus.ee\/en\/wp-json\/wp\/v2\/media\/12300"}],"wp:attachment":[{"href":"https:\/\/ursus.ee\/en\/wp-json\/wp\/v2\/media?parent=12299"}],"wp:term":[{"taxonomy":"product_brand","embeddable":true,"href":"https:\/\/ursus.ee\/en\/wp-json\/wp\/v2\/product_brand?post=12299"},{"taxonomy":"product_cat","embeddable":true,"href":"https:\/\/ursus.ee\/en\/wp-json\/wp\/v2\/product_cat?post=12299"},{"taxonomy":"product_tag","embeddable":true,"href":"https:\/\/ursus.ee\/en\/wp-json\/wp\/v2\/product_tag?post=12299"}],"curies":[{"name":"wp","href":"https:\/\/api.w.org\/{rel}","templated":true}]}}