{"id":12296,"date":"2025-12-16T18:25:23","date_gmt":"2025-12-16T16:25:23","guid":{"rendered":"https:\/\/ursus.ee\/toode\/pesukarussell-lino-lift-500-2\/"},"modified":"2026-03-27T15:47:15","modified_gmt":"2026-03-27T13:47:15","slug":"pesukarussell-lino-lift-500-2","status":"publish","type":"product","link":"https:\/\/ursus.ee\/en\/toode\/pesukarussell-lino-lift-500-2\/","title":{"rendered":"Pesukarussell Lino Lift 500"},"content":{"rendered":"<p>Easy-lift System avamine. Tugev ja vastupidav konstruktsioon. Kuivatuspinda 50m (~ viis masinat\u00e4it). V\u00e4limine pesun\u00f6\u00f6r 1,76m. Diagonaal 2,55m. Ilmastikukindlad, PVC kattega pesun\u00f6\u00f6rid. 12 konksu riidepuude riputamiseks. Kaasas maasse paigaldatav fiksaator. Reguleeritav k\u00f5rgus 0,85 \u2013 1,90m.<\/p>\n","protected":false},"excerpt":{"rendered":"<p>Easy-lift System avamine. Tugev ja vastupidav konstruktsioon. Kuivatuspinda 50m (~ viis masinat\u00e4it). V\u00e4limine pesun\u00f6\u00f6r 1,76m. Diagonaal 2,55m. Ilmastikukindlad, PVC kattega pesun\u00f6\u00f6rid. 12 konksu riidepuude riputamiseks. Kaasas maasse paigaldatav fiksaator. Reguleeritav k\u00f5rgus 0,85 \u2013 1,90m.<\/p>\n","protected":false},"featured_media":12297,"comment_status":"closed","ping_status":"closed","template":"","meta":{"_acf_changed":false},"product_brand":[472],"product_cat":[162,475],"product_tag":[],"class_list":{"0":"post-12296","1":"product","2":"type-product","3":"status-publish","4":"has-post-thumbnail","6":"product_brand-leifheit","7":"product_cat-pesuhooldus","8":"product_cat-pesukarusellid","9":"pa_kogus-1-tk","10":"pa_paritolumaa-saksamaa","11":"pa_uhik-tk","13":"first","14":"instock","15":"purchasable","16":"product-type-simple"},"acf":[],"_links":{"self":[{"href":"https:\/\/ursus.ee\/en\/wp-json\/wp\/v2\/product\/12296","targetHints":{"allow":["GET"]}}],"collection":[{"href":"https:\/\/ursus.ee\/en\/wp-json\/wp\/v2\/product"}],"about":[{"href":"https:\/\/ursus.ee\/en\/wp-json\/wp\/v2\/types\/product"}],"replies":[{"embeddable":true,"href":"https:\/\/ursus.ee\/en\/wp-json\/wp\/v2\/comments?post=12296"}],"wp:featuredmedia":[{"embeddable":true,"href":"https:\/\/ursus.ee\/en\/wp-json\/wp\/v2\/media\/12297"}],"wp:attachment":[{"href":"https:\/\/ursus.ee\/en\/wp-json\/wp\/v2\/media?parent=12296"}],"wp:term":[{"taxonomy":"product_brand","embeddable":true,"href":"https:\/\/ursus.ee\/en\/wp-json\/wp\/v2\/product_brand?post=12296"},{"taxonomy":"product_cat","embeddable":true,"href":"https:\/\/ursus.ee\/en\/wp-json\/wp\/v2\/product_cat?post=12296"},{"taxonomy":"product_tag","embeddable":true,"href":"https:\/\/ursus.ee\/en\/wp-json\/wp\/v2\/product_tag?post=12296"}],"curies":[{"name":"wp","href":"https:\/\/api.w.org\/{rel}","templated":true}]}}