{"id":12293,"date":"2025-12-16T18:25:23","date_gmt":"2025-12-16T16:25:23","guid":{"rendered":"https:\/\/ursus.ee\/toode\/kaitsekott-linomatic-pesukuivatajale-2\/"},"modified":"2026-03-27T15:47:15","modified_gmt":"2026-03-27T13:47:15","slug":"kaitsekott-linomatic-pesukuivatajale-2","status":"publish","type":"product","link":"https:\/\/ursus.ee\/en\/toode\/kaitsekott-linomatic-pesukuivatajale-2\/","title":{"rendered":"Kaitsekott Linomatic pesukuivatajale"},"content":{"rendered":"<p>Spetsiaalne Leifheit Linomatic kaitsekott pesukuivataja kaitsmiseks v\u00e4litingimustes. Kaitseb pesukuivatajat lume, tuule, p\u00e4ikese, m\u00e4\u00e4rdumise ja muude \u00e4\u00e4rmuslike ilmastikun\u00e4htuste eest. Kaitsekott on vastupidav ja ilmastikukindel. Kiire ja lihtne paigaldada, sulgetav lukuga. Kaitsekott on sobilik k\u00f5ikidele Leifheit kuivatajatele (v\u00e4lja arvatud Leifheit LinoProtect 400).<\/p>\n","protected":false},"excerpt":{"rendered":"<p>Spetsiaalne Leifheit Linomatic kaitsekott pesukuivataja kaitsmiseks v\u00e4litingimustes. Kaitseb pesukuivatajat lume, tuule, p\u00e4ikese, m\u00e4\u00e4rdumise ja muude \u00e4\u00e4rmuslike ilmastikun\u00e4htuste eest. Kaitsekott on vastupidav ja ilmastikukindel. Kiire ja lihtne paigaldada, sulgetav lukuga. Kaitsekott on sobilik k\u00f5ikidele Leifheit kuivatajatele (v\u00e4lja arvatud Leifheit LinoProtect 400).<\/p>\n","protected":false},"featured_media":12294,"comment_status":"closed","ping_status":"open","template":"","meta":{"_acf_changed":false},"product_brand":[472],"product_cat":[162,475],"product_tag":[],"class_list":{"0":"post-12293","1":"product","2":"type-product","3":"status-publish","4":"has-post-thumbnail","6":"product_brand-leifheit","7":"product_cat-pesuhooldus","8":"product_cat-pesukarusellid","9":"pa_kogus-1-tk","10":"pa_paritolumaa-saksamaa","11":"pa_uhik-tk","13":"first","14":"instock","15":"purchasable","16":"product-type-simple"},"acf":[],"_links":{"self":[{"href":"https:\/\/ursus.ee\/en\/wp-json\/wp\/v2\/product\/12293","targetHints":{"allow":["GET"]}}],"collection":[{"href":"https:\/\/ursus.ee\/en\/wp-json\/wp\/v2\/product"}],"about":[{"href":"https:\/\/ursus.ee\/en\/wp-json\/wp\/v2\/types\/product"}],"replies":[{"embeddable":true,"href":"https:\/\/ursus.ee\/en\/wp-json\/wp\/v2\/comments?post=12293"}],"wp:featuredmedia":[{"embeddable":true,"href":"https:\/\/ursus.ee\/en\/wp-json\/wp\/v2\/media\/12294"}],"wp:attachment":[{"href":"https:\/\/ursus.ee\/en\/wp-json\/wp\/v2\/media?parent=12293"}],"wp:term":[{"taxonomy":"product_brand","embeddable":true,"href":"https:\/\/ursus.ee\/en\/wp-json\/wp\/v2\/product_brand?post=12293"},{"taxonomy":"product_cat","embeddable":true,"href":"https:\/\/ursus.ee\/en\/wp-json\/wp\/v2\/product_cat?post=12293"},{"taxonomy":"product_tag","embeddable":true,"href":"https:\/\/ursus.ee\/en\/wp-json\/wp\/v2\/product_tag?post=12293"}],"curies":[{"name":"wp","href":"https:\/\/api.w.org\/{rel}","templated":true}]}}