{"id":12282,"date":"2025-12-16T18:25:23","date_gmt":"2025-12-16T16:25:23","guid":{"rendered":"https:\/\/ursus.ee\/toode\/pesunoor-30m-2\/"},"modified":"2026-03-27T15:47:15","modified_gmt":"2026-03-27T13:47:15","slug":"pesunoor-30m-2","status":"publish","type":"product","link":"https:\/\/ursus.ee\/en\/toode\/pesunoor-30m-2\/","title":{"rendered":"Pesun\u00f6\u00f6r 30m"},"content":{"rendered":"<p>Tugevast pol\u00fcestermaterjalist valmistatud n\u00f6\u00f6r on kaetud plastikkattega. Kattekihil on sees v\u00e4ikesed lained, mis takistavad pesu libisemist n\u00f6\u00f6ril. UV- ja ilmastikukindlast materjalist. Kuivatuspinda 30 meetrit.<\/p>\n","protected":false},"excerpt":{"rendered":"<p>Tugevast pol\u00fcestermaterjalist valmistatud n\u00f6\u00f6r on kaetud plastikkattega. Kattekihil on sees v\u00e4ikesed lained, mis takistavad pesu libisemist n\u00f6\u00f6ril. UV- ja ilmastikukindlast materjalist. Kuivatuspinda 30 meetrit.<\/p>\n","protected":false},"featured_media":12283,"comment_status":"closed","ping_status":"open","template":"","meta":{"_acf_changed":false},"product_brand":[472],"product_cat":[162,163],"product_tag":[],"class_list":{"0":"post-12282","1":"product","2":"type-product","3":"status-publish","4":"has-post-thumbnail","6":"product_brand-leifheit","7":"product_cat-pesuhooldus","8":"product_cat-pesutarvikud","9":"pa_kogus-1-tk","10":"pa_paritolumaa-saksamaa","11":"pa_uhik-tk","13":"first","14":"instock","15":"purchasable","16":"product-type-simple"},"acf":[],"_links":{"self":[{"href":"https:\/\/ursus.ee\/en\/wp-json\/wp\/v2\/product\/12282","targetHints":{"allow":["GET"]}}],"collection":[{"href":"https:\/\/ursus.ee\/en\/wp-json\/wp\/v2\/product"}],"about":[{"href":"https:\/\/ursus.ee\/en\/wp-json\/wp\/v2\/types\/product"}],"replies":[{"embeddable":true,"href":"https:\/\/ursus.ee\/en\/wp-json\/wp\/v2\/comments?post=12282"}],"wp:featuredmedia":[{"embeddable":true,"href":"https:\/\/ursus.ee\/en\/wp-json\/wp\/v2\/media\/12283"}],"wp:attachment":[{"href":"https:\/\/ursus.ee\/en\/wp-json\/wp\/v2\/media?parent=12282"}],"wp:term":[{"taxonomy":"product_brand","embeddable":true,"href":"https:\/\/ursus.ee\/en\/wp-json\/wp\/v2\/product_brand?post=12282"},{"taxonomy":"product_cat","embeddable":true,"href":"https:\/\/ursus.ee\/en\/wp-json\/wp\/v2\/product_cat?post=12282"},{"taxonomy":"product_tag","embeddable":true,"href":"https:\/\/ursus.ee\/en\/wp-json\/wp\/v2\/product_tag?post=12282"}],"curies":[{"name":"wp","href":"https:\/\/api.w.org\/{rel}","templated":true}]}}