{"id":12279,"date":"2025-12-16T18:25:23","date_gmt":"2025-12-16T16:25:23","guid":{"rendered":"https:\/\/ursus.ee\/toode\/topieemaldaja-2\/"},"modified":"2026-03-27T15:47:15","modified_gmt":"2026-03-27T13:47:15","slug":"topieemaldaja-2","status":"publish","type":"product","link":"https:\/\/ursus.ee\/en\/toode\/topieemaldaja-2\/","title":{"rendered":"Topieemaldaja"},"content":{"rendered":"<p>Eemaldab topid igasugustelt tekstiilmaterjalidelt nagu d\u017eempritelt, jakkidelt, fliisilt, tekkidelt jne ja tekstiilid n\u00e4evad taas v\u00e4lja kui uued. T\u00e4nu kaitsev\u00f5rule on ohutu kasutada ka \u00f5rnadel riietel. Teravad roosetevabast terad eemaldavad topid imelihtsalt ja kiiresti. Kergestieemaldatav ja t\u00fchjendatav l\u00e4bipaistev kogumismahuti. Kaasas on ka puhastushari, millega saab eemaldada kiud ja ebemed ka puhastusteradelt. Komplektis on kaasas 2xAA patareid.<\/p>\n","protected":false},"excerpt":{"rendered":"<p>Eemaldab topid igasugustelt tekstiilmaterjalidelt nagu d\u017eempritelt, jakkidelt, fliisilt, tekkidelt jne ja tekstiilid n\u00e4evad taas v\u00e4lja kui uued. T\u00e4nu kaitsev\u00f5rule on ohutu kasutada ka \u00f5rnadel riietel. Teravad roosetevabast terad eemaldavad topid imelihtsalt ja kiiresti. Kergestieemaldatav ja t\u00fchjendatav l\u00e4bipaistev kogumismahuti. Kaasas on ka puhastushari, millega saab eemaldada kiud ja ebemed ka puhastusteradelt. Komplektis on kaasas 2xAA patareid.<\/p>\n","protected":false},"featured_media":14548,"comment_status":"closed","ping_status":"closed","template":"","meta":{"_acf_changed":false},"product_brand":[472],"product_cat":[162,163],"product_tag":[],"class_list":{"0":"post-12279","1":"product","2":"type-product","3":"status-publish","4":"has-post-thumbnail","6":"product_brand-leifheit","7":"product_cat-pesuhooldus","8":"product_cat-pesutarvikud","9":"pa_kogus-1-tk","10":"pa_paritolumaa-saksamaa","11":"pa_uhik-tk","13":"first","14":"instock","15":"purchasable","16":"product-type-simple"},"acf":[],"_links":{"self":[{"href":"https:\/\/ursus.ee\/en\/wp-json\/wp\/v2\/product\/12279","targetHints":{"allow":["GET"]}}],"collection":[{"href":"https:\/\/ursus.ee\/en\/wp-json\/wp\/v2\/product"}],"about":[{"href":"https:\/\/ursus.ee\/en\/wp-json\/wp\/v2\/types\/product"}],"replies":[{"embeddable":true,"href":"https:\/\/ursus.ee\/en\/wp-json\/wp\/v2\/comments?post=12279"}],"wp:featuredmedia":[{"embeddable":true,"href":"https:\/\/ursus.ee\/en\/wp-json\/wp\/v2\/media\/14548"}],"wp:attachment":[{"href":"https:\/\/ursus.ee\/en\/wp-json\/wp\/v2\/media?parent=12279"}],"wp:term":[{"taxonomy":"product_brand","embeddable":true,"href":"https:\/\/ursus.ee\/en\/wp-json\/wp\/v2\/product_brand?post=12279"},{"taxonomy":"product_cat","embeddable":true,"href":"https:\/\/ursus.ee\/en\/wp-json\/wp\/v2\/product_cat?post=12279"},{"taxonomy":"product_tag","embeddable":true,"href":"https:\/\/ursus.ee\/en\/wp-json\/wp\/v2\/product_tag?post=12279"}],"curies":[{"name":"wp","href":"https:\/\/api.w.org\/{rel}","templated":true}]}}