{"id":12272,"date":"2025-12-16T18:25:23","date_gmt":"2025-12-16T16:25:23","guid":{"rendered":"https:\/\/ursus.ee\/toode\/pesuloksud-2\/"},"modified":"2026-03-27T15:47:15","modified_gmt":"2026-03-27T13:47:15","slug":"pesuloksud-2","status":"publish","type":"product","link":"https:\/\/ursus.ee\/en\/toode\/pesuloksud-2\/","title":{"rendered":"Pesul\u00f5ksud"},"content":{"rendered":"<p>Leifheit pesul\u00f5ksud on sobilikud ka \u00f5rnade kangaste riputamiseks, kuna l\u00f5ksude pind on ekstrapehme. L\u00f5ksud on mugavad kasutada t\u00e4nu laiale k\u00e4epidemele. Komplektis 25 pesul\u00f5ksu (15 sinist v\u00e4rvi ja 10 punast v\u00e4rvi).<\/p>\n","protected":false},"excerpt":{"rendered":"<p>Leifheit pesul\u00f5ksud on sobilikud ka \u00f5rnade kangaste riputamiseks, kuna l\u00f5ksude pind on ekstrapehme. L\u00f5ksud on mugavad kasutada t\u00e4nu laiale k\u00e4epidemele. Komplektis 25 pesul\u00f5ksu (15 sinist v\u00e4rvi ja 10 punast v\u00e4rvi).<\/p>\n","protected":false},"featured_media":12273,"comment_status":"closed","ping_status":"open","template":"","meta":{"_acf_changed":false},"product_brand":[472],"product_cat":[162,163],"product_tag":[],"class_list":{"0":"post-12272","1":"product","2":"type-product","3":"status-publish","4":"has-post-thumbnail","6":"product_brand-leifheit","7":"product_cat-pesuhooldus","8":"product_cat-pesutarvikud","9":"pa_kogus-25-tk","10":"pa_paritolumaa-saksamaa","11":"pa_uhik-tk","13":"first","14":"instock","15":"purchasable","16":"product-type-simple"},"acf":[],"_links":{"self":[{"href":"https:\/\/ursus.ee\/en\/wp-json\/wp\/v2\/product\/12272","targetHints":{"allow":["GET"]}}],"collection":[{"href":"https:\/\/ursus.ee\/en\/wp-json\/wp\/v2\/product"}],"about":[{"href":"https:\/\/ursus.ee\/en\/wp-json\/wp\/v2\/types\/product"}],"replies":[{"embeddable":true,"href":"https:\/\/ursus.ee\/en\/wp-json\/wp\/v2\/comments?post=12272"}],"wp:featuredmedia":[{"embeddable":true,"href":"https:\/\/ursus.ee\/en\/wp-json\/wp\/v2\/media\/12273"}],"wp:attachment":[{"href":"https:\/\/ursus.ee\/en\/wp-json\/wp\/v2\/media?parent=12272"}],"wp:term":[{"taxonomy":"product_brand","embeddable":true,"href":"https:\/\/ursus.ee\/en\/wp-json\/wp\/v2\/product_brand?post=12272"},{"taxonomy":"product_cat","embeddable":true,"href":"https:\/\/ursus.ee\/en\/wp-json\/wp\/v2\/product_cat?post=12272"},{"taxonomy":"product_tag","embeddable":true,"href":"https:\/\/ursus.ee\/en\/wp-json\/wp\/v2\/product_tag?post=12272"}],"curies":[{"name":"wp","href":"https:\/\/api.w.org\/{rel}","templated":true}]}}