{"id":12270,"date":"2025-12-16T18:25:23","date_gmt":"2025-12-16T16:25:23","guid":{"rendered":"https:\/\/ursus.ee\/toode\/pesukuivatusalus-sensitveair-ornadele-riietele-65x83cm-2\/"},"modified":"2026-03-27T15:47:15","modified_gmt":"2026-03-27T13:47:15","slug":"pesukuivatusalus-sensitveair-ornadele-riietele-65x83cm-2","status":"publish","type":"product","link":"https:\/\/ursus.ee\/en\/toode\/pesukuivatusalus-sensitveair-ornadele-riietele-65x83cm-2\/","title":{"rendered":"Pesukuivatusalus SensitveAir \u00f5rnadele riietele 65x83cm"},"content":{"rendered":"<p>Pesukuivataja Sensitive Air \u00f5rnadele riietele. Sobib kinnitamiseks teiste pesukuivatajate peale v\u00f5i eraldi kasutamiseks. M\u00f5\u00f5dud 65&#215;83 cm, kokkupandult 43&#215;43 cm.<\/p>\n","protected":false},"excerpt":{"rendered":"<p>Pesukuivataja Sensitive Air \u00f5rnadele riietele. Sobib kinnitamiseks teiste pesukuivatajate peale v\u00f5i eraldi kasutamiseks. M\u00f5\u00f5dud 65&#215;83 cm, kokkupandult 43&#215;43 cm.<\/p>\n","protected":false},"featured_media":12271,"comment_status":"closed","ping_status":"open","template":"","meta":{"_acf_changed":false},"product_brand":[472],"product_cat":[162,473],"product_tag":[],"class_list":{"0":"post-12270","1":"product","2":"type-product","3":"status-publish","4":"has-post-thumbnail","6":"product_brand-leifheit","7":"product_cat-pesuhooldus","8":"product_cat-pesukuivastusrestid","9":"pa_kogus-1-tk","10":"pa_paritolumaa-saksamaa","11":"pa_uhik-tk","13":"first","14":"instock","15":"purchasable","16":"product-type-simple"},"acf":[],"_links":{"self":[{"href":"https:\/\/ursus.ee\/en\/wp-json\/wp\/v2\/product\/12270","targetHints":{"allow":["GET"]}}],"collection":[{"href":"https:\/\/ursus.ee\/en\/wp-json\/wp\/v2\/product"}],"about":[{"href":"https:\/\/ursus.ee\/en\/wp-json\/wp\/v2\/types\/product"}],"replies":[{"embeddable":true,"href":"https:\/\/ursus.ee\/en\/wp-json\/wp\/v2\/comments?post=12270"}],"wp:featuredmedia":[{"embeddable":true,"href":"https:\/\/ursus.ee\/en\/wp-json\/wp\/v2\/media\/12271"}],"wp:attachment":[{"href":"https:\/\/ursus.ee\/en\/wp-json\/wp\/v2\/media?parent=12270"}],"wp:term":[{"taxonomy":"product_brand","embeddable":true,"href":"https:\/\/ursus.ee\/en\/wp-json\/wp\/v2\/product_brand?post=12270"},{"taxonomy":"product_cat","embeddable":true,"href":"https:\/\/ursus.ee\/en\/wp-json\/wp\/v2\/product_cat?post=12270"},{"taxonomy":"product_tag","embeddable":true,"href":"https:\/\/ursus.ee\/en\/wp-json\/wp\/v2\/product_tag?post=12270"}],"curies":[{"name":"wp","href":"https:\/\/api.w.org\/{rel}","templated":true}]}}