{"id":12251,"date":"2025-12-16T18:20:28","date_gmt":"2025-12-16T16:20:28","guid":{"rendered":"https:\/\/ursus.ee\/toode\/pesukuivataja-telegant-plus-81-2\/"},"modified":"2026-03-27T15:44:35","modified_gmt":"2026-03-27T13:44:35","slug":"pesukuivataja-telegant-plus-81-2","status":"publish","type":"product","link":"https:\/\/ursus.ee\/en\/toode\/pesukuivataja-telegant-plus-81-2\/","title":{"rendered":"Pesukuivataja Telegant Plus 81"},"content":{"rendered":"<p>Seinale paigaldatav ilmastikukindel ruumi s\u00e4\u00e4stev pesukuivataja on kompaktne, vastupidav ja kergesti suletav. Sobib kasutamiseks nii vannituppa kui ka r\u00f5dule. Pesukuivatusala 8,1m mahutab ca 1 masinat\u00e4ie pesu. 8 kuivatusn\u00f6\u00f6ri ja 1 alumiiniumist k\u00e4ter\u00e4tipuuga. Pakend sisaldab kinnitusvahendeid.<\/p>\n","protected":false},"excerpt":{"rendered":"<p>Seinale paigaldatav ilmastikukindel ruumi s\u00e4\u00e4stev pesukuivataja on kompaktne, vastupidav ja kergesti suletav. Sobib kasutamiseks nii vannituppa kui ka r\u00f5dule. Pesukuivatusala 8,1m mahutab ca 1 masinat\u00e4ie pesu. 8 kuivatusn\u00f6\u00f6ri ja 1 alumiiniumist k\u00e4ter\u00e4tipuuga. Pakend sisaldab kinnitusvahendeid.<\/p>\n","protected":false},"featured_media":12252,"comment_status":"closed","ping_status":"open","template":"","meta":{"_acf_changed":false},"product_brand":[472],"product_cat":[162,473],"product_tag":[],"class_list":{"0":"post-12251","1":"product","2":"type-product","3":"status-publish","4":"has-post-thumbnail","6":"product_brand-leifheit","7":"product_cat-pesuhooldus","8":"product_cat-pesukuivastusrestid","9":"pa_kogus-1-tk","10":"pa_paritolumaa-saksamaa","11":"pa_uhik-tk","13":"first","14":"instock","15":"purchasable","16":"product-type-simple"},"acf":[],"_links":{"self":[{"href":"https:\/\/ursus.ee\/en\/wp-json\/wp\/v2\/product\/12251","targetHints":{"allow":["GET"]}}],"collection":[{"href":"https:\/\/ursus.ee\/en\/wp-json\/wp\/v2\/product"}],"about":[{"href":"https:\/\/ursus.ee\/en\/wp-json\/wp\/v2\/types\/product"}],"replies":[{"embeddable":true,"href":"https:\/\/ursus.ee\/en\/wp-json\/wp\/v2\/comments?post=12251"}],"wp:featuredmedia":[{"embeddable":true,"href":"https:\/\/ursus.ee\/en\/wp-json\/wp\/v2\/media\/12252"}],"wp:attachment":[{"href":"https:\/\/ursus.ee\/en\/wp-json\/wp\/v2\/media?parent=12251"}],"wp:term":[{"taxonomy":"product_brand","embeddable":true,"href":"https:\/\/ursus.ee\/en\/wp-json\/wp\/v2\/product_brand?post=12251"},{"taxonomy":"product_cat","embeddable":true,"href":"https:\/\/ursus.ee\/en\/wp-json\/wp\/v2\/product_cat?post=12251"},{"taxonomy":"product_tag","embeddable":true,"href":"https:\/\/ursus.ee\/en\/wp-json\/wp\/v2\/product_tag?post=12251"}],"curies":[{"name":"wp","href":"https:\/\/api.w.org\/{rel}","templated":true}]}}