{"id":12239,"date":"2025-12-16T18:20:28","date_gmt":"2025-12-16T16:20:28","guid":{"rendered":"https:\/\/ursus.ee\/toode\/pesukuivataja-seinale-rollfix-210-2\/"},"modified":"2026-03-27T15:44:35","modified_gmt":"2026-03-27T13:44:35","slug":"pesukuivataja-seinale-rollfix-210-2","status":"publish","type":"product","link":"https:\/\/ursus.ee\/en\/toode\/pesukuivataja-seinale-rollfix-210-2\/","title":{"rendered":"Pesukuivataja seinale Rollfix 210"},"content":{"rendered":"<p>Seinale kinnituv kompaktne pesukuivataja on sobilik kasutamiseks kitsastes oludes (vannitoad, r\u00f5dud). Leifheit Rollfix 210 pesukuivataja viiel automaatselt sissekerival n\u00f6\u00f6ril on kokku 21 meetrit kuivatuspinda, mis mahutab keskmiselt 2 masinat\u00e4it pesu. Maksimaalne n\u00f6\u00f6ride pikkus v\u00e4lja t\u00f5mbamisel kuni 4,2 meetrit. Pesun\u00f6\u00f6rid kerivad seadme korpusesse automaatselt p\u00e4rast vabastamist, automaatne pinguti. Pesun\u00f6\u00f6rid on valmisatud pol\u00fcestrist.<\/p>\n","protected":false},"excerpt":{"rendered":"<p>Seinale kinnituv kompaktne pesukuivataja on sobilik kasutamiseks kitsastes oludes (vannitoad, r\u00f5dud). Leifheit Rollfix 210 pesukuivataja viiel automaatselt sissekerival n\u00f6\u00f6ril on kokku 21 meetrit kuivatuspinda, mis mahutab keskmiselt 2 masinat\u00e4it pesu. Maksimaalne n\u00f6\u00f6ride pikkus v\u00e4lja t\u00f5mbamisel kuni 4,2 meetrit. Pesun\u00f6\u00f6rid kerivad seadme korpusesse automaatselt p\u00e4rast vabastamist, automaatne pinguti. Pesun\u00f6\u00f6rid on valmisatud pol\u00fcestrist.<\/p>\n","protected":false},"featured_media":12240,"comment_status":"closed","ping_status":"open","template":"","meta":{"_acf_changed":false},"product_brand":[472],"product_cat":[162,473],"product_tag":[],"class_list":{"0":"post-12239","1":"product","2":"type-product","3":"status-publish","4":"has-post-thumbnail","6":"product_brand-leifheit","7":"product_cat-pesuhooldus","8":"product_cat-pesukuivastusrestid","9":"pa_kogus-1-tk","10":"pa_paritolumaa-saksamaa","11":"pa_uhik-tk","13":"first","14":"instock","15":"purchasable","16":"product-type-simple"},"acf":[],"_links":{"self":[{"href":"https:\/\/ursus.ee\/en\/wp-json\/wp\/v2\/product\/12239","targetHints":{"allow":["GET"]}}],"collection":[{"href":"https:\/\/ursus.ee\/en\/wp-json\/wp\/v2\/product"}],"about":[{"href":"https:\/\/ursus.ee\/en\/wp-json\/wp\/v2\/types\/product"}],"replies":[{"embeddable":true,"href":"https:\/\/ursus.ee\/en\/wp-json\/wp\/v2\/comments?post=12239"}],"wp:featuredmedia":[{"embeddable":true,"href":"https:\/\/ursus.ee\/en\/wp-json\/wp\/v2\/media\/12240"}],"wp:attachment":[{"href":"https:\/\/ursus.ee\/en\/wp-json\/wp\/v2\/media?parent=12239"}],"wp:term":[{"taxonomy":"product_brand","embeddable":true,"href":"https:\/\/ursus.ee\/en\/wp-json\/wp\/v2\/product_brand?post=12239"},{"taxonomy":"product_cat","embeddable":true,"href":"https:\/\/ursus.ee\/en\/wp-json\/wp\/v2\/product_cat?post=12239"},{"taxonomy":"product_tag","embeddable":true,"href":"https:\/\/ursus.ee\/en\/wp-json\/wp\/v2\/product_tag?post=12239"}],"curies":[{"name":"wp","href":"https:\/\/api.w.org\/{rel}","templated":true}]}}