{"id":12230,"date":"2025-12-16T18:20:28","date_gmt":"2025-12-16T16:20:28","guid":{"rendered":"https:\/\/ursus.ee\/toode\/pesukuivatusrest-pegasus-200-solid-comfort-2\/"},"modified":"2026-03-27T15:44:35","modified_gmt":"2026-03-27T13:44:35","slug":"pesukuivatusrest-pegasus-200-solid-comfort-2","status":"publish","type":"product","link":"https:\/\/ursus.ee\/en\/toode\/pesukuivatusrest-pegasus-200-solid-comfort-2\/","title":{"rendered":"Pesukuivatusrest Pegasus 200 Solid Comfort"},"content":{"rendered":"<p>Leifheit Pegasus 200 Solid Comfort pesukuivatajal on olemas k\u00f5ik funktsioonid, mida kasutajad pesukuivataja valikul enim silmas peavad. Pesukuivataja on tugev, stabiilne ja vastupidav, kannatab suures koguses m\u00e4rja pesu kuivatamiseks. Sobib kasutamiseks nii sise- kui ka v\u00e4litingimustes. Pesukuivataja riputuspind on kaetud pulberv\u00e4rvi kihiga, mis on vastupidav ka sagedasel kasutamisel ning t\u00e4ielikult roostekindel. Puuduvad n\u00e4htavad keevituskohad. Kuivatuspinda 20 meetrit, mis on sobilik 2 masinat\u00e4ie pesu samaaegseks kuivatamiseks. Kuivatajal on kaks spetsiaalset v\u00e4ljat\u00f5mmatavat tiiba, millel on mugav kuivatada pikki esemeid (saunalinad, voodipesu, tekid jne) ning t\u00e4nu k\u00f5rgusele ei puutu kuivatatavad esemed p\u00f5randapinda. Tiibade maksimaalne k\u00f5rgus 107 cm. Pesukuivajata tiibade kahel \u00e4\u00e4rmisel traadil on spetsiaalne laineline disain, millele on mugav riputada riidepuudel kuivavaid riideesemeid. Riidepuud fikseeruvad etten\u00e4htud kohtadele ning ei liigu paigast ka suurema tuulega. Komplekti kuulub ka 5 vastupidavast plastikust riidepuud. Komplekti kuulub ka spetsiaalne v\u00e4ikeste esemete hoidja, mis s\u00e4\u00e4stab oluliselt praktilist kuivatuspinda. Sellele on v\u00e4ga mugav riputada sokid, aluspesu, taskur\u00e4tikud ja muud v\u00e4ikesed esemed ilma pesul\u00f5kse kasutamata. Lisatarvikuna on Pegasus 200 pesukuivataja komplekti s ka raamile kinnituv praktiline hoiukott pesul\u00f5ksudele, mis muudab kasutamise veelgi lihtsamaks kuna pesul\u00f5ksud on alati k\u00e4ep\u00e4rast saadaval (l\u00f5ksud ei kuulu komplekti). Pegasus 200 pesukuivataja avamine ja sulgemine on lihtne ning ei vaja kasutajalt j\u00f5udu.<\/p>\n","protected":false},"excerpt":{"rendered":"<p>Leifheit Pegasus 200 Solid Comfort pesukuivatajal on olemas k\u00f5ik funktsioonid, mida kasutajad pesukuivataja valikul enim silmas peavad. Pesukuivataja on tugev, stabiilne ja vastupidav, kannatab suures koguses m\u00e4rja pesu kuivatamiseks. Sobib kasutamiseks nii sise- kui ka v\u00e4litingimustes. Pesukuivataja riputuspind on kaetud pulberv\u00e4rvi kihiga, mis on vastupidav ka sagedasel kasutamisel ning t\u00e4ielikult roostekindel. Puuduvad n\u00e4htavad keevituskohad. Kuivatuspinda<\/p>\n","protected":false},"featured_media":12231,"comment_status":"closed","ping_status":"closed","template":"","meta":{"_acf_changed":false},"product_brand":[472],"product_cat":[162,473],"product_tag":[],"class_list":{"0":"post-12230","1":"product","2":"type-product","3":"status-publish","4":"has-post-thumbnail","6":"product_brand-leifheit","7":"product_cat-pesuhooldus","8":"product_cat-pesukuivastusrestid","9":"pa_kogus-1-tk","10":"pa_paritolumaa-saksamaa","11":"pa_uhik-tk","13":"first","14":"instock","15":"purchasable","16":"product-type-simple"},"acf":[],"_links":{"self":[{"href":"https:\/\/ursus.ee\/en\/wp-json\/wp\/v2\/product\/12230","targetHints":{"allow":["GET"]}}],"collection":[{"href":"https:\/\/ursus.ee\/en\/wp-json\/wp\/v2\/product"}],"about":[{"href":"https:\/\/ursus.ee\/en\/wp-json\/wp\/v2\/types\/product"}],"replies":[{"embeddable":true,"href":"https:\/\/ursus.ee\/en\/wp-json\/wp\/v2\/comments?post=12230"}],"wp:featuredmedia":[{"embeddable":true,"href":"https:\/\/ursus.ee\/en\/wp-json\/wp\/v2\/media\/12231"}],"wp:attachment":[{"href":"https:\/\/ursus.ee\/en\/wp-json\/wp\/v2\/media?parent=12230"}],"wp:term":[{"taxonomy":"product_brand","embeddable":true,"href":"https:\/\/ursus.ee\/en\/wp-json\/wp\/v2\/product_brand?post=12230"},{"taxonomy":"product_cat","embeddable":true,"href":"https:\/\/ursus.ee\/en\/wp-json\/wp\/v2\/product_cat?post=12230"},{"taxonomy":"product_tag","embeddable":true,"href":"https:\/\/ursus.ee\/en\/wp-json\/wp\/v2\/product_tag?post=12230"}],"curies":[{"name":"wp","href":"https:\/\/api.w.org\/{rel}","templated":true}]}}