{"id":12223,"date":"2025-12-16T18:20:28","date_gmt":"2025-12-16T16:20:28","guid":{"rendered":"https:\/\/ursus.ee\/toode\/pesukuivatusrest-pegasus-180-black-diamond-2\/"},"modified":"2026-03-27T15:44:35","modified_gmt":"2026-03-27T13:44:35","slug":"pesukuivatusrest-pegasus-180-black-diamond-2","status":"publish","type":"product","link":"https:\/\/ursus.ee\/en\/toode\/pesukuivatusrest-pegasus-180-black-diamond-2\/","title":{"rendered":"Pesukuivatusrest Pegasus 180 Black Diamond"},"content":{"rendered":"<p>Stabiilne, tugev, vastupidav 18m kuivatuspinnaga pesukuivatusrest atraktiivse musta ja antratsiit v\u00e4rviga. Pesurest on kaetud spetsiaalse pulberv\u00e4rvikihiga, mis on vastupidav, kaitseb terast ja on roostekindel. Mahutab kuni 2 pesumasinat\u00e4it pesu kuivama. Komplekti kuulub 2 spetsiaalset v\u00e4ikeste esemete hoidjat, mis kinnituvad pesukuivataja raamile. Sellele on v\u00e4ga mugav riputada sokid, aluspesu, taskur\u00e4tikud jne ilma pesul\u00f5kse kasutamata. Kokkupandult on kompaktne ja v\u00f5tab v\u00e4he ruumi. 5 aastat garantiid.<\/p>\n","protected":false},"excerpt":{"rendered":"<p>Stabiilne, tugev, vastupidav 18m kuivatuspinnaga pesukuivatusrest atraktiivse musta ja antratsiit v\u00e4rviga. Pesurest on kaetud spetsiaalse pulberv\u00e4rvikihiga, mis on vastupidav, kaitseb terast ja on roostekindel. Mahutab kuni 2 pesumasinat\u00e4it pesu kuivama. Komplekti kuulub 2 spetsiaalset v\u00e4ikeste esemete hoidjat, mis kinnituvad pesukuivataja raamile. Sellele on v\u00e4ga mugav riputada sokid, aluspesu, taskur\u00e4tikud jne ilma pesul\u00f5kse kasutamata. Kokkupandult on<\/p>\n","protected":false},"featured_media":12224,"comment_status":"closed","ping_status":"closed","template":"","meta":{"_acf_changed":false},"product_brand":[472],"product_cat":[162,473],"product_tag":[],"class_list":{"0":"post-12223","1":"product","2":"type-product","3":"status-publish","4":"has-post-thumbnail","6":"product_brand-leifheit","7":"product_cat-pesuhooldus","8":"product_cat-pesukuivastusrestid","9":"pa_kogus-1-tk","10":"pa_paritolumaa-saksamaa","11":"pa_uhik-tk","13":"first","14":"instock","15":"purchasable","16":"product-type-simple"},"acf":[],"_links":{"self":[{"href":"https:\/\/ursus.ee\/en\/wp-json\/wp\/v2\/product\/12223","targetHints":{"allow":["GET"]}}],"collection":[{"href":"https:\/\/ursus.ee\/en\/wp-json\/wp\/v2\/product"}],"about":[{"href":"https:\/\/ursus.ee\/en\/wp-json\/wp\/v2\/types\/product"}],"replies":[{"embeddable":true,"href":"https:\/\/ursus.ee\/en\/wp-json\/wp\/v2\/comments?post=12223"}],"wp:featuredmedia":[{"embeddable":true,"href":"https:\/\/ursus.ee\/en\/wp-json\/wp\/v2\/media\/12224"}],"wp:attachment":[{"href":"https:\/\/ursus.ee\/en\/wp-json\/wp\/v2\/media?parent=12223"}],"wp:term":[{"taxonomy":"product_brand","embeddable":true,"href":"https:\/\/ursus.ee\/en\/wp-json\/wp\/v2\/product_brand?post=12223"},{"taxonomy":"product_cat","embeddable":true,"href":"https:\/\/ursus.ee\/en\/wp-json\/wp\/v2\/product_cat?post=12223"},{"taxonomy":"product_tag","embeddable":true,"href":"https:\/\/ursus.ee\/en\/wp-json\/wp\/v2\/product_tag?post=12223"}],"curies":[{"name":"wp","href":"https:\/\/api.w.org\/{rel}","templated":true}]}}