{"id":12217,"date":"2025-12-16T18:20:28","date_gmt":"2025-12-16T16:20:28","guid":{"rendered":"https:\/\/ursus.ee\/toode\/pesukuivatusrest-pegasus-150-2\/"},"modified":"2026-03-27T15:44:35","modified_gmt":"2026-03-27T13:44:35","slug":"pesukuivatusrest-pegasus-150-2","status":"publish","type":"product","link":"https:\/\/ursus.ee\/en\/toode\/pesukuivatusrest-pegasus-150-2\/","title":{"rendered":"Pesukuivatusrest Pegasus 150"},"content":{"rendered":"<p>Leifheit Pegasus 150 Solid Slim pesukuivataja on kompaktne, mugav ja praktiline. T\u00e4nu oma kompaktsele laiusele (55 cm) mahub see l\u00e4bi pea igast standardlaiusega uksest ning seega on seda vajadusel mugav liigutada \u00fchest eluruumist teise ja sademete korral r\u00f5dult v\u00f5i terassilt tuppa. Pegasus 150 Solid Slim pesukuivataja on tugev, stabiilne ja vastupidav ning sobilik suures koguses m\u00e4rja pesu kuivatamiseks. Selle jalad on stabiilsed ja libisemiskindlad, sobilikud kasutamiseks nii terassil, murul kui ka sisetingimuste siledatel pindadel. Sobib ideaalselt kasutamiseks nii sise- kui ka v\u00e4litingimustes. Pesukuivataja riputuspind on kaetud pulberv\u00e4rvi kihiga, mis on vastupidav ka sagedasel kasutamisel ning t\u00e4ielikult roostekindel. Puuduvad n\u00e4htavad keevituskohad. Kuivatuspinda 15 meetrit, mis on sobilik pea 2 masinat\u00e4ie pesu samaaegseks kuivatamiseks. Kuivatajal on kaks spetsiaalset v\u00e4ljat\u00f5mmatavat tiiba, millel on mugav kuivatada pikki esemeid (saunalinad, voodipesu, tekid jne) ning t\u00e4nu k\u00f5rgusele ei puutu kuivatatavad esemed p\u00f5randapinda. Tiibade maksimaalne k\u00f5rgus 105 cm. Komplekti kuulub 2 spetsiaalset v\u00e4ikeste esemete hoidjat, mis kinnituvad pesukuivataja raamile ning need s\u00e4\u00e4stavad oluliselt praktilist kuivatuspinda. Sellele on v\u00e4ga mugav riputada sokid, aluspesu, taskur\u00e4tikud ja muud v\u00e4ikesed esemed ilma pesul\u00f5kse kasutamata. Lisatarvikuna on Pegasus 150 pesukuivatajale soetada ka raamile kinnituv praktiline hoiukott pesul\u00f5ksudele, mis muudab kasutamise veelgi lihtsamaks kuna pesul\u00f5ksud on alati k\u00e4ep\u00e4rast saadaval (ei kuulu komplekti). Pegasus 150 Solid Slim pesukuivataja avamine ja sulgemine on lihtne ning ei vaja kasutajalt j\u00f5udu.<\/p>\n","protected":false},"excerpt":{"rendered":"<p>Leifheit Pegasus 150 Solid Slim pesukuivataja on kompaktne, mugav ja praktiline. T\u00e4nu oma kompaktsele laiusele (55 cm) mahub see l\u00e4bi pea igast standardlaiusega uksest ning seega on seda vajadusel mugav liigutada \u00fchest eluruumist teise ja sademete korral r\u00f5dult v\u00f5i terassilt tuppa. Pegasus 150 Solid Slim pesukuivataja on tugev, stabiilne ja vastupidav ning sobilik suures koguses<\/p>\n","protected":false},"featured_media":14326,"comment_status":"closed","ping_status":"closed","template":"","meta":{"_acf_changed":false},"product_brand":[472],"product_cat":[162,473],"product_tag":[],"class_list":{"0":"post-12217","1":"product","2":"type-product","3":"status-publish","4":"has-post-thumbnail","6":"product_brand-leifheit","7":"product_cat-pesuhooldus","8":"product_cat-pesukuivastusrestid","9":"pa_kogus-1-tk","10":"pa_paritolumaa-saksamaa","11":"pa_uhik-tk","13":"first","14":"instock","15":"purchasable","16":"product-type-simple"},"acf":[],"_links":{"self":[{"href":"https:\/\/ursus.ee\/en\/wp-json\/wp\/v2\/product\/12217","targetHints":{"allow":["GET"]}}],"collection":[{"href":"https:\/\/ursus.ee\/en\/wp-json\/wp\/v2\/product"}],"about":[{"href":"https:\/\/ursus.ee\/en\/wp-json\/wp\/v2\/types\/product"}],"replies":[{"embeddable":true,"href":"https:\/\/ursus.ee\/en\/wp-json\/wp\/v2\/comments?post=12217"}],"wp:featuredmedia":[{"embeddable":true,"href":"https:\/\/ursus.ee\/en\/wp-json\/wp\/v2\/media\/14326"}],"wp:attachment":[{"href":"https:\/\/ursus.ee\/en\/wp-json\/wp\/v2\/media?parent=12217"}],"wp:term":[{"taxonomy":"product_brand","embeddable":true,"href":"https:\/\/ursus.ee\/en\/wp-json\/wp\/v2\/product_brand?post=12217"},{"taxonomy":"product_cat","embeddable":true,"href":"https:\/\/ursus.ee\/en\/wp-json\/wp\/v2\/product_cat?post=12217"},{"taxonomy":"product_tag","embeddable":true,"href":"https:\/\/ursus.ee\/en\/wp-json\/wp\/v2\/product_tag?post=12217"}],"curies":[{"name":"wp","href":"https:\/\/api.w.org\/{rel}","templated":true}]}}