{"id":12208,"date":"2025-12-16T18:20:28","date_gmt":"2025-12-16T16:20:28","guid":{"rendered":"https:\/\/ursus.ee\/toode\/pesukuivatusrest-classic-180-solid-2\/"},"modified":"2026-03-27T15:44:35","modified_gmt":"2026-03-27T13:44:35","slug":"pesukuivatusrest-classic-180-solid-2","status":"publish","type":"product","link":"https:\/\/ursus.ee\/en\/toode\/pesukuivatusrest-classic-180-solid-2\/","title":{"rendered":"Pesukuivatusrest Classic 180 Solid"},"content":{"rendered":"<p>Vastupidav, stabiilne ja mahukas pesukuivatusrest, mis on sobilik kasutamiseks nii sise- kui ka v\u00e4litingimustes. Kuivatuspinda kokku 18 meetrit, mis mahutab keskmiselt kaks pesumasinat\u00e4it pesu. Lahtik\u00e4ivate tiibade k\u00f5rgus 97cm, mis on sobilik ka n\u00e4iteks voodipesude ja muude suurte esemete kuivatamiseks. Pesukuivatusrestil on spetsiaalsed avaused riidepuude riputamiseks.<\/p>\n","protected":false},"excerpt":{"rendered":"<p>Vastupidav, stabiilne ja mahukas pesukuivatusrest, mis on sobilik kasutamiseks nii sise- kui ka v\u00e4litingimustes. Kuivatuspinda kokku 18 meetrit, mis mahutab keskmiselt kaks pesumasinat\u00e4it pesu. Lahtik\u00e4ivate tiibade k\u00f5rgus 97cm, mis on sobilik ka n\u00e4iteks voodipesude ja muude suurte esemete kuivatamiseks. Pesukuivatusrestil on spetsiaalsed avaused riidepuude riputamiseks.<\/p>\n","protected":false},"featured_media":12209,"comment_status":"closed","ping_status":"closed","template":"","meta":{"_acf_changed":false},"product_brand":[472],"product_cat":[162,473],"product_tag":[],"class_list":{"0":"post-12208","1":"product","2":"type-product","3":"status-publish","4":"has-post-thumbnail","6":"product_brand-leifheit","7":"product_cat-pesuhooldus","8":"product_cat-pesukuivastusrestid","9":"pa_kogus-1-tk","10":"pa_paritolumaa-saksamaa","11":"pa_uhik-tk","13":"first","14":"instock","15":"purchasable","16":"product-type-simple"},"acf":[],"_links":{"self":[{"href":"https:\/\/ursus.ee\/en\/wp-json\/wp\/v2\/product\/12208","targetHints":{"allow":["GET"]}}],"collection":[{"href":"https:\/\/ursus.ee\/en\/wp-json\/wp\/v2\/product"}],"about":[{"href":"https:\/\/ursus.ee\/en\/wp-json\/wp\/v2\/types\/product"}],"replies":[{"embeddable":true,"href":"https:\/\/ursus.ee\/en\/wp-json\/wp\/v2\/comments?post=12208"}],"wp:featuredmedia":[{"embeddable":true,"href":"https:\/\/ursus.ee\/en\/wp-json\/wp\/v2\/media\/12209"}],"wp:attachment":[{"href":"https:\/\/ursus.ee\/en\/wp-json\/wp\/v2\/media?parent=12208"}],"wp:term":[{"taxonomy":"product_brand","embeddable":true,"href":"https:\/\/ursus.ee\/en\/wp-json\/wp\/v2\/product_brand?post=12208"},{"taxonomy":"product_cat","embeddable":true,"href":"https:\/\/ursus.ee\/en\/wp-json\/wp\/v2\/product_cat?post=12208"},{"taxonomy":"product_tag","embeddable":true,"href":"https:\/\/ursus.ee\/en\/wp-json\/wp\/v2\/product_tag?post=12208"}],"curies":[{"name":"wp","href":"https:\/\/api.w.org\/{rel}","templated":true}]}}