{"id":12198,"date":"2025-12-16T18:20:28","date_gmt":"2025-12-16T16:20:28","guid":{"rendered":"https:\/\/ursus.ee\/toode\/digitaalne-koogikaal-page-compact-300-marble-2\/"},"modified":"2026-03-27T16:15:08","modified_gmt":"2026-03-27T14:15:08","slug":"digitaalne-koogikaal-page-compact-300-marble-2","status":"publish","type":"product","link":"https:\/\/ursus.ee\/en\/toode\/digitaalne-koogikaal-page-compact-300-marble-2\/","title":{"rendered":"Digitaalne k\u00f6\u00f6gikaal Page Compact 300 marble"},"content":{"rendered":"<p>Page Compact 300 on kauni loodusliku marmori efektiga k\u00f6\u00f6gikaal, mis sobib igap\u00e4evaseks kasutamiseks. Ruumis\u00e4\u00e4stlik \u00f5huke ja kompaktne disain. Maksimaalne kaal 5kg, kaalmust\u00e4psus 1g. Selge ja h\u00e4sti loetav LCD displei, numbrite k\u00f5rgus 12mm. Puutetundlik ekraan reageerib ka kergetele vajutustele. Puuduvad eenduvad nupud, lihtne puhastada ja h\u00fcgieeniline. Kaalu jalgadel on spetsiaalne nakkumisvastane kate, mis muudab kasutamise turvaliseks. Praktiline taarafunktsioon v\u00f5imaldab mitmed koostisosad kaaluda \u00fchte anumasse. Automaatne v\u00e4ljal\u00fclitus. Toode on varustatud praktilise riputusaasaga, mis v\u00f5imaldab selle ruumis\u00e4\u00e4stlikku hoiustamist. Toode on koheselt kasutusvalmis, patareid kuuluvad komplekti. Patareide kaas on kruvikinnitusega, turvaline kasutamiseks ka lastele.<\/p>\n","protected":false},"excerpt":{"rendered":"<p>Page Compact 300 on kauni loodusliku marmori efektiga k\u00f6\u00f6gikaal, mis sobib igap\u00e4evaseks kasutamiseks. Ruumis\u00e4\u00e4stlik \u00f5huke ja kompaktne disain. Maksimaalne kaal 5kg, kaalmust\u00e4psus 1g. Selge ja h\u00e4sti loetav LCD displei, numbrite k\u00f5rgus 12mm. Puutetundlik ekraan reageerib ka kergetele vajutustele. Puuduvad eenduvad nupud, lihtne puhastada ja h\u00fcgieeniline. Kaalu jalgadel on spetsiaalne nakkumisvastane kate, mis muudab kasutamise turvaliseks.<\/p>\n","protected":false},"featured_media":12199,"comment_status":"closed","ping_status":"open","template":"","meta":{"_acf_changed":false},"product_brand":[467],"product_cat":[405,471],"product_tag":[],"class_list":{"0":"post-12198","1":"product","2":"type-product","3":"status-publish","4":"has-post-thumbnail","6":"product_brand-soehnle","7":"product_cat-koogitarbed","8":"product_cat-koogikaalud","9":"pa_kogus-1-tk","10":"pa_paritolumaa-saksamaa","11":"pa_uhik-tk","13":"first","14":"instock","15":"purchasable","16":"product-type-simple"},"acf":[],"_links":{"self":[{"href":"https:\/\/ursus.ee\/en\/wp-json\/wp\/v2\/product\/12198","targetHints":{"allow":["GET"]}}],"collection":[{"href":"https:\/\/ursus.ee\/en\/wp-json\/wp\/v2\/product"}],"about":[{"href":"https:\/\/ursus.ee\/en\/wp-json\/wp\/v2\/types\/product"}],"replies":[{"embeddable":true,"href":"https:\/\/ursus.ee\/en\/wp-json\/wp\/v2\/comments?post=12198"}],"wp:featuredmedia":[{"embeddable":true,"href":"https:\/\/ursus.ee\/en\/wp-json\/wp\/v2\/media\/12199"}],"wp:attachment":[{"href":"https:\/\/ursus.ee\/en\/wp-json\/wp\/v2\/media?parent=12198"}],"wp:term":[{"taxonomy":"product_brand","embeddable":true,"href":"https:\/\/ursus.ee\/en\/wp-json\/wp\/v2\/product_brand?post=12198"},{"taxonomy":"product_cat","embeddable":true,"href":"https:\/\/ursus.ee\/en\/wp-json\/wp\/v2\/product_cat?post=12198"},{"taxonomy":"product_tag","embeddable":true,"href":"https:\/\/ursus.ee\/en\/wp-json\/wp\/v2\/product_tag?post=12198"}],"curies":[{"name":"wp","href":"https:\/\/api.w.org\/{rel}","templated":true}]}}