{"id":12195,"date":"2025-12-16T18:17:38","date_gmt":"2025-12-16T16:17:38","guid":{"rendered":"https:\/\/ursus.ee\/toode\/digitaalne-koogikaal-page-comfort-400-10kg-2\/"},"modified":"2026-03-27T16:15:08","modified_gmt":"2026-03-27T14:15:08","slug":"digitaalne-koogikaal-page-comfort-400-10kg-2","status":"publish","type":"product","link":"https:\/\/ursus.ee\/en\/toode\/digitaalne-koogikaal-page-comfort-400-10kg-2\/","title":{"rendered":"Digitaalne k\u00f6\u00f6gikaal Page Comfort 400 10kg"},"content":{"rendered":"<p>Page Comfort 400 puhul on tegemist v\u00e4ga nutika tootega, kui toodet ei kasutata k\u00f6\u00f6gikaaluna siis on seda v\u00f5imalik panna n\u00e4itama aega digitaalse kellana, j\u00e4lgimaks n\u00e4iteks toidu k\u00fcpsemisaega. V\u00e4ga kompaktne disain, v\u00f5tab k\u00f6\u00f6gikapis v\u00e4he ruumi. K\u00f6\u00f6gikaalu jalgadel on spetsiaalne libisemisvastane kate, mis muudab selle stabiilseks ja turvaliseks. Kaalu tagak\u00fcljel on praktiline riputuskonks, mille abil on seda v\u00f5imalik riputada erinevatele pindadele. Suur ja kergesti loetav LCD puutetundlik ekraan t\u00f6\u00f6tab kergete vajutustega. Puuduvad eenduvad nupud &#8211; lihtne puhastada ja h\u00fcgieeniline. Maksimaalne kaal 10 kg, kaalumist\u00e4psus 1g. Suur ja tugev kaalumisplatvorm v\u00f5imalab seda kasutada ka raskete ja suurem\u00f5\u00f5tmeliste pottide ja pannidga. Praktiline taarafunktsioon v\u00f5imaldab mitmed toiduained kaaluda samasse anumasse. Automaatne sisse- ja v\u00e4ljal\u00fclitus. K\u00f6\u00f6gikaal on koheselt kasutusvalmis, patareid kuuluvad komplekti.<\/p>\n","protected":false},"excerpt":{"rendered":"<p>Page Comfort 400 puhul on tegemist v\u00e4ga nutika tootega, kui toodet ei kasutata k\u00f6\u00f6gikaaluna siis on seda v\u00f5imalik panna n\u00e4itama aega digitaalse kellana, j\u00e4lgimaks n\u00e4iteks toidu k\u00fcpsemisaega. V\u00e4ga kompaktne disain, v\u00f5tab k\u00f6\u00f6gikapis v\u00e4he ruumi. K\u00f6\u00f6gikaalu jalgadel on spetsiaalne libisemisvastane kate, mis muudab selle stabiilseks ja turvaliseks. Kaalu tagak\u00fcljel on praktiline riputuskonks, mille abil on seda<\/p>\n","protected":false},"featured_media":14473,"comment_status":"closed","ping_status":"closed","template":"","meta":{"_acf_changed":false},"product_brand":[467],"product_cat":[405,471],"product_tag":[],"class_list":{"0":"post-12195","1":"product","2":"type-product","3":"status-publish","4":"has-post-thumbnail","6":"product_brand-soehnle","7":"product_cat-koogitarbed","8":"product_cat-koogikaalud","9":"pa_kogus-1-tk","10":"pa_paritolumaa-saksamaa","11":"pa_uhik-tk","13":"first","14":"instock","15":"purchasable","16":"product-type-simple"},"acf":[],"_links":{"self":[{"href":"https:\/\/ursus.ee\/en\/wp-json\/wp\/v2\/product\/12195","targetHints":{"allow":["GET"]}}],"collection":[{"href":"https:\/\/ursus.ee\/en\/wp-json\/wp\/v2\/product"}],"about":[{"href":"https:\/\/ursus.ee\/en\/wp-json\/wp\/v2\/types\/product"}],"replies":[{"embeddable":true,"href":"https:\/\/ursus.ee\/en\/wp-json\/wp\/v2\/comments?post=12195"}],"wp:featuredmedia":[{"embeddable":true,"href":"https:\/\/ursus.ee\/en\/wp-json\/wp\/v2\/media\/14473"}],"wp:attachment":[{"href":"https:\/\/ursus.ee\/en\/wp-json\/wp\/v2\/media?parent=12195"}],"wp:term":[{"taxonomy":"product_brand","embeddable":true,"href":"https:\/\/ursus.ee\/en\/wp-json\/wp\/v2\/product_brand?post=12195"},{"taxonomy":"product_cat","embeddable":true,"href":"https:\/\/ursus.ee\/en\/wp-json\/wp\/v2\/product_cat?post=12195"},{"taxonomy":"product_tag","embeddable":true,"href":"https:\/\/ursus.ee\/en\/wp-json\/wp\/v2\/product_tag?post=12195"}],"curies":[{"name":"wp","href":"https:\/\/api.w.org\/{rel}","templated":true}]}}