{"id":12190,"date":"2025-12-16T18:17:38","date_gmt":"2025-12-16T16:17:38","guid":{"rendered":"https:\/\/ursus.ee\/toode\/digitaalne-koogikaal-page-comfort-mosaic-2\/"},"modified":"2026-03-27T16:15:08","modified_gmt":"2026-03-27T14:15:08","slug":"digitaalne-koogikaal-page-comfort-mosaic-2","status":"publish","type":"product","link":"https:\/\/ursus.ee\/en\/toode\/digitaalne-koogikaal-page-comfort-mosaic-2\/","title":{"rendered":"Digitaalne k\u00f6\u00f6gikaal Page Comfort Mosaic"},"content":{"rendered":"<p>Ruumis\u00e4\u00e4stliku \u00f5hukese disainiga erilise mosaiiktekstuuriga pealispinnaga k\u00f6\u00f6gikaal.Suure kandev\u00f5imega kuni 10kg. Selge ja h\u00e4sti loetava LCD displeiga. Puutetundlik ekraan. Kaalu jalad on spetsiaalsete nakkumis- ja libisemisvastase kattega, mis muudab kaalu kasutamise turvaliseks. Taarafunkstiooniga. Automaatne v\u00e4ljal\u00fclitus. Kaalul on kaasas pika elueaga patarei, mis kinnitub turvalisuse huvides kruvidega.<\/p>\n","protected":false},"excerpt":{"rendered":"<p>Ruumis\u00e4\u00e4stliku \u00f5hukese disainiga erilise mosaiiktekstuuriga pealispinnaga k\u00f6\u00f6gikaal.Suure kandev\u00f5imega kuni 10kg. Selge ja h\u00e4sti loetava LCD displeiga. Puutetundlik ekraan. Kaalu jalad on spetsiaalsete nakkumis- ja libisemisvastase kattega, mis muudab kaalu kasutamise turvaliseks. Taarafunkstiooniga. Automaatne v\u00e4ljal\u00fclitus. Kaalul on kaasas pika elueaga patarei, mis kinnitub turvalisuse huvides kruvidega.<\/p>\n","protected":false},"featured_media":12191,"comment_status":"closed","ping_status":"open","template":"","meta":{"_acf_changed":false},"product_brand":[467],"product_cat":[405,471],"product_tag":[],"class_list":{"0":"post-12190","1":"product","2":"type-product","3":"status-publish","4":"has-post-thumbnail","6":"product_brand-soehnle","7":"product_cat-koogitarbed","8":"product_cat-koogikaalud","9":"pa_kogus-1-tk","10":"pa_paritolumaa-saksamaa","11":"pa_uhik-tk","13":"first","14":"instock","15":"purchasable","16":"product-type-simple"},"acf":[],"_links":{"self":[{"href":"https:\/\/ursus.ee\/en\/wp-json\/wp\/v2\/product\/12190","targetHints":{"allow":["GET"]}}],"collection":[{"href":"https:\/\/ursus.ee\/en\/wp-json\/wp\/v2\/product"}],"about":[{"href":"https:\/\/ursus.ee\/en\/wp-json\/wp\/v2\/types\/product"}],"replies":[{"embeddable":true,"href":"https:\/\/ursus.ee\/en\/wp-json\/wp\/v2\/comments?post=12190"}],"wp:featuredmedia":[{"embeddable":true,"href":"https:\/\/ursus.ee\/en\/wp-json\/wp\/v2\/media\/12191"}],"wp:attachment":[{"href":"https:\/\/ursus.ee\/en\/wp-json\/wp\/v2\/media?parent=12190"}],"wp:term":[{"taxonomy":"product_brand","embeddable":true,"href":"https:\/\/ursus.ee\/en\/wp-json\/wp\/v2\/product_brand?post=12190"},{"taxonomy":"product_cat","embeddable":true,"href":"https:\/\/ursus.ee\/en\/wp-json\/wp\/v2\/product_cat?post=12190"},{"taxonomy":"product_tag","embeddable":true,"href":"https:\/\/ursus.ee\/en\/wp-json\/wp\/v2\/product_tag?post=12190"}],"curies":[{"name":"wp","href":"https:\/\/api.w.org\/{rel}","templated":true}]}}