{"id":12187,"date":"2025-12-16T18:17:38","date_gmt":"2025-12-16T16:17:38","guid":{"rendered":"https:\/\/ursus.ee\/toode\/digitaalne-koogikaal-page-profi-200-15kg-2\/"},"modified":"2026-03-27T16:15:08","modified_gmt":"2026-03-27T14:15:08","slug":"digitaalne-koogikaal-page-profi-200-15kg-2","status":"publish","type":"product","link":"https:\/\/ursus.ee\/en\/toode\/digitaalne-koogikaal-page-profi-200-15kg-2\/","title":{"rendered":"Digitaalne k\u00f6\u00f6gikaal Page Profi 200 15kg"},"content":{"rendered":"<p>Page Profi 200 on elegantse ja ajatu disainiga multifunktsionaalne k\u00f6\u00f6gikaal. Valmisatud k\u00f5rgekvaliteedilisest roostevabas terasest ning viimistletud kattega millele ei j\u00e4\u00e4 s\u00f5rmej\u00e4gi. Ruumi s\u00e4\u00e4stev, erakordselt madala disainiga. Kaalu jalad on kaetud spetiaalse libisemiskindla kattega, mis muudab selle kasutamise turvaliseks. K\u00f6\u00f6gikaalul kaalutava eseme maksimaalne kaal kuni 15kg. Puutetundlikud nupud, suur ja selgesti loetav displei. Suur kaaluplatvorm v\u00f5imaldab sellel kasutada ka suurem\u00f5\u00f5tmelisi ja raskeid k\u00f6\u00f6gin\u00f5usid. Kaalumist\u00e4psus 1 gramm. Taarafunktsioon, mis v\u00f5imaldab kaaluda erinevad koostisosad \u00fchte anumasse. Kaal on koheselt kasutusvalmis, patareid kuuluvad komplekti. K\u00f6\u00f6gikaal on varustatud praktilise riputuskonksuga, kasutamise j\u00e4rel riputa kaal ruumi s\u00e4\u00e4stmiseks. hung up on the wall, saving a great deal of space<\/p>\n","protected":false},"excerpt":{"rendered":"<p>Page Profi 200 on elegantse ja ajatu disainiga multifunktsionaalne k\u00f6\u00f6gikaal. Valmisatud k\u00f5rgekvaliteedilisest roostevabas terasest ning viimistletud kattega millele ei j\u00e4\u00e4 s\u00f5rmej\u00e4gi. Ruumi s\u00e4\u00e4stev, erakordselt madala disainiga. Kaalu jalad on kaetud spetiaalse libisemiskindla kattega, mis muudab selle kasutamise turvaliseks. K\u00f6\u00f6gikaalul kaalutava eseme maksimaalne kaal kuni 15kg. Puutetundlikud nupud, suur ja selgesti loetav displei. Suur kaaluplatvorm v\u00f5imaldab<\/p>\n","protected":false},"featured_media":14483,"comment_status":"closed","ping_status":"closed","template":"","meta":{"_acf_changed":false},"product_brand":[467],"product_cat":[405,471],"product_tag":[],"class_list":{"0":"post-12187","1":"product","2":"type-product","3":"status-publish","4":"has-post-thumbnail","6":"product_brand-soehnle","7":"product_cat-koogitarbed","8":"product_cat-koogikaalud","9":"pa_kogus-1-tk","10":"pa_paritolumaa-saksamaa","11":"pa_uhik-tk","13":"first","14":"instock","15":"purchasable","16":"product-type-simple"},"acf":[],"_links":{"self":[{"href":"https:\/\/ursus.ee\/en\/wp-json\/wp\/v2\/product\/12187","targetHints":{"allow":["GET"]}}],"collection":[{"href":"https:\/\/ursus.ee\/en\/wp-json\/wp\/v2\/product"}],"about":[{"href":"https:\/\/ursus.ee\/en\/wp-json\/wp\/v2\/types\/product"}],"replies":[{"embeddable":true,"href":"https:\/\/ursus.ee\/en\/wp-json\/wp\/v2\/comments?post=12187"}],"wp:featuredmedia":[{"embeddable":true,"href":"https:\/\/ursus.ee\/en\/wp-json\/wp\/v2\/media\/14483"}],"wp:attachment":[{"href":"https:\/\/ursus.ee\/en\/wp-json\/wp\/v2\/media?parent=12187"}],"wp:term":[{"taxonomy":"product_brand","embeddable":true,"href":"https:\/\/ursus.ee\/en\/wp-json\/wp\/v2\/product_brand?post=12187"},{"taxonomy":"product_cat","embeddable":true,"href":"https:\/\/ursus.ee\/en\/wp-json\/wp\/v2\/product_cat?post=12187"},{"taxonomy":"product_tag","embeddable":true,"href":"https:\/\/ursus.ee\/en\/wp-json\/wp\/v2\/product_tag?post=12187"}],"curies":[{"name":"wp","href":"https:\/\/api.w.org\/{rel}","templated":true}]}}