{"id":12178,"date":"2025-12-16T18:17:38","date_gmt":"2025-12-16T16:17:38","guid":{"rendered":"https:\/\/ursus.ee\/toode\/digitaalne-koogikaal-lusikas-2\/"},"modified":"2026-03-27T16:15:08","modified_gmt":"2026-03-27T14:15:08","slug":"digitaalne-koogikaal-lusikas-2","status":"publish","type":"product","link":"https:\/\/ursus.ee\/en\/toode\/digitaalne-koogikaal-lusikas-2\/","title":{"rendered":"Digitaalne k\u00f6\u00f6gikaal-lusikas"},"content":{"rendered":"<p>Digitaalne k\u00f6\u00f6gikaal Cooking Star<br \/>\n&#8211; Modernse disainiga lusikas-k\u00f6\u00f6gikaal, mis v\u00f5imaldab eriti t\u00e4pselt kaaluda \u00fcrte, maitseaineid.<br \/>\n&#8211; Kergesti loetav LCD ekraan<br \/>\n&#8211; Taarafunktsioon<br \/>\n&#8211; Max kandev\u00f5ime 500 g<br \/>\n&#8211; Kaalumist\u00e4psus 0,1 g<br \/>\n&#8211; Automaatne v\u00e4ljal\u00fclitus<\/p>\n","protected":false},"excerpt":{"rendered":"<p>Digitaalne k\u00f6\u00f6gikaal Cooking Star &#8211; Modernse disainiga lusikas-k\u00f6\u00f6gikaal, mis v\u00f5imaldab eriti t\u00e4pselt kaaluda \u00fcrte, maitseaineid. &#8211; Kergesti loetav LCD ekraan &#8211; Taarafunktsioon &#8211; Max kandev\u00f5ime 500 g &#8211; Kaalumist\u00e4psus 0,1 g &#8211; Automaatne v\u00e4ljal\u00fclitus<\/p>\n","protected":false},"featured_media":12179,"comment_status":"closed","ping_status":"open","template":"","meta":{"_acf_changed":false},"product_brand":[467],"product_cat":[405,471],"product_tag":[],"class_list":{"0":"post-12178","1":"product","2":"type-product","3":"status-publish","4":"has-post-thumbnail","6":"product_brand-soehnle","7":"product_cat-koogitarbed","8":"product_cat-koogikaalud","9":"pa_kogus-1-tk","10":"pa_paritolumaa-saksamaa","11":"pa_uhik-tk","13":"first","14":"instock","15":"purchasable","16":"product-type-simple"},"acf":[],"_links":{"self":[{"href":"https:\/\/ursus.ee\/en\/wp-json\/wp\/v2\/product\/12178","targetHints":{"allow":["GET"]}}],"collection":[{"href":"https:\/\/ursus.ee\/en\/wp-json\/wp\/v2\/product"}],"about":[{"href":"https:\/\/ursus.ee\/en\/wp-json\/wp\/v2\/types\/product"}],"replies":[{"embeddable":true,"href":"https:\/\/ursus.ee\/en\/wp-json\/wp\/v2\/comments?post=12178"}],"wp:featuredmedia":[{"embeddable":true,"href":"https:\/\/ursus.ee\/en\/wp-json\/wp\/v2\/media\/12179"}],"wp:attachment":[{"href":"https:\/\/ursus.ee\/en\/wp-json\/wp\/v2\/media?parent=12178"}],"wp:term":[{"taxonomy":"product_brand","embeddable":true,"href":"https:\/\/ursus.ee\/en\/wp-json\/wp\/v2\/product_brand?post=12178"},{"taxonomy":"product_cat","embeddable":true,"href":"https:\/\/ursus.ee\/en\/wp-json\/wp\/v2\/product_cat?post=12178"},{"taxonomy":"product_tag","embeddable":true,"href":"https:\/\/ursus.ee\/en\/wp-json\/wp\/v2\/product_tag?post=12178"}],"curies":[{"name":"wp","href":"https:\/\/api.w.org\/{rel}","templated":true}]}}