{"id":12175,"date":"2025-12-16T18:17:38","date_gmt":"2025-12-16T16:17:38","guid":{"rendered":"https:\/\/ursus.ee\/toode\/analuuskaal-shape-sense-connect-50-2\/"},"modified":"2026-03-27T16:27:22","modified_gmt":"2026-03-27T14:27:22","slug":"analuuskaal-shape-sense-connect-50-2","status":"publish","type":"product","link":"https:\/\/ursus.ee\/en\/toode\/analuuskaal-shape-sense-connect-50-2\/","title":{"rendered":"Anal\u00fc\u00fcskaal Shape Sense Connect 50"},"content":{"rendered":"<p>Kuvab keha kaalu, rasva-, lihasmassi-ja veesisasldust ning annab p\u00e4evase kaloraa\u017ei soovituse. Anal\u00fc\u00fcs teostaakse l\u00e4bi BIA t\u00e4pse anal\u00fc\u00fcsimeetodi. Arvutab kehamassiindeksi. \u00dchildub Soehnle Connect App\u00b4iga. Kuni 8 eelnevalt salvestatud kaalukasutaja automaatne \u00e4ratundmine. K\u00f5rgekvaliteediline turvaklaasist suure kaalumispinnaga platvorm. Madala disainiga. Automaatne sisse\/v\u00e4ljal\u00fclitus. Suur 3,5cm LCD ekraan, millelt numbrid on kergesti loetavad. V\u00e4ga ha p\u00fcsivusega, kompaktne ja mittelibiseva kattega jalased. Max kandev\u00f5ime 180kg, kaalumist\u00e4psus 100g. Kaasas pika elueag patareid kohesek kasutamiseks. 3-aastane garantii<\/p>\n","protected":false},"excerpt":{"rendered":"<p>Kuvab keha kaalu, rasva-, lihasmassi-ja veesisasldust ning annab p\u00e4evase kaloraa\u017ei soovituse. Anal\u00fc\u00fcs teostaakse l\u00e4bi BIA t\u00e4pse anal\u00fc\u00fcsimeetodi. Arvutab kehamassiindeksi. \u00dchildub Soehnle Connect App\u00b4iga. Kuni 8 eelnevalt salvestatud kaalukasutaja automaatne \u00e4ratundmine. K\u00f5rgekvaliteediline turvaklaasist suure kaalumispinnaga platvorm. Madala disainiga. Automaatne sisse\/v\u00e4ljal\u00fclitus. Suur 3,5cm LCD ekraan, millelt numbrid on kergesti loetavad. V\u00e4ga ha p\u00fcsivusega, kompaktne ja mittelibiseva kattega<\/p>\n","protected":false},"featured_media":12176,"comment_status":"closed","ping_status":"closed","template":"","meta":{"_acf_changed":false},"product_brand":[467],"product_cat":[244,518],"product_tag":[],"class_list":{"0":"post-12175","1":"product","2":"type-product","3":"status-publish","4":"has-post-thumbnail","6":"product_brand-soehnle","7":"product_cat-kehahooldus","8":"product_cat-tervisetooted","9":"pa_kogus-1-tk","10":"pa_paritolumaa-saksamaa","11":"pa_uhik-tk","13":"first","14":"instock","15":"purchasable","16":"product-type-simple"},"acf":[],"_links":{"self":[{"href":"https:\/\/ursus.ee\/en\/wp-json\/wp\/v2\/product\/12175","targetHints":{"allow":["GET"]}}],"collection":[{"href":"https:\/\/ursus.ee\/en\/wp-json\/wp\/v2\/product"}],"about":[{"href":"https:\/\/ursus.ee\/en\/wp-json\/wp\/v2\/types\/product"}],"replies":[{"embeddable":true,"href":"https:\/\/ursus.ee\/en\/wp-json\/wp\/v2\/comments?post=12175"}],"wp:featuredmedia":[{"embeddable":true,"href":"https:\/\/ursus.ee\/en\/wp-json\/wp\/v2\/media\/12176"}],"wp:attachment":[{"href":"https:\/\/ursus.ee\/en\/wp-json\/wp\/v2\/media?parent=12175"}],"wp:term":[{"taxonomy":"product_brand","embeddable":true,"href":"https:\/\/ursus.ee\/en\/wp-json\/wp\/v2\/product_brand?post=12175"},{"taxonomy":"product_cat","embeddable":true,"href":"https:\/\/ursus.ee\/en\/wp-json\/wp\/v2\/product_cat?post=12175"},{"taxonomy":"product_tag","embeddable":true,"href":"https:\/\/ursus.ee\/en\/wp-json\/wp\/v2\/product_tag?post=12175"}],"curies":[{"name":"wp","href":"https:\/\/api.w.org\/{rel}","templated":true}]}}