{"id":12172,"date":"2025-12-16T18:17:38","date_gmt":"2025-12-16T16:17:38","guid":{"rendered":"https:\/\/ursus.ee\/toode\/analuuskaal-shape-control-200-2\/"},"modified":"2026-03-27T16:27:22","modified_gmt":"2026-03-27T14:27:22","slug":"analuuskaal-shape-control-200-2","status":"publish","type":"product","link":"https:\/\/ursus.ee\/en\/toode\/analuuskaal-shape-control-200-2\/","title":{"rendered":"Anal\u00fc\u00fcskaal Shape Control 200"},"content":{"rendered":"<p>Madala disainiga digitaalne anal\u00fc\u00fcskaal, mis kuvab kehakaalu, veesisaldust ja lihasmassi. Lisaks annab ka p\u00e4evase soovitusliku kaloraa\u017ei. Salvestatab kuni 8 kasutaja andmed. Turvaklaasist platvorm. Automaatne sisse- ja v\u00e4ljal\u00fclitamine. Suurte numbritega LCD ekraan. Mittelibiseva kattega jalad hoiavad kaalu turvaliselt paigal ning ei lase paigalt libiseda. Maksimaalne kandev\u00f5ime 180 kg, kaalumist\u00e4psus 100 g. Lapselukuga patarei kaas. Komplekti kuuluvad patareid. M\u00f5\u00f5dud: 32&#215;32 cm. Toodetud Saksamaal.<\/p>\n","protected":false},"excerpt":{"rendered":"<p>Madala disainiga digitaalne anal\u00fc\u00fcskaal, mis kuvab kehakaalu, veesisaldust ja lihasmassi. Lisaks annab ka p\u00e4evase soovitusliku kaloraa\u017ei. Salvestatab kuni 8 kasutaja andmed. Turvaklaasist platvorm. Automaatne sisse- ja v\u00e4ljal\u00fclitamine. Suurte numbritega LCD ekraan. Mittelibiseva kattega jalad hoiavad kaalu turvaliselt paigal ning ei lase paigalt libiseda. Maksimaalne kandev\u00f5ime 180 kg, kaalumist\u00e4psus 100 g. Lapselukuga patarei kaas. Komplekti kuuluvad<\/p>\n","protected":false},"featured_media":12173,"comment_status":"closed","ping_status":"closed","template":"","meta":{"_acf_changed":false},"product_brand":[467],"product_cat":[244,518],"product_tag":[],"class_list":{"0":"post-12172","1":"product","2":"type-product","3":"status-publish","4":"has-post-thumbnail","6":"product_brand-soehnle","7":"product_cat-kehahooldus","8":"product_cat-tervisetooted","9":"pa_kogus-1-tk","10":"pa_paritolumaa-saksamaa","11":"pa_uhik-tk","13":"first","14":"instock","15":"purchasable","16":"product-type-simple"},"acf":[],"_links":{"self":[{"href":"https:\/\/ursus.ee\/en\/wp-json\/wp\/v2\/product\/12172","targetHints":{"allow":["GET"]}}],"collection":[{"href":"https:\/\/ursus.ee\/en\/wp-json\/wp\/v2\/product"}],"about":[{"href":"https:\/\/ursus.ee\/en\/wp-json\/wp\/v2\/types\/product"}],"replies":[{"embeddable":true,"href":"https:\/\/ursus.ee\/en\/wp-json\/wp\/v2\/comments?post=12172"}],"wp:featuredmedia":[{"embeddable":true,"href":"https:\/\/ursus.ee\/en\/wp-json\/wp\/v2\/media\/12173"}],"wp:attachment":[{"href":"https:\/\/ursus.ee\/en\/wp-json\/wp\/v2\/media?parent=12172"}],"wp:term":[{"taxonomy":"product_brand","embeddable":true,"href":"https:\/\/ursus.ee\/en\/wp-json\/wp\/v2\/product_brand?post=12172"},{"taxonomy":"product_cat","embeddable":true,"href":"https:\/\/ursus.ee\/en\/wp-json\/wp\/v2\/product_cat?post=12172"},{"taxonomy":"product_tag","embeddable":true,"href":"https:\/\/ursus.ee\/en\/wp-json\/wp\/v2\/product_tag?post=12172"}],"curies":[{"name":"wp","href":"https:\/\/api.w.org\/{rel}","templated":true}]}}