{"id":12169,"date":"2025-12-16T18:17:38","date_gmt":"2025-12-16T16:17:38","guid":{"rendered":"https:\/\/ursus.ee\/toode\/analuuskaal-shape-connect-100-2\/"},"modified":"2026-03-27T16:27:22","modified_gmt":"2026-03-27T14:27:22","slug":"analuuskaal-shape-connect-100-2","status":"publish","type":"product","link":"https:\/\/ursus.ee\/en\/toode\/analuuskaal-shape-connect-100-2\/","title":{"rendered":"Anal\u00fc\u00fcskaal Shape Connect 100"},"content":{"rendered":"<p>Anal\u00fc\u00fcskaal aitab teil j\u00f5uda teie ideaalkaaluni. Kuvab keha kaalu, rasva-, lihasmassi ja veesisaldust ning annab p\u00e4evase kaloraa\u017ei soovituse. Anal\u00fc\u00fcs teostatakse l\u00e4bi BIA t\u00e4pse anal\u00fc\u00fcsimeetodi. Kehamassiindeksi arvutamine. Kuni 8 eelnevalt salvestatud kasutaja automaatne \u00e4ratundmine. K\u00f5rgekvaliteediline turvaklaasist suure kaalumispinnaga platvorm (35&#215;35 cm). Automaatne sisse- ja v\u00e4ljal\u00fclitus. Kaal l\u00fclitab end ise v\u00e4lja, energiat s\u00e4\u00e4stev. Numbrid suurel 3,5 cm LCD ekraanil. Mittelibiseva kattega jalased. Maksimaalne kandev\u00f5ime 180 kg, kaalumist\u00e4psus 100 g. Pika kasutusajaga patarei kuulub komplekti. Bluetooth kaudu Soehnle Connect rakendusega \u00fchilduv. Rakenduse s\u00fcsteemi n\u00f5uded: Android \u2122: 4.4.4 \/ iOS\u00ae: iOS 9 \/ Bluetooth\u00ae: 4.0. Toode sobib kasutamiseks koos Soehnle FitConnect aktiivsusmonitoridega ja pulsiv\u00f6\u00f6ga<\/p>\n","protected":false},"excerpt":{"rendered":"<p>Anal\u00fc\u00fcskaal aitab teil j\u00f5uda teie ideaalkaaluni. Kuvab keha kaalu, rasva-, lihasmassi ja veesisaldust ning annab p\u00e4evase kaloraa\u017ei soovituse. Anal\u00fc\u00fcs teostatakse l\u00e4bi BIA t\u00e4pse anal\u00fc\u00fcsimeetodi. Kehamassiindeksi arvutamine. Kuni 8 eelnevalt salvestatud kasutaja automaatne \u00e4ratundmine. K\u00f5rgekvaliteediline turvaklaasist suure kaalumispinnaga platvorm (35&#215;35 cm). Automaatne sisse- ja v\u00e4ljal\u00fclitus. Kaal l\u00fclitab end ise v\u00e4lja, energiat s\u00e4\u00e4stev. Numbrid suurel 3,5 cm<\/p>\n","protected":false},"featured_media":12170,"comment_status":"closed","ping_status":"closed","template":"","meta":{"_acf_changed":false},"product_brand":[467],"product_cat":[244,518],"product_tag":[],"class_list":{"0":"post-12169","1":"product","2":"type-product","3":"status-publish","4":"has-post-thumbnail","6":"product_brand-soehnle","7":"product_cat-kehahooldus","8":"product_cat-tervisetooted","9":"pa_kogus-1-tk","10":"pa_paritolumaa-saksamaa","11":"pa_uhik-tk","13":"first","14":"instock","15":"purchasable","16":"product-type-simple"},"acf":[],"_links":{"self":[{"href":"https:\/\/ursus.ee\/en\/wp-json\/wp\/v2\/product\/12169","targetHints":{"allow":["GET"]}}],"collection":[{"href":"https:\/\/ursus.ee\/en\/wp-json\/wp\/v2\/product"}],"about":[{"href":"https:\/\/ursus.ee\/en\/wp-json\/wp\/v2\/types\/product"}],"replies":[{"embeddable":true,"href":"https:\/\/ursus.ee\/en\/wp-json\/wp\/v2\/comments?post=12169"}],"wp:featuredmedia":[{"embeddable":true,"href":"https:\/\/ursus.ee\/en\/wp-json\/wp\/v2\/media\/12170"}],"wp:attachment":[{"href":"https:\/\/ursus.ee\/en\/wp-json\/wp\/v2\/media?parent=12169"}],"wp:term":[{"taxonomy":"product_brand","embeddable":true,"href":"https:\/\/ursus.ee\/en\/wp-json\/wp\/v2\/product_brand?post=12169"},{"taxonomy":"product_cat","embeddable":true,"href":"https:\/\/ursus.ee\/en\/wp-json\/wp\/v2\/product_cat?post=12169"},{"taxonomy":"product_tag","embeddable":true,"href":"https:\/\/ursus.ee\/en\/wp-json\/wp\/v2\/product_tag?post=12169"}],"curies":[{"name":"wp","href":"https:\/\/api.w.org\/{rel}","templated":true}]}}