{"id":12163,"date":"2025-12-16T18:17:38","date_gmt":"2025-12-16T16:17:38","guid":{"rendered":"https:\/\/ursus.ee\/toode\/personaalkaal-style-sense-comfort-100-2\/"},"modified":"2026-03-27T16:27:22","modified_gmt":"2026-03-27T14:27:22","slug":"personaalkaal-style-sense-comfort-100-2","status":"publish","type":"product","link":"https:\/\/ursus.ee\/en\/toode\/personaalkaal-style-sense-comfort-100-2\/","title":{"rendered":"Personaalkaal Style Sense Comfort 100"},"content":{"rendered":"<p>Madala ja stiilse disainiga turvaklaasist platvormiga kaal. Automaatne energiat s\u00e4\u00e4stev sisse- ja v\u00e4ljal\u00fclitamine. Suurte numbritega LCD ekraan. Mittelibiseva kattega jalad. Maksimaalne kandev\u00f5ime 180 kg, kaalumist\u00e4psus 100 g. Lapselukuga patarei kaas. Patareid kuuluvad komplekti. Kaalu platvormi v\u00f5\u00f5dud 31x31cm. Toodetud Saksamaal.<\/p>\n","protected":false},"excerpt":{"rendered":"<p>Madala ja stiilse disainiga turvaklaasist platvormiga kaal. Automaatne energiat s\u00e4\u00e4stev sisse- ja v\u00e4ljal\u00fclitamine. Suurte numbritega LCD ekraan. Mittelibiseva kattega jalad. Maksimaalne kandev\u00f5ime 180 kg, kaalumist\u00e4psus 100 g. Lapselukuga patarei kaas. Patareid kuuluvad komplekti. Kaalu platvormi v\u00f5\u00f5dud 31x31cm. Toodetud Saksamaal.<\/p>\n","protected":false},"featured_media":12164,"comment_status":"closed","ping_status":"closed","template":"","meta":{"_acf_changed":false},"product_brand":[467],"product_cat":[244,518],"product_tag":[],"class_list":{"0":"post-12163","1":"product","2":"type-product","3":"status-publish","4":"has-post-thumbnail","6":"product_brand-soehnle","7":"product_cat-kehahooldus","8":"product_cat-tervisetooted","9":"pa_kogus-1-tk","10":"pa_paritolumaa-saksamaa","11":"pa_uhik-tk","13":"first","14":"instock","15":"purchasable","16":"product-type-simple"},"acf":[],"_links":{"self":[{"href":"https:\/\/ursus.ee\/en\/wp-json\/wp\/v2\/product\/12163","targetHints":{"allow":["GET"]}}],"collection":[{"href":"https:\/\/ursus.ee\/en\/wp-json\/wp\/v2\/product"}],"about":[{"href":"https:\/\/ursus.ee\/en\/wp-json\/wp\/v2\/types\/product"}],"replies":[{"embeddable":true,"href":"https:\/\/ursus.ee\/en\/wp-json\/wp\/v2\/comments?post=12163"}],"wp:featuredmedia":[{"embeddable":true,"href":"https:\/\/ursus.ee\/en\/wp-json\/wp\/v2\/media\/12164"}],"wp:attachment":[{"href":"https:\/\/ursus.ee\/en\/wp-json\/wp\/v2\/media?parent=12163"}],"wp:term":[{"taxonomy":"product_brand","embeddable":true,"href":"https:\/\/ursus.ee\/en\/wp-json\/wp\/v2\/product_brand?post=12163"},{"taxonomy":"product_cat","embeddable":true,"href":"https:\/\/ursus.ee\/en\/wp-json\/wp\/v2\/product_cat?post=12163"},{"taxonomy":"product_tag","embeddable":true,"href":"https:\/\/ursus.ee\/en\/wp-json\/wp\/v2\/product_tag?post=12163"}],"curies":[{"name":"wp","href":"https:\/\/api.w.org\/{rel}","templated":true}]}}