{"id":12161,"date":"2025-12-16T18:17:38","date_gmt":"2025-12-16T16:17:38","guid":{"rendered":"https:\/\/ursus.ee\/toode\/pagasikaal-travel-2\/"},"modified":"2026-03-27T16:27:23","modified_gmt":"2026-03-27T14:27:23","slug":"pagasikaal-travel-2","status":"publish","type":"product","link":"https:\/\/ursus.ee\/en\/toode\/pagasikaal-travel-2\/","title":{"rendered":"Pagasikaal Travel"},"content":{"rendered":"<p>Digitaalne pagasikaal Travel<br \/>\n&#8211; K\u00e4ep\u00e4rane ja kompaktne disain<br \/>\n&#8211; Kergesti loetav LCD ekraan<br \/>\n&#8211; Lihtne ja mugav k\u00e4sitleda<br \/>\n&#8211; Maksimumkaal 50 kg<br \/>\n&#8211; Kaalumist\u00e4psus 100 g<br \/>\n&#8211; Metallkonksuga varustatud vastupidav kaalumisrihm<\/p>\n","protected":false},"excerpt":{"rendered":"<p>Digitaalne pagasikaal Travel &#8211; K\u00e4ep\u00e4rane ja kompaktne disain &#8211; Kergesti loetav LCD ekraan &#8211; Lihtne ja mugav k\u00e4sitleda &#8211; Maksimumkaal 50 kg &#8211; Kaalumist\u00e4psus 100 g &#8211; Metallkonksuga varustatud vastupidav kaalumisrihm<\/p>\n","protected":false},"featured_media":12162,"comment_status":"closed","ping_status":"closed","template":"","meta":{"_acf_changed":false},"product_brand":[467],"product_cat":[244,518],"product_tag":[],"class_list":{"0":"post-12161","1":"product","2":"type-product","3":"status-publish","4":"has-post-thumbnail","6":"product_brand-soehnle","7":"product_cat-kehahooldus","8":"product_cat-tervisetooted","9":"pa_kogus-1-tk","10":"pa_paritolumaa-saksamaa","11":"pa_uhik-tk","13":"first","14":"instock","15":"purchasable","16":"product-type-simple"},"acf":[],"_links":{"self":[{"href":"https:\/\/ursus.ee\/en\/wp-json\/wp\/v2\/product\/12161","targetHints":{"allow":["GET"]}}],"collection":[{"href":"https:\/\/ursus.ee\/en\/wp-json\/wp\/v2\/product"}],"about":[{"href":"https:\/\/ursus.ee\/en\/wp-json\/wp\/v2\/types\/product"}],"replies":[{"embeddable":true,"href":"https:\/\/ursus.ee\/en\/wp-json\/wp\/v2\/comments?post=12161"}],"wp:featuredmedia":[{"embeddable":true,"href":"https:\/\/ursus.ee\/en\/wp-json\/wp\/v2\/media\/12162"}],"wp:attachment":[{"href":"https:\/\/ursus.ee\/en\/wp-json\/wp\/v2\/media?parent=12161"}],"wp:term":[{"taxonomy":"product_brand","embeddable":true,"href":"https:\/\/ursus.ee\/en\/wp-json\/wp\/v2\/product_brand?post=12161"},{"taxonomy":"product_cat","embeddable":true,"href":"https:\/\/ursus.ee\/en\/wp-json\/wp\/v2\/product_cat?post=12161"},{"taxonomy":"product_tag","embeddable":true,"href":"https:\/\/ursus.ee\/en\/wp-json\/wp\/v2\/product_tag?post=12161"}],"curies":[{"name":"wp","href":"https:\/\/api.w.org\/{rel}","templated":true}]}}